{"id":98,"date":"2012-04-27T16:07:15","date_gmt":"2012-04-27T16:07:15","guid":{"rendered":"http:\/\/www.anartchy.com\/urbanscript\/?page_id=98"},"modified":"2012-06-01T11:20:25","modified_gmt":"2012-06-01T11:20:25","slug":"definitionskampfe-um-street-art-am-beispiel-von-schablonengraffiti","status":"publish","type":"page","link":"https:\/\/www.anartchy.com\/urbanscript\/2012-2\/the-scientific-lessons\/definitionskampfe-um-street-art-am-beispiel-von-schablonengraffiti\/","title":{"rendered":"Definitionsk\u00e4mpfe um Street Art am Beispiel von Schablonengraffiti"},"content":{"rendered":"<p>Der Vortrag gibt einen Einblick in die Erkenntnisse aus einer Tagung zu Writing und Street Art in Leipzig. In diesem Zusammenhang hat sich beispielsweise gezeigt, dass es vielf\u00e4ltigen und kontr\u00e4re Definitionsversuche von Street Art gibt. Die Tagung konnte diese Vielfalt weder aufl\u00f6sen noch nachvollziehbar integrieren. Am Beispiel von Schablonengraffiti unternehme ich zumindest einen Strukturierungsversuch und veranschauliche, was sich \u00fcber Street Art anhand von Schablonengraffiti und ihre Macher sagen l\u00e4sst.<\/p>\n<p>Start des Vortrags &#8211; 18 Uhr<\/p>\n<p>Spendenbeitrag : \u00a02\u20ac erm\u00e4ssigt \/ 5\u20ac normal<\/p>\n","protected":false},"excerpt":{"rendered":"<p>Der Vortrag gibt einen Einblick in die Erkenntnisse aus einer Tagung zu Writing und Street Art in Leipzig. In diesem &hellip; <\/p>\n","protected":false},"author":2,"featured_media":0,"parent":53,"menu_order":0,"comment_status":"open","ping_status":"open","template":"","meta":{"_acf_changed":false,"footnotes":""},"categories":[5],"class_list":["post-98","page","type-page","status-publish","hentry","category-vortraege"],"acf":[],"_links":{"self":[{"href":"https:\/\/www.anartchy.com\/urbanscript\/wp-json\/wp\/v2\/pages\/98","targetHints":{"allow":["GET"]}}],"collection":[{"href":"https:\/\/www.anartchy.com\/urbanscript\/wp-json\/wp\/v2\/pages"}],"about":[{"href":"https:\/\/www.anartchy.com\/urbanscript\/wp-json\/wp\/v2\/types\/page"}],"author":[{"embeddable":true,"href":"https:\/\/www.anartchy.com\/urbanscript\/wp-json\/wp\/v2\/users\/2"}],"replies":[{"embeddable":true,"href":"https:\/\/www.anartchy.com\/urbanscript\/wp-json\/wp\/v2\/comments?post=98"}],"version-history":[{"count":4,"href":"https:\/\/www.anartchy.com\/urbanscript\/wp-json\/wp\/v2\/pages\/98\/revisions"}],"predecessor-version":[{"id":101,"href":"https:\/\/www.anartchy.com\/urbanscript\/wp-json\/wp\/v2\/pages\/98\/revisions\/101"}],"up":[{"embeddable":true,"href":"https:\/\/www.anartchy.com\/urbanscript\/wp-json\/wp\/v2\/pages\/53"}],"wp:attachment":[{"href":"https:\/\/www.anartchy.com\/urbanscript\/wp-json\/wp\/v2\/media?parent=98"}],"wp:term":[{"taxonomy":"category","embeddable":true,"href":"https:\/\/www.anartchy.com\/urbanscript\/wp-json\/wp\/v2\/categories?post=98"}],"curies":[{"name":"wp","href":"https:\/\/api.w.org\/{rel}","templated":true}]}}