{"id":963,"date":"2014-01-29T10:05:13","date_gmt":"2014-01-29T10:05:13","guid":{"rendered":"http:\/\/www.anartchy.com\/urbanscript\/?page_id=963"},"modified":"2014-01-29T10:34:51","modified_gmt":"2014-01-29T10:34:51","slug":"about-the-nightshift","status":"publish","type":"page","link":"https:\/\/www.anartchy.com\/urbanscript\/2010-2\/about-the-nightshift\/","title":{"rendered":"about the nightshift"},"content":{"rendered":"<p><strong>6 internationale Positionen junger Kunst zur Zugmalerei <\/strong><br \/>\nein Ausstellungsprojekt von Jens Besser<\/p>\n<p>Urban script continues behandelt seit 2006 kontinuierlich unterschiedliche Felder der Street Art. 2010 f\u00e4llt der Fokus auf Zugmalerei und besonders deren Reflexion in der Kunstwelt.<\/p>\n<p>&#8222;About the nightshift&#8220; ,zu deutsch &#8222;\u00fcber die Nachtschicht&#8220;, gibt ungewohnte Einblicke in die Welt der Zugmaler. Die Eingeladenen K\u00fcnstler haben sich nicht nur auf unterschiedliche Weise mit der Thematik Zugmalerei besch\u00e4ftigt, sondern pflegen einen regen Kontakt zur Szene. Diese Kontakte zur Szene sind selten , da die Zugmaler regelm\u00e4ssig in den Untergrund abtauchen.<\/p>\n<p>Nils M\u00fcller, Fotograf mit Wohnsitz in K\u00f6ln, begleitet seit vielen Jahren Zugmaler bei ihrer Aktivit\u00e4t Tag und Nacht. 2009 ver\u00f6ffentlichte er ein Gro\u00dfteil seiner Fotografien im Buch &#8222;Bl\u00fctezeit&#8220;.<br \/>\n&#8222;Van Laak&#8220; verarbeitet in seinen Installationen Fotodokumente und Utensilien von Zugkunst die auf vergangene Taten hinweisen. Dabei stellt er Szenarien nach, die aus dem Leben eines Zugmalers stammen k\u00f6nnten. Die Kanadier Labrona und Other sind selbst aktive Zugmaler. Im Gegensatz zur europ\u00e4ischen Zugmalerei, welche auf Personenz\u00fcgen stattfindet, Zeichnen Labrona und Other auf G\u00fcterz\u00fcgen mit \u00d6lkreiden. Aris aus Viareggo erg\u00e4nzt den Part der G\u00fcterzugmaler als europ\u00e4ische Position.<br \/>\nJens Besser zeigt Zeichnungen und Plakate aus der Serie &#8222;just another nightshift&#8220;. Einen Monat lang begleitete er Shlomo Faber, ein zur\u00fcckgezogen lebender Zugmaler , der schon vor dem StreetArt &#8211; Hype Zugmalerei in einem Non-Writing-Kontext durchf\u00fchrte.<\/p>\n<p>Die Ausstellung wird begleitet von F\u00fchrungen und einem Vortrag.Den Abschluss bildet eine Videoperformance von Syru (Leipzig).<\/p>\n<p>Zur Ausstellung erscheint ein Katalog (Anmk.leider ausverkauft).<\/p>\n<p><strong>beteiligte K\u00fcnstler:<\/strong><\/p>\n<p><a href=\"http:\/\/www.aix-pb.com\/\" target=\"_blank\">Aris<\/a> (Viareggio\/ I )<br \/>\n<a href=\"http:\/\/jensbesser.blogspot.com\/\" target=\"_blank\">Jens Besser<\/a> (Dresden\/ D )<br \/>\n<a href=\"http:\/\/www.flickr.com\/photos\/labrona\/\" target=\"_blank\">Labrona<\/a> (Montreal\/ CAN )<br \/>\n<a href=\"http:\/\/www.nilsmuellerphotography.com\/\" target=\"_blank\">Nils M\u00fcller<\/a> (K\u00f6ln\/ D )<br \/>\n<a href=\"http:\/\/www.flickr.com\/photos\/other\" target=\"_blank\">Other<\/a> (Montreal\/ CAN )<br \/>\n<a href=\"http:\/\/van-laak.blogspot.com\/\" target=\"_blank\">Van Laak<\/a> ( D )<\/p>\n<p><em>Ausstellungser\u00f6ffnung<\/em> mit Musik von solar sound network &#8211; Eintritt frei ! Freitag 11.6. &#8211; 20 uhr<\/p>\n<p><em>\u00d6ffnungszeiten der Ausstellung <\/em><br \/>\nMittwoch &#8211; Freitag 16-20 Uhr Samstag 14-18 uhr<br \/>\nEintritt: 3\u20ac erm\u00e4\u00dfigt 2\u20ac<\/p>\n<p><em>Finisage<\/em> mit live Visualisierung von Syru (Leipzig) Sonntag 11.7. &#8211; 20 Uhr<\/p>\n<p><strong>Bilder der Er\u00f6ffnung in KOLONI<\/strong><\/p>\n<p><img decoding=\"async\" alt=\"\" src=\"https:\/\/www.anartchy.com\/urbanscript\/wp-content\/uploads\/opening.jpg\" width=\"675\" \/><br \/>\nAusstellungser\u00f6ffnung<\/p>\n<p><img decoding=\"async\" alt=\"\" src=\"https:\/\/www.anartchy.com\/urbanscript\/wp-content\/uploads\/opening4.jpg\" width=\"675\" \/><br \/>\nOther aus Canada bei der Arbeit auf &#8222;public canvas&#8220;<\/p>\n<p><img decoding=\"async\" alt=\"\" src=\"https:\/\/www.anartchy.com\/urbanscript\/wp-content\/uploads\/opening3.jpg\" width=\"675\" \/><br \/>\nAris an der Aussenwand von KOLONI<\/p>\n<p><img decoding=\"async\" alt=\"\" src=\"https:\/\/www.anartchy.com\/urbanscript\/wp-content\/uploads\/opening5.jpg\" width=\"675\" \/><br \/>\nMedieninstallation von Van Laak<\/p>\n","protected":false},"excerpt":{"rendered":"<p>6 internationale Positionen junger Kunst zur Zugmalerei &#8211; ein Ausstellungsprojekt von Jens Besser<\/p>\n","protected":false},"author":2,"featured_media":0,"parent":10,"menu_order":-100,"comment_status":"open","ping_status":"open","template":"","meta":{"_acf_changed":false,"footnotes":""},"categories":[14],"class_list":["post-963","page","type-page","status-publish","hentry","category-projekte"],"acf":[],"_links":{"self":[{"href":"https:\/\/www.anartchy.com\/urbanscript\/wp-json\/wp\/v2\/pages\/963","targetHints":{"allow":["GET"]}}],"collection":[{"href":"https:\/\/www.anartchy.com\/urbanscript\/wp-json\/wp\/v2\/pages"}],"about":[{"href":"https:\/\/www.anartchy.com\/urbanscript\/wp-json\/wp\/v2\/types\/page"}],"author":[{"embeddable":true,"href":"https:\/\/www.anartchy.com\/urbanscript\/wp-json\/wp\/v2\/users\/2"}],"replies":[{"embeddable":true,"href":"https:\/\/www.anartchy.com\/urbanscript\/wp-json\/wp\/v2\/comments?post=963"}],"version-history":[{"count":9,"href":"https:\/\/www.anartchy.com\/urbanscript\/wp-json\/wp\/v2\/pages\/963\/revisions"}],"predecessor-version":[{"id":979,"href":"https:\/\/www.anartchy.com\/urbanscript\/wp-json\/wp\/v2\/pages\/963\/revisions\/979"}],"up":[{"embeddable":true,"href":"https:\/\/www.anartchy.com\/urbanscript\/wp-json\/wp\/v2\/pages\/10"}],"wp:attachment":[{"href":"https:\/\/www.anartchy.com\/urbanscript\/wp-json\/wp\/v2\/media?parent=963"}],"wp:term":[{"taxonomy":"category","embeddable":true,"href":"https:\/\/www.anartchy.com\/urbanscript\/wp-json\/wp\/v2\/categories?post=963"}],"curies":[{"name":"wp","href":"https:\/\/api.w.org\/{rel}","templated":true}]}}