{"id":794,"date":"2014-01-20T15:03:35","date_gmt":"2014-01-20T15:03:35","guid":{"rendered":"http:\/\/www.anartchy.com\/urbanscript\/?page_id=794"},"modified":"2014-01-27T16:58:27","modified_gmt":"2014-01-27T16:58:27","slug":"lak-aan-braak","status":"publish","type":"page","link":"https:\/\/www.anartchy.com\/urbanscript\/2011-2\/lak-aan-braak\/","title":{"rendered":"Lak Aan Braak"},"content":{"rendered":"<p>2010 wurde Jens Besser von Robert Kaltenh\u00e4user vorgeschlagen in Heerlen\/Niederlande ein Muralprojekt zu initieren. 2011 Besser f\u00fchrte in Kooperation mit <a href=\"http:\/\/www.kunstencentrumsigne.nl\/expositie.aspx?id=138\" target=\"_blank\">kunstencentrumSigne<\/a> (kurz KuS) dieses Projekt durch. &#8222;Lak Aan Braak&#8220; sollte vor allem ausloten, wieviel Potential die &#8222;urban city&#8220; Heerlen f\u00fcr zeitgen\u00f6ssiche Wandbilder hat. Es wurde begonnen auf den wenigen vorhandenen Brachen sichtbare Wandbilder zu malen &#8211; <strong>mit<\/strong> und <strong>ohne<\/strong> Genehmigung. Dadurch kam es zu umfangreichen Diskussionen und die Presse berichtet ausf\u00fchrlich und regelm\u00e4ssig \u00fcber den gesamten Projektzeitraum. Noch im selben Jahr fand in Heerlen<a href=\"http:\/\/www.skor.nl\/nl\/activiteiten\/item\/loko11-programma\" target=\"_blank\"> LOKO11 <\/a>statt &#8211; ein holl\u00e4ndisches Symposium zu Kunst im \u00f6ffentlichen Raum. Dort hebte nochmals der B\u00fcrgermeister der Stadt Heerlen das Projekt umfangreich vor als eine sehr erfolgreiche Initiative seiner Stadt f\u00fcr zeitgen\u00f6ssische Kunst im \u00f6ffentlichen Raum.<\/p>\n<p>Ein Karte aller Werke ist zu finden auf <a href=\"https:\/\/maps.google.de\/maps\/ms?msa=0&amp;msid=202108007607492018643.0004a2482b4cb344f2e09\" target=\"_blank\">google.maps<\/a>.<\/p>\n<p><strong><em>Zum Projekt wurden folgende K\u00fcnstler eingeladen<\/em>:<\/strong><br \/>\nBenuz &#8211; Oaxaca\/Mexico<br \/>\nJens Besser &#8211; Dresden\/Deutschland<br \/>\nECB Hendrik Beikirch &#8211; Koblenz\/DDeutschland<br \/>\nGigo &#8211; Essen\/Deutschland<br \/>\nMark Goss &#8211; Antwerpen\/Belgien<br \/>\nLastplak collective &#8211; Rotterdam\/Niederlande<br \/>\nKain Logos &#8211; Dresden\/Deutschland<br \/>\nMean Marek &#8211; Dortmund\/Deutschland<br \/>\nNektar &#8211; Essen\/Deutschland<br \/>\nResto &#8211; Gent\/Belgien<br \/>\nRoa &#8211; Gent\/Belgien<br \/>\nSkount SR &#8211; Amsterdam\/Ciudad Real(Spanien)<br \/>\nVagabundos &#8211; Antwerpen \/Belgien<br \/>\nEl Neoray &#8211; Antwerpen\/Belgien<br \/>\nMarie van Vollenhoven &#8211; Maastricht\/Niederlande<\/p>\n<p>Begleitend wurde in den R\u00e4umen von Kunstenscentrum Signe eine dokumentartische Ausstellung regelm\u00e4ssig aktualisiert um die Entwicklungen auch nachvollziehbar zu dokumentieren. Der Ausstellungsraum war zudem Ausgangspunkt f\u00fcr Radtouren zu den entstanden Wandbildern, die Jens Besser durchf\u00fchrte.Als Rahmenprogramm gab es Vortr\u00e4ge von <a href=\"http:\/\/www.farbfieber.de\/\" target=\"_blank\">Klaus Klinger <\/a> , Lene Ter Haar und <a href=\"http:\/\/jensbesser.blogspot.de\/\" target=\"_blank\">Jens Besser<\/a>.<\/p>\n<p><img decoding=\"async\" alt=\"\" src=\"https:\/\/www.anartchy.com\/urbanscript\/wp-content\/uploads\/ausstellungsansicht_01.jpg\" width=\"600\" \/><br \/>\n<em>Ausstellungsansicht Lak Aan Braak in KuS<\/em><\/p>\n<p><img decoding=\"async\" alt=\"\" src=\"https:\/\/www.anartchy.com\/urbanscript\/wp-content\/uploads\/ready_made.jpg\" width=\"600\" \/><br \/>\n<em>von Jens Besser geleitete Fahrradtour, &#8222;ready made&#8220; im Hintergrund<\/em><\/p>\n<p><strong>short english summary<\/strong><\/p>\n<p>&#8211; a mural project focusing on artists from the benelux area and areas nearby<br \/>\n&#8211; murals in abandoned buildings, temporary interventions and unauthorized actions<br \/>\n&#8211; in a periphery situated shrinking city<\/p>\n<p>in cooperation with<\/p>\n<p><a href=\"http:\/\/www.kunstencentrumsigne.nl\/expositie.aspx?id=138\" target=\"_blank\">kunstencentrumSigne<\/a> (Heerlen)<\/p>\n<p>participating artists<\/p>\n<p>Benuz \/ Oaxaca (Mexico)<br \/>\nJens Besser \/ Dresden (Germany)<br \/>\nECB Hendrik Beikirch \/ Koblenz (Germany)<br \/>\nGigo \/ Essen (Germany)<br \/>\nMark Goss \/ Antwerp (Belgium)<br \/>\nLastplak Collective \/ Rotterdam (Netherlands)<br \/>\nKain Logos \/ Dresden (Germany)<br \/>\nMean Marek \/ Dortmund (Germany)<br \/>\nNektar \/ Essen (Germany)<br \/>\nResto \/ Ghent (Belgium)<br \/>\nRoa \/ Ghent (Belgium)<br \/>\nSkount SR \/ Amsterdam(Netherlands)\/Ciudad Real(Spain)<br \/>\nVagabundos \/ Antwerp (Belgium)<br \/>\nEl Neoray \/ Antwerp (Belgium)<br \/>\nMarie van Vollenhoven \/ Maastricht (Netherlands)<br \/>\nDave de Leeuw \/ Maastricht (Netherlands)<\/p>\n<p>speaker<\/p>\n<p>Lene ter Haar \/ Maastricht (Netherlands)<br \/>\nKlaus Klinger \/ D\u00fcsseldorf (Germany)<br \/>\nJens Besser \/ Dresden (Germany)<\/p>\n","protected":false},"excerpt":{"rendered":"<p>2010 wurde Jens Besser von Robert Kaltenh\u00e4user vorgeschlagen in Heerlen\/Niederlande ein Muralprojekt zu initieren. 2011 Besser f\u00fchrte in Kooperation mit &hellip; <\/p>\n","protected":false},"author":2,"featured_media":0,"parent":12,"menu_order":0,"comment_status":"open","ping_status":"open","template":"","meta":{"_acf_changed":false,"footnotes":""},"categories":[1,14],"class_list":["post-794","page","type-page","status-publish","hentry","category-ausstellungen","category-projekte"],"acf":[],"_links":{"self":[{"href":"https:\/\/www.anartchy.com\/urbanscript\/wp-json\/wp\/v2\/pages\/794","targetHints":{"allow":["GET"]}}],"collection":[{"href":"https:\/\/www.anartchy.com\/urbanscript\/wp-json\/wp\/v2\/pages"}],"about":[{"href":"https:\/\/www.anartchy.com\/urbanscript\/wp-json\/wp\/v2\/types\/page"}],"author":[{"embeddable":true,"href":"https:\/\/www.anartchy.com\/urbanscript\/wp-json\/wp\/v2\/users\/2"}],"replies":[{"embeddable":true,"href":"https:\/\/www.anartchy.com\/urbanscript\/wp-json\/wp\/v2\/comments?post=794"}],"version-history":[{"count":23,"href":"https:\/\/www.anartchy.com\/urbanscript\/wp-json\/wp\/v2\/pages\/794\/revisions"}],"predecessor-version":[{"id":928,"href":"https:\/\/www.anartchy.com\/urbanscript\/wp-json\/wp\/v2\/pages\/794\/revisions\/928"}],"up":[{"embeddable":true,"href":"https:\/\/www.anartchy.com\/urbanscript\/wp-json\/wp\/v2\/pages\/12"}],"wp:attachment":[{"href":"https:\/\/www.anartchy.com\/urbanscript\/wp-json\/wp\/v2\/media?parent=794"}],"wp:term":[{"taxonomy":"category","embeddable":true,"href":"https:\/\/www.anartchy.com\/urbanscript\/wp-json\/wp\/v2\/categories?post=794"}],"curies":[{"name":"wp","href":"https:\/\/api.w.org\/{rel}","templated":true}]}}