{"id":744,"date":"2014-01-18T17:16:38","date_gmt":"2014-01-18T17:16:38","guid":{"rendered":"http:\/\/www.anartchy.com\/urbanscript\/?page_id=744"},"modified":"2014-01-31T20:11:14","modified_gmt":"2014-01-31T20:11:14","slug":"urban-script-2006","status":"publish","type":"page","link":"https:\/\/www.anartchy.com\/urbanscript\/2006-2\/urban-script-2006\/","title":{"rendered":"urban script &#8211; dresdener streetartwoche"},"content":{"rendered":"<p>In den Kellerr\u00e4umen des &#8222;Picknick&#8220; fand 2004 die erste Gruppenausstellung von Dresdner Street Artists statt. &#8222;<em><strong>Farbtontage<\/strong><\/em>&#8222;stellte jedoch keine Fotos von Arbeiten im \u00f6ffentlichen Raum aus, sondern Wandmalereien und Collagen der K\u00fcnstler.<\/p>\n<p>Die Dokumentation im Rahmen von &#8222;Urban Script&#8220; zeigte Fotodokumente in Verbindung mit den Arbeiten der Street Artists. Es wurden vorwiegend Fotos von Amateurfotografen ausgestellt, um die unterschiedlichen Sichtweisen auf die Strassenarbeiten der K\u00fcnstler zu zeigen. Fotos konnten von anonymen Rezipienten zugesandt werden.<\/p>\n<p>Zudem gab es Interviews mit den Aktivisten zu lesen. Die Interviews sollten Aufschluss \u00fcber die unterschiedlichen Motivation der K\u00fcnstler geben, sowohl in Verbindung zu ihren Arbeiten im \u00f6ffentlichen Raum als auch mit der Gruppenausstellung von 2004.<\/p>\n<p><img decoding=\"async\" alt=\"\" src=\"https:\/\/www.anartchy.com\/urbanscript\/wp-content\/uploads\/Farbtontage.jpg\" width=\"660\" \/><br \/>\n<em>Blick in einen Kellerraum der &#8222;Farbtontage&#8220; kombiniert mit dem Interview des Street Artists (bbstepho)<\/em><\/p>\n<p>Die Er\u00f6ffnung der Dokumentation fand am 3. Juli 20.00 Uhr mit Musik von Phonocake statt, und war t\u00e4glich ge\u00f6ffnet von 15.00 bis 20.00 Uhr.<\/p>\n<p><em>Folgend der Ank\u00fcndigungstext von 2006 <\/em><\/p>\n<p>In den letzten Jahren sind unz\u00e4hlige Fotodokumentationen \u00fcber Street Art ver\u00f6ffentlicht worden. Viele B\u00fccher entstanden als reine Bildb\u00e4nde.<\/p>\n<p>Es scheint, als h\u00e4tte es bislang nur eine visuelle Auseinandersetzung mit Medium Street Art stattgefunden. Mit &#8222;<strong><em><a href=\"http:\/\/shop.jugendkulturen.de\/publikationen-des-archivs\/43-street-art.html\" target=\"_blank\">Street Art &#8211; Die Stadt als Spielplatz<\/a><\/em><\/strong>&#8220; ist Anfang 2006 eine der ersten Dokumentationen ver\u00f6ffentlicht, die auch eine theoretische Auseinandersetzung mit dem Thema sucht. Im Internet findet man zudem immer h\u00e4ufiger Texte, die sich mit dem Thema befassten.<\/p>\n<p>Studenten aus verschiedenen Richtungen befassen sich in den letzten Jahren mit Street Art, jedoch kommt es zu selten zu entsprechenden Ver\u00f6ffentlichungen.<\/p>\n<p>Daher entstand die Idee eine Vortragsreihe zu realisieren , bei der Street Art in verschiedenen Kontexten thematisiert wird.<\/p>\n<p>Neben Theoretikern sollen auch die Aktivisten selbst zu Wort kommen.<\/p>\n<p>beteiligte K\u00fcnstler &amp; Referenten :<\/p>\n<p>Thomas Northoff \/ Wien<br \/>\nHeike Derwanz \/ Hamburg<br \/>\nRoland C. Br\u00fcckner aka Linda&#8217;s Ex \/ Berlin<br \/>\nMichael Lehmann \/ Dresden<br \/>\nAntje Meichsner \/ Dresden<br \/>\nStephan Herrmann aka bbstepho \/ Dresden<br \/>\nMadMar \/ Dresden<br \/>\nJens Besser \/ Dresden<\/p>\n<p><strong>Vortr\u00e4ge<\/strong><\/p>\n<p><img decoding=\"async\" alt=\"Michael Lehmann bei urban script 2006\" src=\"https:\/\/www.anartchy.com\/urbanscript\/wp-content\/uploads\/2_michael.jpg\" width=\"660\" \/><br \/>\n5. Juli \/ 18.00 Uhr \/ Michael Lehmann (Dresden): Ver\u00e4nderung des st\u00e4dtischen Raumes durch Urban Art<br \/>\nMichael Lehmann war Student an der TU Dresden im Bereich Soziologie und schrieb seine Diplomarbeit in Verbindung mit Street Art.<\/p>\n<p><img decoding=\"async\" alt=\"Heike Derwanz bei urban script 2006\" src=\"https:\/\/www.anartchy.com\/urbanscript\/wp-content\/uploads\/3_heike.jpg\" width=\"660\" \/><br \/>\n5. Juli \/ 19.00 Uhr \/ Heike Derwanz (Bremen): El gris es aburrido. Das war Street Art in Barcelona<br \/>\nHeike Derwanz studierte in Bremen und setzte sich besonders intensiv mit der Street Art Szene in Barcelona auseinander. 2013 erschien die langj\u00e4hrig geplante Dissertation Publikation &#8222;<a href=\"http:\/\/www.transcript-verlag.de\/ts2423\/ts2423.php\" target=\"_blank\">Street Art Karrieren<\/a>&#8220; beim transcript Verlag<\/p>\n<p><img decoding=\"async\" alt=\"Antje Meichsner bei urban script 2006\" src=\"https:\/\/www.anartchy.com\/urbanscript\/wp-content\/uploads\/4_antje.jpg\" width=\"660\" \/><br \/>\n6. Juli \/ 17.00 Uhr \/ Antje Meichsner (Dresden): street art &#8211; Ann\u00e4herung an einen erweiterten Kunstbegriff<br \/>\nAntje Meichsner studierte Kunstgeschichte an der TU Dresden.<\/p>\n<p><img decoding=\"async\" alt=\"Thomas Northoff bei urban script 2006\" src=\"https:\/\/www.anartchy.com\/urbanscript\/wp-content\/uploads\/5th_northoff.jpg\" width=\"660\" \/><br \/>\n6. Juli \/ 18.00 Uhr \/ T.Northoff (Wien): Bild\/Text-Traditionen und Signaturen in der Street Art am Beispiel von Banksy<br \/>\nT.Northoff ist Graffitiforscher und Schriftsteller.Er organisierte mehrere Graffitisymposium in \u00d6sterreich und stellte damit erstmals in Wien einem breitern Publikum die Thematik der Graffitiforschung vor , trotz der Graffitifeindlichen Einstellung des damaligen B\u00fcrgermeisters.<\/p>\n<p><img decoding=\"async\" alt=\"Roland C.Br\u00fcckner bei urban script 2006\" src=\"https:\/\/www.anartchy.com\/urbanscript\/wp-content\/uploads\/6roland.c.br_.jpg\" width=\"660\" \/><br \/>\n6. Juli \/ 19.00 Uhr \/ Roland C. Br\u00fcckner (Berlin): Streetart &#8211; Woher? Wohin?<br \/>\nRoland C. Br\u00fcckner war Student an der UdK Berlin und war zeitweise selber T\u00e4tig im \u00f6ffentlichen Raum Berlins.<\/p>\n<p><strong>Videoabende<\/strong><\/p>\n<p>5. Juli \/ 21.00 Uhr \/ Writing\/Graffiti-Videos<\/p>\n<p>6. Juli \/ 21.00 Uhr \/ Street-Art-Videos<\/p>\n","protected":false},"excerpt":{"rendered":"<p>In den Kellerr\u00e4umen des &#8222;Picknick&#8220; fand 2004 die erste Gruppenausstellung von Dresdner Street Artists statt. &#8222;Farbtontage&#8220; stellte jedoch keine Fotos &hellip; <\/p>\n","protected":false},"author":2,"featured_media":0,"parent":741,"menu_order":0,"comment_status":"open","ping_status":"open","template":"","meta":{"_acf_changed":false,"footnotes":""},"categories":[1,14,5],"class_list":["post-744","page","type-page","status-publish","hentry","category-ausstellungen","category-projekte","category-vortraege"],"acf":[],"_links":{"self":[{"href":"https:\/\/www.anartchy.com\/urbanscript\/wp-json\/wp\/v2\/pages\/744","targetHints":{"allow":["GET"]}}],"collection":[{"href":"https:\/\/www.anartchy.com\/urbanscript\/wp-json\/wp\/v2\/pages"}],"about":[{"href":"https:\/\/www.anartchy.com\/urbanscript\/wp-json\/wp\/v2\/types\/page"}],"author":[{"embeddable":true,"href":"https:\/\/www.anartchy.com\/urbanscript\/wp-json\/wp\/v2\/users\/2"}],"replies":[{"embeddable":true,"href":"https:\/\/www.anartchy.com\/urbanscript\/wp-json\/wp\/v2\/comments?post=744"}],"version-history":[{"count":16,"href":"https:\/\/www.anartchy.com\/urbanscript\/wp-json\/wp\/v2\/pages\/744\/revisions"}],"predecessor-version":[{"id":1949,"href":"https:\/\/www.anartchy.com\/urbanscript\/wp-json\/wp\/v2\/pages\/744\/revisions\/1949"}],"up":[{"embeddable":true,"href":"https:\/\/www.anartchy.com\/urbanscript\/wp-json\/wp\/v2\/pages\/741"}],"wp:attachment":[{"href":"https:\/\/www.anartchy.com\/urbanscript\/wp-json\/wp\/v2\/media?parent=744"}],"wp:term":[{"taxonomy":"category","embeddable":true,"href":"https:\/\/www.anartchy.com\/urbanscript\/wp-json\/wp\/v2\/categories?post=744"}],"curies":[{"name":"wp","href":"https:\/\/api.w.org\/{rel}","templated":true}]}}