{"id":680,"date":"2014-01-18T11:58:18","date_gmt":"2014-01-18T11:58:18","guid":{"rendered":"http:\/\/www.anartchy.com\/urbanscript\/?page_id=680"},"modified":"2014-01-27T16:42:58","modified_gmt":"2014-01-27T16:42:58","slug":"bilderflut-tut-immer-gut-style-und-streetartonlinetour-durchs-web-3-0","status":"publish","type":"page","link":"https:\/\/www.anartchy.com\/urbanscript\/2008-2\/urban-script-continous\/bilderflut-tut-immer-gut-style-und-streetartonlinetour-durchs-web-3-0\/","title":{"rendered":"&#8222;Bilderflut tut immer gut!!&#8220; &#8211; Style- und StreetartOnlineTour durchs WEB 3.0"},"content":{"rendered":"<p>von Christoph Janke (<a href=\"http:\/\/www.ueberdose.de\" target=\"_blank\">\u00fcberdose.de<\/a>)<\/p>\n<p>&#8222;Ihr \u00e4sthetischer Schock ist l\u00e4ngst verflogen, ihr Interpretationsangebot ist so begrenzt wie das handwerkliche Vokabular ihrer Urheber. Sie sind st\u00f6rend, weil sie sich exhibitionistisch ins Gesichtsfeld der Menschen dr\u00e4ngen. Und sie sind \u00fcberall.&#8220; Michael Naumann: Die t\u00e4towierte Stadt. Graffiti zerst\u00f6ren das Bild Berlins. In: Die Zeit Nr. 20, 11. Mai 2006, L\u00e4nderspiegel, S. 15.<\/p>\n<p>start 18.00<\/p>\n","protected":false},"excerpt":{"rendered":"<p>Vortrag von Christoph Janke (\u00fcberdose.de)<\/p>\n","protected":false},"author":2,"featured_media":0,"parent":951,"menu_order":0,"comment_status":"open","ping_status":"open","template":"","meta":{"_acf_changed":false,"footnotes":""},"categories":[5],"class_list":["post-680","page","type-page","status-publish","hentry","category-vortraege"],"acf":[],"_links":{"self":[{"href":"https:\/\/www.anartchy.com\/urbanscript\/wp-json\/wp\/v2\/pages\/680","targetHints":{"allow":["GET"]}}],"collection":[{"href":"https:\/\/www.anartchy.com\/urbanscript\/wp-json\/wp\/v2\/pages"}],"about":[{"href":"https:\/\/www.anartchy.com\/urbanscript\/wp-json\/wp\/v2\/types\/page"}],"author":[{"embeddable":true,"href":"https:\/\/www.anartchy.com\/urbanscript\/wp-json\/wp\/v2\/users\/2"}],"replies":[{"embeddable":true,"href":"https:\/\/www.anartchy.com\/urbanscript\/wp-json\/wp\/v2\/comments?post=680"}],"version-history":[{"count":2,"href":"https:\/\/www.anartchy.com\/urbanscript\/wp-json\/wp\/v2\/pages\/680\/revisions"}],"predecessor-version":[{"id":684,"href":"https:\/\/www.anartchy.com\/urbanscript\/wp-json\/wp\/v2\/pages\/680\/revisions\/684"}],"up":[{"embeddable":true,"href":"https:\/\/www.anartchy.com\/urbanscript\/wp-json\/wp\/v2\/pages\/951"}],"wp:attachment":[{"href":"https:\/\/www.anartchy.com\/urbanscript\/wp-json\/wp\/v2\/media?parent=680"}],"wp:term":[{"taxonomy":"category","embeddable":true,"href":"https:\/\/www.anartchy.com\/urbanscript\/wp-json\/wp\/v2\/categories?post=680"}],"curies":[{"name":"wp","href":"https:\/\/api.w.org\/{rel}","templated":true}]}}