{"id":660,"date":"2014-01-18T11:34:04","date_gmt":"2014-01-18T11:34:04","guid":{"rendered":"http:\/\/www.anartchy.com\/urbanscript\/?page_id=660"},"modified":"2014-01-27T16:43:27","modified_gmt":"2014-01-27T16:43:27","slug":"wer-nennen-es-kunst-reclaim-the-street-art","status":"publish","type":"page","link":"https:\/\/www.anartchy.com\/urbanscript\/2008-2\/urban-script-continous\/wer-nennen-es-kunst-reclaim-the-street-art\/","title":{"rendered":"Wir nennen es Kunst &#8211; Reclaim the &#8222;Street Art&#8220;"},"content":{"rendered":"<p>Vortrag von <a href=\"http:\/\/www.variousandgould.com\/\">Gould<\/a> (Berlin)<\/p>\n<p>Seit dem gro\u00dfen Hype mu\u00df Street Art f\u00fcr so einiges herhalten: Als Quelle unz\u00e4hliger Bilderb\u00fccher, als Blaupause f\u00fcr Guerilla-Marketing und als Ziel von Sellout- und Gentrifizierungs-Vorw\u00fcrfen. Auf dem Weg in den Mainstream treten dabei leider viele selbstverst\u00e4ndliche Aspekte von Street Art in den Hintergrund. Deshalb m\u00f6chte der Aktivist Gould einige Grunds\u00e4tzlichkeiten (zur\u00fcck) in die Debatte bringen und freut sich auf die anschlie\u00dfende Diskussion!<\/p>\n<p>Start 15.00, Hochschule f. Bild. K\u00fcnste , Eingang Br\u00fchlsche Terrasse, Mediensalon(Klasse Neue Medien)<\/p>\n<p>Besucher beim Vortrag von Gould in der HfBK- Dresden 2008<br \/>\n<img decoding=\"async\" alt=\"Besucher beim Vortrag von Gould in der HfBK- Dresden 2008\" src=\"https:\/\/www.anartchy.com\/urbanscript\/wp-content\/uploads\/gourl_vortrag_web11.jpg\" width=\"660\" \/><\/p>\n","protected":false},"excerpt":{"rendered":"<p>Seit dem gro\u00dfen Hype mu\u00df Street Art f\u00fcr so einiges herhalten: Als Quelle unz\u00e4hliger Bilderb\u00fccher, als Blaupause f\u00fcr Guerilla-Marketing und &hellip; <\/p>\n","protected":false},"author":2,"featured_media":0,"parent":951,"menu_order":0,"comment_status":"open","ping_status":"open","template":"","meta":{"_acf_changed":false,"footnotes":""},"categories":[5],"class_list":["post-660","page","type-page","status-publish","hentry","category-vortraege"],"acf":[],"_links":{"self":[{"href":"https:\/\/www.anartchy.com\/urbanscript\/wp-json\/wp\/v2\/pages\/660","targetHints":{"allow":["GET"]}}],"collection":[{"href":"https:\/\/www.anartchy.com\/urbanscript\/wp-json\/wp\/v2\/pages"}],"about":[{"href":"https:\/\/www.anartchy.com\/urbanscript\/wp-json\/wp\/v2\/types\/page"}],"author":[{"embeddable":true,"href":"https:\/\/www.anartchy.com\/urbanscript\/wp-json\/wp\/v2\/users\/2"}],"replies":[{"embeddable":true,"href":"https:\/\/www.anartchy.com\/urbanscript\/wp-json\/wp\/v2\/comments?post=660"}],"version-history":[{"count":9,"href":"https:\/\/www.anartchy.com\/urbanscript\/wp-json\/wp\/v2\/pages\/660\/revisions"}],"predecessor-version":[{"id":698,"href":"https:\/\/www.anartchy.com\/urbanscript\/wp-json\/wp\/v2\/pages\/660\/revisions\/698"}],"up":[{"embeddable":true,"href":"https:\/\/www.anartchy.com\/urbanscript\/wp-json\/wp\/v2\/pages\/951"}],"wp:attachment":[{"href":"https:\/\/www.anartchy.com\/urbanscript\/wp-json\/wp\/v2\/media?parent=660"}],"wp:term":[{"taxonomy":"category","embeddable":true,"href":"https:\/\/www.anartchy.com\/urbanscript\/wp-json\/wp\/v2\/categories?post=660"}],"curies":[{"name":"wp","href":"https:\/\/api.w.org\/{rel}","templated":true}]}}