{"id":632,"date":"2014-01-15T22:03:53","date_gmt":"2014-01-15T22:03:53","guid":{"rendered":"http:\/\/www.anartchy.com\/urbanscript\/?page_id=632"},"modified":"2014-01-29T14:13:44","modified_gmt":"2014-01-29T14:13:44","slug":"coming-from-the-yard-straight-out-of-verschiebebahnhoefe","status":"publish","type":"page","link":"https:\/\/www.anartchy.com\/urbanscript\/2013-2\/coming-from-the-yard-straight-out-of-verschiebebahnhoefe\/","title":{"rendered":"Coming from the yard &#8211; straight out of Verschiebebahnh\u00f6fe"},"content":{"rendered":"<p>eine Ausstellung von \/ an exhibition by Jens Besser<br \/>\nENGLISH VERSION below<\/p>\n<p>&#8222;Coming from the yard &#8211; straight out of Verschiebebahnh\u00f6fe&#8220; ist eine wohl selektierte Gruppenausstellung internationaler Urban Artists. Urban Artists sind K\u00fcnstlern die im \u00f6ffentlichen Raum der weltweiten Kunstmetropolen Street Art schaffen. Viele von Ihnen kommen urspr\u00fcnglich vom &#8222;Writing&#8220;, umgangssprachlich Graffiti. Nachdem Sie nicht selten an Kunstakademien diplomierten, sind sie in globalen Kunstr\u00e4umen angekommen.<\/p>\n<p>Da es schon zahlreiche Versuche gab &#8222;Street Art &#8220; in seiner Gesamtheit auszustellen und Kuratoren immer wieder kl\u00e4glich scheiterten, ist man zum Schluss gekommen kleinere Felder der Street Art zu beleuchten. Ein solches Feld sind Urban Artists die sich mit der Zugmalerei besch\u00e4ftigen ( Achtung nicht zu verwechseln mit Graffiti auf Z\u00fcgen !!! ). Sie arbeiten ebenso ungenehmigt auf Z\u00fcgen, jedoch ist der Untergrund nicht zwangsl\u00e4ufig ein sauberer Personenzug. Es werden vor allem M\u00f6glichkeiten gesucht um Werke in Ruhe zu realisieren.<\/p>\n<p>Der italienische K\u00fcnstler Aris arbeitet bevorzugt auf G\u00fcterz\u00fcgen, deren Oberfl\u00e4che nicht von st\u00f6renden Fenstern zergliedert sind. Dazu nutzt er auf dem oftmals stark verdreckten Untergrund pigmentstarke Acrylfarben , die den Kontrast zwischen scherenschnittartiger Bemalung und Untergrund verdeutlichen.<br \/>\nJens Besser hingegen bevorzugt &#8222;trashed trains&#8220; &#8211; ausrangierte Z\u00fcge die bereits vor sich hin verrotten und von Bahngesellschaften l\u00e4ngst abgeschrieben sind. Zu Unorten, zu den sich nur noch Schrottsammler und Obdachlose trauen, trampt Besser um die besondere Atmosph\u00e4re aufzusaugen und in Kunstwerke weiterzuverarbeiten.<br \/>\nOther aus Canada hingegen sieht sich in der Tradition der &#8222;Hobos&#8220;. Mit G\u00fcterz\u00fcgen reisende Wanderarbeiter in Nordamerika. Other zeichnet mit \u00d6lkreiden erz\u00e4hlerische Figurationen auf G\u00fcterz\u00fcgen w\u00e4hrend seiner zahlreichen Reisen.<br \/>\nDer Dresdner Shlomo Faber arbeitet seit jeher auf Personenz\u00fcgen und nutzt dazu jedes nur erdenkliche Material &#8211; Styropor, Schablone, Acrylfarbe &#8211; die glatten Oberfl\u00e4chen des \u00d6PNV scheinen perfekt geeignet f\u00fcr gesellschaftliche Provokation, Kritik oder doch nur graphische Spielerei.<br \/>\nDie morbiden Werke des Kunstudenten Zasu lassen immer wieder Gedanken an die Verg\u00e4nglichkeit dieser ephemeren Kunst aufkommen. Auch zeigen sie die Risiken dieser Kunst auf &#8211; denn das Betreten von Bahngel\u00e4nde ist sehr gef\u00e4hrlich.<\/p>\n<p>Um die K\u00fcnstlerauswahl abzurunden wird die Fotografie des bulgarischen Fotografen Bozhidar Asenov gezeigt. Asenov begleitet seit vielen Jahren Zugmaler und Trainwriter auf ihren Reisen. So schafft er Einblick in eine im Schatten der Gesellschaft agierende K\u00fcnstlergruppe , die nicht unter uns zu sein scheint. Und doch ist festzustellen das junge Bankkaufleute, Restaurant-Manager oder Graphikdesigner hinter diesen Werke stehen.<\/p>\n<p>Die Ausstellung zeigt Drucke, Fotografien, Cyanothypie, Zeichnungen und Originalschablonen.<\/p>\n<p>\u00d6ffnungszeiten der Ausstellung 2013<\/p>\n<p>weitere \u00d6ffnungszeiten f\u00fcr 2014 folgen !<\/p>\n<p>Samstag &#8211; 14.12 &#8211; 16.30 -19 Uhr<br \/>\nDonnerstag &#8211; 19.12 &#8211; 16.30 &#8211; 19 Uhr<br \/>\nFreitag &#8211; 20.12 &#8211; 16.30 &#8211; 19 Uhr<br \/>\nSamstag &#8211; 21.12 &#8211; 16.30 &#8211; 19 Uhr<\/p>\n<p>und nach Vereinbarung<\/p>\n<p>Aris (Italien) &#8211; <a title=\"http:\/\/www.flickr.com\/photos\/14720354@N07\/\" href=\"http:\/\/www.flickr.com\/photos\/14720354@N07\/\">http:\/\/www.flickr.com\/photos\/14720354@N07\/<\/a><br \/>\nOther (Kanada) &#8211; <a title=\"http:\/\/www.flickr.com\/photos\/other\/\" href=\"http:\/\/www.flickr.com\/photos\/other\/\" target=\"_blank\">http:\/\/www.flickr.com\/photos\/other\/<\/a><br \/>\nBozhidar Asenov (Bulgarien) &#8211; <a title=\"http:\/\/www.bozasenov.com\/index.php?%2Fexhibitions%2Fnight-shift--noth-na-smjana%2F\" href=\"http:\/\/www.bozasenov.com\/index.php?%2Fexhibitions%2Fnight-shift--noth-na-smjana%2F\">http:\/\/www.bozasenov.com\/index.php?%2Fexhibitions%2Fnight-shift&#8211;noth-na-smjana%2F<\/a><br \/>\nZasu (Deutschland) &#8211; <a title=\"http:\/\/www.facebook.com\/artour.ette\" href=\"http:\/\/www.facebook.com\/artour.ette\" target=\"_blank\">http:\/\/www.facebook.com\/artour.ette<\/a><br \/>\nShlomo Faber (Deutschland) &#8211; <a title=\"http:\/\/www.ekosystem.org\/tag\/shlomo\" href=\"http:\/\/www.ekosystem.org\/tag\/shlomo\" target=\"_blank\">http:\/\/www.ekosystem.org\/tag\/shlomo<\/a><br \/>\nJens Besser (Deutschland) &#8211; <a title=\"http:\/\/jensbesser.blogspot.de\/\" href=\"http:\/\/jensbesser.blogspot.de\/\" target=\"_blank\">http:\/\/jensbesser.blogspot.de\/<\/a><\/p>\n<p>ENGLISH VERSION<\/p>\n<p>Coming from the yard &#8211; straight out of Verschiebebahnh\u00f6fe<\/p>\n<p>&#8222;Coming from the yard &#8211; straight out of Verschiebebahnh\u00f6fe&#8220; is the first show at Neun G\u00f6rlitz . This exhibition features works of train painting artists from Italy, Canada and Germany. Photographie by Bozhidar Asenov from Bulgaria completes the exhibition .<\/p>\n<p>Most of the works show the direct connection to the medium &#8222;train&#8220;. The print &#8222;catching out&#8220; by Other reminds on &#8222;hobo-phantasies&#8220; &#8211; catching a train and getting some booze.Aris screenprint has a typical size of a panel and reminds on his colorrange of his trainworks. ( link )<br \/>\nOriginal Stencils by Shlomo Faber of the year 2003 are relicts of a long time ago trainpainting era. Framed as objects the stencil could be original artworks only made for hanging in a Gallery.<br \/>\nLithographies of Zasu remind of the fast death of life ( and the fast cleaning of panels on trains ? ).<br \/>\nJens Besser met train painters on several interrail tours. He started to take pictures of them and made handdrawn &#8222;portraits&#8220; of them. The final result is a drawing series of more then 15 works on international train tickets.<\/p>\n<p>participating artists:<br \/>\nAris (Italien) &#8211; <a title=\"http:\/\/www.flickr.com\/photos\/14720354@N07\/\" href=\"http:\/\/www.flickr.com\/photos\/14720354@N07\/\">http:\/\/www.flickr.com\/photos\/14720354@N07\/<\/a><br \/>\nOther (Kanada) &#8211; <a title=\"http:\/\/www.flickr.com\/photos\/other\/\" href=\"http:\/\/www.flickr.com\/photos\/other\/\" target=\"_blank\">http:\/\/www.flickr.com\/photos\/other\/<\/a><br \/>\nBozhidar Asenov (Bulgarien) &#8211; <a title=\"http:\/\/www.bozasenov.com\/index.php?%2Fexhibitions%2Fnight-shift--noth-na-smjana%2F\" href=\"http:\/\/www.bozasenov.com\/index.php?%2Fexhibitions%2Fnight-shift--noth-na-smjana%2F\">http:\/\/www.bozasenov.com\/index.php?%2Fexhibitions%2Fnight-shift&#8211;noth-na-smjana%2F<\/a><br \/>\nZasu (Deutschland) &#8211; <a title=\"http:\/\/www.facebook.com\/artour.ette\" href=\"http:\/\/www.facebook.com\/artour.ette\" target=\"_blank\">http:\/\/www.facebook.com\/artour.ette<\/a><br \/>\nShlomo Faber (Deutschland) &#8211; <a title=\"http:\/\/www.ekosystem.org\/tag\/shlomo\" href=\"http:\/\/www.ekosystem.org\/tag\/shlomo\" target=\"_blank\">http:\/\/www.ekosystem.org\/tag\/shlomo<\/a><br \/>\nJens Besser (Deutschland) &#8211; <a title=\"http:\/\/jensbesser.blogspot.de\/\" href=\"http:\/\/jensbesser.blogspot.de\/\" target=\"_blank\">http:\/\/jensbesser.blogspot.de\/<\/a><\/p>\n<p>opening &#8211; Friday 13.12.2013 &#8211; 6p.m.<\/p>\n<p>opening hours in 2013<\/p>\n<p>14.12. Saturday 4.30 p.m.- 7p.m.<br \/>\n19.12. Thursday 4.30 p.m.- 7p.m.<br \/>\n20.12. Friday 4.30 p.m.- 7p.m.<br \/>\n21.12. Saturday 4.30 p.m.- 7p.m.<\/p>\n<p>Addmission is free! There is no entrance fee.<\/p>\n","protected":false},"excerpt":{"rendered":"<p>&#8222;Coming from the yard &#8211; straight out of Verschiebebahnh\u00f6fe&#8220; ist eine wohl selektierte Gruppenausstellung internationaler Urban Artists. Urban Artists die &hellip; <\/p>\n","protected":false},"author":2,"featured_media":0,"parent":522,"menu_order":0,"comment_status":"open","ping_status":"open","template":"","meta":{"_acf_changed":false,"footnotes":""},"categories":[1],"class_list":["post-632","page","type-page","status-publish","hentry","category-ausstellungen"],"acf":[],"_links":{"self":[{"href":"https:\/\/www.anartchy.com\/urbanscript\/wp-json\/wp\/v2\/pages\/632","targetHints":{"allow":["GET"]}}],"collection":[{"href":"https:\/\/www.anartchy.com\/urbanscript\/wp-json\/wp\/v2\/pages"}],"about":[{"href":"https:\/\/www.anartchy.com\/urbanscript\/wp-json\/wp\/v2\/types\/page"}],"author":[{"embeddable":true,"href":"https:\/\/www.anartchy.com\/urbanscript\/wp-json\/wp\/v2\/users\/2"}],"replies":[{"embeddable":true,"href":"https:\/\/www.anartchy.com\/urbanscript\/wp-json\/wp\/v2\/comments?post=632"}],"version-history":[{"count":4,"href":"https:\/\/www.anartchy.com\/urbanscript\/wp-json\/wp\/v2\/pages\/632\/revisions"}],"predecessor-version":[{"id":641,"href":"https:\/\/www.anartchy.com\/urbanscript\/wp-json\/wp\/v2\/pages\/632\/revisions\/641"}],"up":[{"embeddable":true,"href":"https:\/\/www.anartchy.com\/urbanscript\/wp-json\/wp\/v2\/pages\/522"}],"wp:attachment":[{"href":"https:\/\/www.anartchy.com\/urbanscript\/wp-json\/wp\/v2\/media?parent=632"}],"wp:term":[{"taxonomy":"category","embeddable":true,"href":"https:\/\/www.anartchy.com\/urbanscript\/wp-json\/wp\/v2\/categories?post=632"}],"curies":[{"name":"wp","href":"https:\/\/api.w.org\/{rel}","templated":true}]}}