{"id":603,"date":"2013-10-14T07:56:30","date_gmt":"2013-10-14T07:56:30","guid":{"rendered":"http:\/\/www.anartchy.com\/urbanscript\/?page_id=603"},"modified":"2014-01-30T09:30:23","modified_gmt":"2014-01-30T09:30:23","slug":"muralismo-morte-blog","status":"publish","type":"page","link":"https:\/\/www.anartchy.com\/urbanscript\/2009-2\/muralismo-morte\/muralismo-morte-blog\/","title":{"rendered":"Muralismo-Morte-Blog"},"content":{"rendered":"<p>Mit der Ver\u00f6ffentlichung des Buches <a title=\"Muralismo morte Buch\" href=\"http:\/\/www.fromheretofame.com\/books\/muralismo.html\" target=\"_blank\">&#8222;Muralismo Morte&#8220;<\/a> startete der <a title=\"muralismo morte blog\" href=\"http:\/\/muralismomorte.blogspot.de\/\" target=\"_blank\">Muralismo-Morte-Blog<\/a>. Seit 2010 werden auf dem Blog Beitrag zu zeitgen\u00f6ssischen Wandbildern ver\u00f6ffentlicht. Seitdem auf einschl\u00e4gig bekannten Websites regelm\u00e4ssig, umfangreich Wandbilder ver\u00f6ffentlicht werden, hat das aktive Ver\u00f6ffentlichen von Beitr\u00e4gen auf diesem Blog abgenommen. Der blog wird weiter als aktualisierte Sammlung von Links zu K\u00fcnstlerwebsiten und zum ver\u00f6ffentlichen einiger eingesandter Beitr\u00e4ge genutzt.<\/p>\n<p>Aktuelle Url des Blog : <a title=\"muralismo morte blog\" href=\"http:\/\/muralismomorte.blogspot.de\/\" target=\"_blank\">http:\/\/muralismomorte.blogspot.de<\/a><\/p>\n","protected":false},"excerpt":{"rendered":"<p>Mit der Ver\u00f6ffentlichung des Buches &#8222;Muralismo Morte&#8220; startete der Muralismo-Morte- Blog. Seit 2010 werden auf dem Blog Beitrag zu zeitgen\u00f6ssischen &hellip; <\/p>\n","protected":false},"author":2,"featured_media":0,"parent":1051,"menu_order":0,"comment_status":"open","ping_status":"open","template":"","meta":{"_acf_changed":false,"footnotes":""},"categories":[16],"class_list":["post-603","page","type-page","status-publish","hentry","category-blogs"],"acf":[],"_links":{"self":[{"href":"https:\/\/www.anartchy.com\/urbanscript\/wp-json\/wp\/v2\/pages\/603","targetHints":{"allow":["GET"]}}],"collection":[{"href":"https:\/\/www.anartchy.com\/urbanscript\/wp-json\/wp\/v2\/pages"}],"about":[{"href":"https:\/\/www.anartchy.com\/urbanscript\/wp-json\/wp\/v2\/types\/page"}],"author":[{"embeddable":true,"href":"https:\/\/www.anartchy.com\/urbanscript\/wp-json\/wp\/v2\/users\/2"}],"replies":[{"embeddable":true,"href":"https:\/\/www.anartchy.com\/urbanscript\/wp-json\/wp\/v2\/comments?post=603"}],"version-history":[{"count":5,"href":"https:\/\/www.anartchy.com\/urbanscript\/wp-json\/wp\/v2\/pages\/603\/revisions"}],"predecessor-version":[{"id":1172,"href":"https:\/\/www.anartchy.com\/urbanscript\/wp-json\/wp\/v2\/pages\/603\/revisions\/1172"}],"up":[{"embeddable":true,"href":"https:\/\/www.anartchy.com\/urbanscript\/wp-json\/wp\/v2\/pages\/1051"}],"wp:attachment":[{"href":"https:\/\/www.anartchy.com\/urbanscript\/wp-json\/wp\/v2\/media?parent=603"}],"wp:term":[{"taxonomy":"category","embeddable":true,"href":"https:\/\/www.anartchy.com\/urbanscript\/wp-json\/wp\/v2\/categories?post=603"}],"curies":[{"name":"wp","href":"https:\/\/api.w.org\/{rel}","templated":true}]}}