{"id":559,"date":"2013-05-27T07:13:14","date_gmt":"2013-05-27T07:13:14","guid":{"rendered":"http:\/\/www.anartchy.com\/urbanscript\/?page_id=559"},"modified":"2017-01-31T15:12:55","modified_gmt":"2017-01-31T15:12:55","slug":"city-bilder-murals-street-culture","status":"publish","type":"page","link":"https:\/\/www.anartchy.com\/urbanscript\/2013-2\/city-bilder-murals-street-culture\/","title":{"rendered":"City Bilder Murals &#038; Street Art in der dresdner Friedrichstadt"},"content":{"rendered":"<p>Von November 2011 bis Juni 2012 wurden insgesamt zehn Hausw\u00e4nde in der Dresdner Friedrichstadt unter dem Titel &#8222;City Bilder &#8211; Kunst auf Brandw\u00e4nden&#8220; realisiert. Im Mittelpunkt standen dabei Kollaborationen zwei oder mehrerer K\u00fcnstler. Mit einer bemalten Wandfl\u00e4che von \u00fcber 2.500 m\u00b2 entstand so eine der gr\u00f6\u00dften \u00f6ffentlichen Galerien der zeitgen\u00f6ssischen Wandmalerei Europas. Jens Besser, bekannter Street Art-K\u00fcnstler aus Dresden, hat das Projekt initiiert und wird den Rundgang leiten.<\/p>\n<p>Start 15 Uhr &#8211; Eintritt frei<\/p>\n<p>in Kooperation mit <a href=\"http:\/\/www.hellerau.org\/spielplan\/streetculturehellerau\/\" target=\"_blank\">Street Culture @ Hellerau<\/a><\/p>\n","protected":false},"excerpt":{"rendered":"<p>Jens Besser, bekannter Street Art-K\u00fcnstler aus Dresden, hat das Projekt initiiert und wird den Rundgang leiten. In Kooperation mit Street &hellip; <\/p>\n","protected":false},"author":2,"featured_media":0,"parent":522,"menu_order":0,"comment_status":"open","ping_status":"closed","template":"","meta":{"_acf_changed":false,"footnotes":""},"categories":[4],"class_list":["post-559","page","type-page","status-publish","hentry","category-fuehrungen"],"acf":[],"_links":{"self":[{"href":"https:\/\/www.anartchy.com\/urbanscript\/wp-json\/wp\/v2\/pages\/559","targetHints":{"allow":["GET"]}}],"collection":[{"href":"https:\/\/www.anartchy.com\/urbanscript\/wp-json\/wp\/v2\/pages"}],"about":[{"href":"https:\/\/www.anartchy.com\/urbanscript\/wp-json\/wp\/v2\/types\/page"}],"author":[{"embeddable":true,"href":"https:\/\/www.anartchy.com\/urbanscript\/wp-json\/wp\/v2\/users\/2"}],"replies":[{"embeddable":true,"href":"https:\/\/www.anartchy.com\/urbanscript\/wp-json\/wp\/v2\/comments?post=559"}],"version-history":[{"count":12,"href":"https:\/\/www.anartchy.com\/urbanscript\/wp-json\/wp\/v2\/pages\/559\/revisions"}],"predecessor-version":[{"id":788,"href":"https:\/\/www.anartchy.com\/urbanscript\/wp-json\/wp\/v2\/pages\/559\/revisions\/788"}],"up":[{"embeddable":true,"href":"https:\/\/www.anartchy.com\/urbanscript\/wp-json\/wp\/v2\/pages\/522"}],"wp:attachment":[{"href":"https:\/\/www.anartchy.com\/urbanscript\/wp-json\/wp\/v2\/media?parent=559"}],"wp:term":[{"taxonomy":"category","embeddable":true,"href":"https:\/\/www.anartchy.com\/urbanscript\/wp-json\/wp\/v2\/categories?post=559"}],"curies":[{"name":"wp","href":"https:\/\/api.w.org\/{rel}","templated":true}]}}