{"id":516,"date":"2012-12-09T13:50:55","date_gmt":"2012-12-09T13:50:55","guid":{"rendered":"http:\/\/www.anartchy.com\/urbanscript\/?page_id=516"},"modified":"2014-06-30T04:38:29","modified_gmt":"2014-06-30T04:38:29","slug":"city-bilder-murals-street-art-in-der-dresdner-friedrichstadt","status":"publish","type":"page","link":"https:\/\/www.anartchy.com\/urbanscript\/2011-2\/citybilder-collaborative-murals-in-dresden-friedrichstadt\/city-bilder-murals-street-art-in-der-dresdner-friedrichstadt\/","title":{"rendered":"City Bilder Murals &#038; Street Art in der dresdner Friedrichstadt"},"content":{"rendered":"<p>F\u00fchrung mit Jens Besser<\/p>\n<p>Von November 2011 bis Juni 2012 wurden 10 Murals internationaler K\u00fcnstler in der dresdner Friedrichstadt unter dem Titel <a title=\"city bilder website\" href=\"https:\/\/www.anartchy.com\/urbanscript\/2012-2\/citybilder-collaborative-murals-in-dresden-friedrichstadt\/\" target=\"_blank\"> &#8222;City Bilder&#8220;<\/a> realisiert.Seitdem sind weitere offizielle Murals in der Friedrichstadt entstanden.<\/p>\n<p>Der K\u00fcnstler und Kurator des Projekts Jens Besser leitet die F\u00fchrungen.\u00a0\u00a0Dabei wird er auch auf Brachenmalerei und Street Art Interventionen im Stadtteil eingehen.\u00a0 Dauer: 2h<\/p>\n<p>Falls Sie Interesse haben eine Gruppenf\u00fchrung mit dem Kurator zu buchen, nutzen Sie bitte das Kontakformular unten.<\/p>\n<p>Das dresdner Stadtf\u00fchrer Danilo Hommel (Nightwalk Dresden) bietet zudem regelm\u00e4ssig F\u00fchrungen an. Die F\u00fchrung wurden in Kooperation mit dem Kurator erarbeitet. Mehr Infos <a title=\"city bilder tour von danilo hommel\" href=\"http:\/\/www.nightwalk-dresden.de\/daywalk\" target=\"_blank\">hier<\/a><\/p>\n<p>Am 27.6.2013 fand eine F\u00fchrung in Kooperation mit <a href=\"http:\/\/www.hellerau.org\/spielplan\/streetculturehellerau\/\" target=\"_blank\">Street Culture @ Hellerau<\/a> statt.<\/p>\n","protected":false},"excerpt":{"rendered":"<p>Von November 2011 bis November 2012 wurden 12 Murals in der dresdner Friedrichstadt realisiert. Der K\u00fcnstler und Kurator Jens Besser &hellip; <\/p>\n","protected":false},"author":2,"featured_media":0,"parent":485,"menu_order":0,"comment_status":"open","ping_status":"open","template":"","meta":{"_acf_changed":false,"footnotes":""},"categories":[4],"class_list":["post-516","page","type-page","status-publish","hentry","category-fuehrungen"],"acf":[],"_links":{"self":[{"href":"https:\/\/www.anartchy.com\/urbanscript\/wp-json\/wp\/v2\/pages\/516","targetHints":{"allow":["GET"]}}],"collection":[{"href":"https:\/\/www.anartchy.com\/urbanscript\/wp-json\/wp\/v2\/pages"}],"about":[{"href":"https:\/\/www.anartchy.com\/urbanscript\/wp-json\/wp\/v2\/types\/page"}],"author":[{"embeddable":true,"href":"https:\/\/www.anartchy.com\/urbanscript\/wp-json\/wp\/v2\/users\/2"}],"replies":[{"embeddable":true,"href":"https:\/\/www.anartchy.com\/urbanscript\/wp-json\/wp\/v2\/comments?post=516"}],"version-history":[{"count":13,"href":"https:\/\/www.anartchy.com\/urbanscript\/wp-json\/wp\/v2\/pages\/516\/revisions"}],"predecessor-version":[{"id":1322,"href":"https:\/\/www.anartchy.com\/urbanscript\/wp-json\/wp\/v2\/pages\/516\/revisions\/1322"}],"up":[{"embeddable":true,"href":"https:\/\/www.anartchy.com\/urbanscript\/wp-json\/wp\/v2\/pages\/485"}],"wp:attachment":[{"href":"https:\/\/www.anartchy.com\/urbanscript\/wp-json\/wp\/v2\/media?parent=516"}],"wp:term":[{"taxonomy":"category","embeddable":true,"href":"https:\/\/www.anartchy.com\/urbanscript\/wp-json\/wp\/v2\/categories?post=516"}],"curies":[{"name":"wp","href":"https:\/\/api.w.org\/{rel}","templated":true}]}}