{"id":485,"date":"2012-10-30T14:40:10","date_gmt":"2012-10-30T14:40:10","guid":{"rendered":"http:\/\/www.anartchy.com\/urbanscript\/?page_id=485"},"modified":"2014-01-18T11:10:02","modified_gmt":"2014-01-18T11:10:02","slug":"citybilder-collaborative-murals-in-dresden-friedrichstadt","status":"publish","type":"page","link":"https:\/\/www.anartchy.com\/urbanscript\/2011-2\/citybilder-collaborative-murals-in-dresden-friedrichstadt\/","title":{"rendered":"CityBilder &#8211; collaborative Murals in Dresden-Friedrichstadt"},"content":{"rendered":"<p><strong>Beschreibung<\/strong><\/p>\n<p>Ein halbes Jahr intensiver Wandmalerei liegt hinter uns. Der Event-artige Start mit der Realisierung der ersten f\u00fcnf W\u00e4nde gab dem Projekt von Anfang an viel Aufmerksamkeit. Doch CityBilder war kein einmaliges Ereignis. Die bemalten W\u00e4nde werden noch lange Zeit die Friedrichstadt beleben und die Bewohner in ihrer Vielfalt erfreuen. Schon jetzt ist klar, mit einer gesch\u00e4tzten Wandfl\u00e4che von 2.500\u2009m\u00b2 wurde im Stadtteil eine der gr\u00f6\u00dften \u00f6ffentlichen Galerien der zeitgen\u00f6ssischen Wandmalerei Europas geschaffen. Die internationale K\u00fcnstlerauswahl unterst\u00fctzt dies. Wenngleich jede Wand neue Herausforderungen birgt, freue ich mich \u00fcber die Fortsetzung des Projekts mit weiteren Murals im Stadtteil.<\/p>\n<p>Vom 14. Oktober an trafen sich zu diesem Anlass internationale Streetart K\u00fcnstler u. a. aus den Niederlanden, den USA, Spanien, Polen, Rum\u00e4nien, Italien und Kanada. Sie sind K\u00fcnstler mit Erfahrungen aus Wandmalprojekten und werden in der Friedrichstadt ignorierte und verwaiste Brandw\u00e4nde zu hier wichtigen Themen gemeinsam gestalten.<br \/>\nDie K\u00fcnstler lie\u00dfen basierend auf ihren eigenen internationalen Erfahrungen und dem Austausch mit Interessierten vor Ort ihre k\u00fcnstlerischen Arbeiten an den Brandw\u00e4nden entstehen. Dabei ist nicht der Einzelk\u00fcnstler gefragt. Das Projekt basiert auf internationaler, k\u00fcnstlerischer Zusammenarbeit. Immer zwei K\u00fcnstler arbeiten gemeinsam an einer Wand, so dass neue Dynamiken durch die Zusammenarbeit auf der Brandwand entstehen. Ein Aufeinandertreffen aus Malerei, Grafik, Illustration, und Design, aus Gegenst\u00e4dlichem und Abstrakten, aus fl\u00e4chigen Formen oder Strichen wird die Friedrichstadt und ihre vergessenen W\u00e4nde befl\u00fcgeln.<\/p>\n<p>Das Stadtviertel Dresden Friedrichstadt hat trotz Zentrumsn\u00e4he einen h\u00f6heren Anteil an Brachen als andere Viertel: Brachen auf denen ungest\u00f6rt Wandmalerei zelebriert werden kann oder Ausstellungsprojekte realisiert werden k\u00f6nnen. riesa efau. Kultur Forum Dresden besch\u00e4ftigt sich bereits seit l\u00e4ngerem mit Gestaltungsmitteln in und f\u00fcr Dresden-Friedrichstadt, die den k\u00fcnstlerischen wie gesellschaftlichen Raum beeinflussen und so unser Leben pr\u00e4gen. Ebenso wie bei fr\u00fcheren auf den Stadtteil bezogenen Projekten (<a href=\"http:\/\/www.dresden-friedrichstadt.de\/\" target=\"_blank\">www.dresden-friedrichstadt.de<\/a>\u00a0oder\u00a0<a href=\"http:\/\/www.citybrache.de\/\" target=\"_blank\">www.citybrache.de<\/a>\u00a0und auch die Ausstellung<a href=\"http:\/\/riesa-efau.de\/gesellschaft-gestalten\/citybilder-kunst-auf-brandwaenden\/kunst-erleben\/motorenhalle\/archiv\/2009\/03\/20\/urban-script-continues-09-muralismo-morte-231\/\" target=\"_blank\">&#8222;muralismo morte&#8220;<\/a>\u00a0in der Motorenhalle) soll auch dieses Engagement im Stadtraum sichtbar werden.<\/p>\n<p><strong>K\u00fcnstler (Herkunft) \/ Titel (Stra\u00dfe)<br \/>\n<\/strong><\/p>\n<p>Kenor &amp; H101 (Barcelona) \/ Ohne Titel (Sch\u00e4ferstra\u00dfe 69)<br \/>\nGraphic Surgery (Amsterdam) \/ Bauhaus (Vorwerkstra\u00dfe 15)<br \/>\nSaddo (Bucharest) &amp; Other (Montreal) \/ Ohne Titel (Waltherstra\u00dfe 23)<br \/>\nJens Besser (Dresden) \/ Day &amp; Night (Behringstra\u00dfe 11 &amp; 14)<br \/>\nRyan Spring Dooley (Naples) &amp; Moneyless (Lucca) \/ Ohne Titel (Wachsbleichstra\u00dfe 6)<br \/>\nXpome, More (Sofia) &amp; Jens Besser (Dresden) \/ Bananenrepublik (Adlergasse 16)<br \/>\nFrm Kid &amp; Otecki (Wroc\u0142aw) \/ After \u201dDie Br\u00fccke\u201d (Wachsbleichstra\u00dfe 69)<br \/>\nDeutschland-Bulgarien 3:3 \/ Ohne Titel (Schweriner Stra\u00dfe 52)<br \/>\nZonenkinder (Hamburg) \/ Ohne Titel (Wachsbleichstra\u00dfe 8 )<br \/>\nAris (Viareggio) \/ Ohne Titel\u00a0 (Betriebshof Waltherstra\u00dfe \/ Vorwerkstra\u00dfe 8 )<\/p>\n<div><\/div>\n","protected":false},"excerpt":{"rendered":"<p>Ein halbes Jahr intensiver Wandmalerei liegt hinter uns. Der Event-artige Start mit der Realisierung der ersten f\u00fcnf W\u00e4nde gab dem &hellip; <\/p>\n","protected":false},"author":2,"featured_media":0,"parent":12,"menu_order":0,"comment_status":"open","ping_status":"open","template":"","meta":{"_acf_changed":false,"footnotes":""},"categories":[7,14],"class_list":["post-485","page","type-page","status-publish","hentry","category-murals","category-projekte"],"acf":[],"_links":{"self":[{"href":"https:\/\/www.anartchy.com\/urbanscript\/wp-json\/wp\/v2\/pages\/485","targetHints":{"allow":["GET"]}}],"collection":[{"href":"https:\/\/www.anartchy.com\/urbanscript\/wp-json\/wp\/v2\/pages"}],"about":[{"href":"https:\/\/www.anartchy.com\/urbanscript\/wp-json\/wp\/v2\/types\/page"}],"author":[{"embeddable":true,"href":"https:\/\/www.anartchy.com\/urbanscript\/wp-json\/wp\/v2\/users\/2"}],"replies":[{"embeddable":true,"href":"https:\/\/www.anartchy.com\/urbanscript\/wp-json\/wp\/v2\/comments?post=485"}],"version-history":[{"count":5,"href":"https:\/\/www.anartchy.com\/urbanscript\/wp-json\/wp\/v2\/pages\/485\/revisions"}],"predecessor-version":[{"id":662,"href":"https:\/\/www.anartchy.com\/urbanscript\/wp-json\/wp\/v2\/pages\/485\/revisions\/662"}],"up":[{"embeddable":true,"href":"https:\/\/www.anartchy.com\/urbanscript\/wp-json\/wp\/v2\/pages\/12"}],"wp:attachment":[{"href":"https:\/\/www.anartchy.com\/urbanscript\/wp-json\/wp\/v2\/media?parent=485"}],"wp:term":[{"taxonomy":"category","embeddable":true,"href":"https:\/\/www.anartchy.com\/urbanscript\/wp-json\/wp\/v2\/categories?post=485"}],"curies":[{"name":"wp","href":"https:\/\/api.w.org\/{rel}","templated":true}]}}