{"id":427,"date":"2012-10-08T13:56:05","date_gmt":"2012-10-08T13:56:05","guid":{"rendered":"http:\/\/www.anartchy.com\/urbanscript\/?page_id=427"},"modified":"2014-01-31T21:33:28","modified_gmt":"2014-01-31T21:33:28","slug":"fuhrung-conceptional-vandalism","status":"publish","type":"page","link":"https:\/\/www.anartchy.com\/urbanscript\/2012-2\/conceptual-vandalism\/fuhrung-conceptional-vandalism\/","title":{"rendered":"F\u00fchrung &#8211; &#8222;Conceptual Vandalism&#8220;"},"content":{"rendered":"<p>F\u00fchrung mit Jens Besser durch die Ausstellung. In ausf\u00fchrlichen Erkl\u00e4rungen zu den gezeigten Werken wird den F\u00fchrungsteilnehmern viel Hintergundinformation geboten.<\/p>\n<p>Anschlie\u00dfend findet ein gemeinsames \u201cBahnhofs-Benching\u201d statt. Wir begeben uns auf die Spuren von Bespr\u00fchungen auf Z\u00fcgen und mit viel Gl\u00fcck werden wir gar frische Inteventionen sehen.<\/p>\n<p>Bitte Monatskarte oder Stundenfahrt (VVO &#8211; Dresden) mitbringen.<\/p>\n<div><\/div>\n","protected":false},"excerpt":{"rendered":"<p>F\u00fchrung durch die Ausstellung mit ausf\u00fchrlichen Erkl\u00e4rungen zu den gezeigten Werken. Anschlie\u00dfend findet ein gemeinsames &#8222;Bahnhofs-Benching&#8220; statt. Bitte dazu Monatskarte &hellip; <\/p>\n","protected":false},"author":2,"featured_media":0,"parent":354,"menu_order":0,"comment_status":"open","ping_status":"open","template":"","meta":{"_acf_changed":false,"footnotes":""},"categories":[4],"class_list":["post-427","page","type-page","status-publish","hentry","category-fuehrungen"],"acf":[],"_links":{"self":[{"href":"https:\/\/www.anartchy.com\/urbanscript\/wp-json\/wp\/v2\/pages\/427","targetHints":{"allow":["GET"]}}],"collection":[{"href":"https:\/\/www.anartchy.com\/urbanscript\/wp-json\/wp\/v2\/pages"}],"about":[{"href":"https:\/\/www.anartchy.com\/urbanscript\/wp-json\/wp\/v2\/types\/page"}],"author":[{"embeddable":true,"href":"https:\/\/www.anartchy.com\/urbanscript\/wp-json\/wp\/v2\/users\/2"}],"replies":[{"embeddable":true,"href":"https:\/\/www.anartchy.com\/urbanscript\/wp-json\/wp\/v2\/comments?post=427"}],"version-history":[{"count":9,"href":"https:\/\/www.anartchy.com\/urbanscript\/wp-json\/wp\/v2\/pages\/427\/revisions"}],"predecessor-version":[{"id":1221,"href":"https:\/\/www.anartchy.com\/urbanscript\/wp-json\/wp\/v2\/pages\/427\/revisions\/1221"}],"up":[{"embeddable":true,"href":"https:\/\/www.anartchy.com\/urbanscript\/wp-json\/wp\/v2\/pages\/354"}],"wp:attachment":[{"href":"https:\/\/www.anartchy.com\/urbanscript\/wp-json\/wp\/v2\/media?parent=427"}],"wp:term":[{"taxonomy":"category","embeddable":true,"href":"https:\/\/www.anartchy.com\/urbanscript\/wp-json\/wp\/v2\/categories?post=427"}],"curies":[{"name":"wp","href":"https:\/\/api.w.org\/{rel}","templated":true}]}}