{"id":400,"date":"2012-10-08T11:26:01","date_gmt":"2012-10-08T11:26:01","guid":{"rendered":"http:\/\/www.anartchy.com\/urbanscript\/?page_id=400"},"modified":"2012-10-30T14:42:17","modified_gmt":"2012-10-30T14:42:17","slug":"katalogprasentation-raum-city-bilder-kunst-auf-brandwanden","status":"publish","type":"page","link":"https:\/\/www.anartchy.com\/urbanscript\/2011-2\/citybilder-collaborative-murals-in-dresden-friedrichstadt\/katalogprasentation-raum-city-bilder-kunst-auf-brandwanden\/","title":{"rendered":"Katalogpr\u00e4sentation &#8222;RAUM City Bilder &#8211; Kunst auf Brandw\u00e4nden&#8220;"},"content":{"rendered":"<p>2500 Quadratmeter bemalte Wandfl\u00e4che, 18 K\u00fcnstler, aus 9 L\u00e4ndern &#8211; das Ergebnis von &#8222;RAUM City Bilder &#8211; Kunst auf Brandw\u00e4nden&#8220; kann sich sehen lassen.<br \/>\nDie Friedrichstadt wurde binnen eines Jahres um 10 gro\u00dfformartige Murals reicher und ist Europas &#8222;gro\u00dfformatigste&#8220; Galerie unter freiem Himmel f\u00fcr Zusammenarbeiten der Urban Art.<br \/>\nJens Besser lud dazu internationale K\u00fcnstler u.a. aus Kanada, USA, Italien, Spanien oder Bulgarien ein. Die K\u00fcnstler schufen innerhalb weniger Tage Wandbilder in intensiver Zusammenarbeit. Die Stilvielfalt zeigt einen \u00dcberblick \u00fcber zeitgen\u00f6ssische Wandmalerei &#8211; von abstrakt \u00fcber comichaft bis gegenst\u00e4ndlich.<\/p>\n<p>Um dem Projekt einen geb\u00fcrtigen Abschluss zu geben, wird am 12.10. der begleitende Katalog in der Dresdner Motorenhalle pr\u00e4sentiert. Jens Besser, Kurator und K\u00fcnstler im Projekt, stellt die W\u00e4nde und ihre K\u00fcnstler in Wort und Bild vor.<\/p>\n<p>Dieses Projekt wird aus Mitteln der Europ\u00e4ischen Union und der Landeshauptstadt Dresden gef\u00f6rdert und ist in Kooperation mit dem riesa efau. Kultur Forum Dresden entstanden.<\/p>\n","protected":false},"excerpt":{"rendered":"<p>2500 Quadratmeter bemalte Wandfl\u00e4che, 18 K\u00fcnstler, aus 9 L\u00e4ndern &#8211; das Ergebnis von &#8222;RAUM City Bilder &#8211; Kunst auf Brandw\u00e4nden&#8220; &hellip; <\/p>\n","protected":false},"author":2,"featured_media":0,"parent":485,"menu_order":0,"comment_status":"open","ping_status":"open","template":"","meta":{"_acf_changed":false,"footnotes":""},"categories":[5],"class_list":["post-400","page","type-page","status-publish","hentry","category-vortraege"],"acf":[],"_links":{"self":[{"href":"https:\/\/www.anartchy.com\/urbanscript\/wp-json\/wp\/v2\/pages\/400","targetHints":{"allow":["GET"]}}],"collection":[{"href":"https:\/\/www.anartchy.com\/urbanscript\/wp-json\/wp\/v2\/pages"}],"about":[{"href":"https:\/\/www.anartchy.com\/urbanscript\/wp-json\/wp\/v2\/types\/page"}],"author":[{"embeddable":true,"href":"https:\/\/www.anartchy.com\/urbanscript\/wp-json\/wp\/v2\/users\/2"}],"replies":[{"embeddable":true,"href":"https:\/\/www.anartchy.com\/urbanscript\/wp-json\/wp\/v2\/comments?post=400"}],"version-history":[{"count":8,"href":"https:\/\/www.anartchy.com\/urbanscript\/wp-json\/wp\/v2\/pages\/400\/revisions"}],"predecessor-version":[{"id":463,"href":"https:\/\/www.anartchy.com\/urbanscript\/wp-json\/wp\/v2\/pages\/400\/revisions\/463"}],"up":[{"embeddable":true,"href":"https:\/\/www.anartchy.com\/urbanscript\/wp-json\/wp\/v2\/pages\/485"}],"wp:attachment":[{"href":"https:\/\/www.anartchy.com\/urbanscript\/wp-json\/wp\/v2\/media?parent=400"}],"wp:term":[{"taxonomy":"category","embeddable":true,"href":"https:\/\/www.anartchy.com\/urbanscript\/wp-json\/wp\/v2\/categories?post=400"}],"curies":[{"name":"wp","href":"https:\/\/api.w.org\/{rel}","templated":true}]}}