{"id":354,"date":"2012-06-30T06:15:06","date_gmt":"2012-06-30T06:15:06","guid":{"rendered":"http:\/\/www.anartchy.com\/urbanscript\/?page_id=354"},"modified":"2014-01-31T21:27:55","modified_gmt":"2014-01-31T21:27:55","slug":"conceptual-vandalism","status":"publish","type":"page","link":"https:\/\/www.anartchy.com\/urbanscript\/2012-2\/conceptual-vandalism\/","title":{"rendered":"Conceptual Vandalism"},"content":{"rendered":"<p><em>for english text version scroll down\u00a0<\/em><br \/>\nMitte der 1980er schwappte das US-amerikanische Ph\u00e4nomen U-Bahn Wagen zu bespr\u00fchen nach Europa \u00fcber. Da es in wenigen St\u00e4dten gro\u00dffl\u00e4chige Metrosystem gab, konzentrierte man sich auf andere Nahverkehrsmittel . S-Bahnen und Regionalz\u00fcge schienen das perfekte Pendant zu sein, um die amerikanischen Vorbilder zu imitieren. Die Writing Ideologie \u201cSchreibe deinen Namen so oft wie nur m\u00f6glich auf Z\u00fcgen\u201d wurde dabei \u00fcbernommen.<\/p>\n<p>Seit 2000 sind neue Tendenzen zu entdecken. Das simple Namedropping wurde einer Gruppe Spr\u00fcher zu langweilig. Sie entwickelten neue Strategien auf Z\u00fcgen zu malen. Bis 2009 war es eine kleine Gruppe an Zugk\u00fcnstlern die sich vom klassischen Writing auf Z\u00fcgen getrennt haben. Seitdem scheinen, durch den Einfluss des Internets, immer mehr Writer das \u201cZ\u00fcge Verkunsten\u201d als ernsthafte Strategie zu begreifen.Conceptual Vandalism fasst eine Gruppe Zugmaler zusammen die bereits vor 2009 im non-writing Kontext konzeptuell auf Z\u00fcgen arbeiteten.<\/p>\n<p><strong>Werke der Ausstellung<\/strong><br \/>\nDie Originalkunstwerke werden in Deutschland immer binnen k\u00fcrzester Zeit zerst\u00f6rt. Die Fotografie ist das am weitesten verbreitete Medium zur Dokumentation der Werke. Deshalb zeigt die Ausstellung vor allem dokumentarische Fotografie. Erg\u00e4nzt wird der Inhalt durch Skizzen, Objekte, Videos und Internetinhalte.<\/p>\n<p><strong>K\u00fcnstler<\/strong><br \/>\nAn der Ausstellung beteiligen sich K\u00fcnstler, die nicht \u00f6ffentlich in Erscheinung treten. Die K\u00fcnstler aggieren ausschlie\u00dflich im Untergrund. Zugmalerei ist bis heute illegal und wird strafrechtlich verfolgt.<\/p>\n<p>Seit 2010 sammelt der Kurator Jens Besser auf dem <a title=\"trainworks blog\" href=\"http:\/\/trainworks.blogspot.de\/\" target=\"_blank\">Trainworks-Blog<\/a> non-writing Zugmalereien imNetz. Nun werden erstmals <strong>unver\u00f6ffentliche Bilder<\/strong> seiner umfangreichen Recherchen gezeigt.<\/p>\n<div>Vernissage 30.11.2012, 20 Uhr, Motorenhalle, Dresden<\/div>\n<div>Ausstellungsdauer 30.11.12-12.1.2013<\/div>\n<div>F\u00fchrungen durch die Ausstellung mit anschlie\u00dfendem Bahnhofsbenching : 8.12. &amp; 5.01.<\/div>\n<div>Vortrag im Rahmen der Ausstellung : 12.12.<\/div>\n<div>Videoabend : 5.12.<\/div>\n<div>\u00d6ffnungszeiten: Di-Fr 16-20 Uhr, Sa 14-18 Uhr<\/div>\n<div><\/div>\n<div><a title=\"Flyer download - conceptual Vandalism\" href=\"https:\/\/www.anartchy.com\/urbanscript\/wp-content\/uploads\/finaler_sticker_web.pdf\">Hier kann der Flyer zur Ausstellung heruntergeladen werden<\/a><\/div>\n<p>&nbsp;<\/p>\n<p><em>english text\u00a0<\/em><\/p>\n<div>\n<p>During the 1980s, the US-phenomenon to spray subway wagons spilled over to Europe. Because there were only a few cities with a large-scale subway-system, the sprayers concentrated on the local public transport system. The suburban trains and the regional railway system seemed to be the perfect counterparts to imitate the American model. Along the way, the sprayers adopted the writing ideology \u201cwrite your name on trains as often as you can\u201c.<\/p>\n<p>Since the year 2000, new trends have been discovered. A group of sprayers got bored with the simple \u201cname-dropping\u201d. They developed new strategies to paint on trains. Until 2009 it was a small group of \u201etrain-artists\u201c that separated itself from the classical writing on trains. Since then, through the impact of the internet, more and more writers have seemed to realize art-creation on trains as a serious new strategy. Conceptual Vandalism integrates a group of train-painters who were working conceptually on trains in the non writing context even before 2009.<\/p>\n<p><strong>Artworks of the exhibition<\/strong><br \/>\nThe original artworks are always destroyed in Germany in short time. Photography is the most common medium for the documentation of the works. Therefore, mainly documentary photos will be shown in the exhibition. It will be complemented by sketches, objects, videos and internet-contents.<\/p>\n<p><strong>Artists<\/strong><br \/>\nOnly artists who do not appear in the public space take part in the exhibition. They act solely in the underground. Train-painting is still illegal and criminally prosecuted.<\/p>\n<p>Curator:Jens Besser<\/p>\n<\/div>\n","protected":false},"excerpt":{"rendered":"<p>Seit 2000 sind neue Tendenzen des &#8222;Trainpaintings&#8220; zu entdecken. Das simple Namedropping, wie es bereits jahrzehntelang Writern praktizierten, wurde einer &hellip; <\/p>\n","protected":false},"author":2,"featured_media":0,"parent":15,"menu_order":0,"comment_status":"open","ping_status":"open","template":"","meta":{"_acf_changed":false,"footnotes":""},"categories":[1,4,14,5],"class_list":["post-354","page","type-page","status-publish","hentry","category-ausstellungen","category-fuehrungen","category-projekte","category-vortraege"],"acf":[],"_links":{"self":[{"href":"https:\/\/www.anartchy.com\/urbanscript\/wp-json\/wp\/v2\/pages\/354","targetHints":{"allow":["GET"]}}],"collection":[{"href":"https:\/\/www.anartchy.com\/urbanscript\/wp-json\/wp\/v2\/pages"}],"about":[{"href":"https:\/\/www.anartchy.com\/urbanscript\/wp-json\/wp\/v2\/types\/page"}],"author":[{"embeddable":true,"href":"https:\/\/www.anartchy.com\/urbanscript\/wp-json\/wp\/v2\/users\/2"}],"replies":[{"embeddable":true,"href":"https:\/\/www.anartchy.com\/urbanscript\/wp-json\/wp\/v2\/comments?post=354"}],"version-history":[{"count":18,"href":"https:\/\/www.anartchy.com\/urbanscript\/wp-json\/wp\/v2\/pages\/354\/revisions"}],"predecessor-version":[{"id":1219,"href":"https:\/\/www.anartchy.com\/urbanscript\/wp-json\/wp\/v2\/pages\/354\/revisions\/1219"}],"up":[{"embeddable":true,"href":"https:\/\/www.anartchy.com\/urbanscript\/wp-json\/wp\/v2\/pages\/15"}],"wp:attachment":[{"href":"https:\/\/www.anartchy.com\/urbanscript\/wp-json\/wp\/v2\/media?parent=354"}],"wp:term":[{"taxonomy":"category","embeddable":true,"href":"https:\/\/www.anartchy.com\/urbanscript\/wp-json\/wp\/v2\/categories?post=354"}],"curies":[{"name":"wp","href":"https:\/\/api.w.org\/{rel}","templated":true}]}}