{"id":262,"date":"2012-05-07T17:00:46","date_gmt":"2012-05-07T17:00:46","guid":{"rendered":"http:\/\/www.anartchy.com\/urbanscript\/?page_id=262"},"modified":"2012-06-01T11:23:27","modified_gmt":"2012-06-01T11:23:27","slug":"forschungsergebnisse-seit-1990","status":"publish","type":"page","link":"https:\/\/www.anartchy.com\/urbanscript\/2012-2\/the-scientific-lessons\/forschungsergebnisse-seit-1990\/","title":{"rendered":"Untote \u2013 Betrachtungen \u00fcber einige Generationen Street Art"},"content":{"rendered":"<p>Der kollektive Ged\u00e4chtnisschwund sorgt regelm\u00e4\u00dfig daf\u00fcr, dass Street Art immer wieder neu entdeckt wird &#8211; auch wenn es sie seit Jahrtausenden gibt. Grund genug, einmal dar\u00fcber nachzudenken und vor allem genau anzusehen, was sich \u00e4ndert und was konstant ist unter allen diesen h\u00f6chst unterschiedlichen Auspr\u00e4gungen der unbestellten Kunst auf den Stra\u00dfen. Dabei geht es keineswegs nur um Styles, Orte und Aktionen, sondern auch um gesellschaftliche Zusammenh\u00e4nge und Haltungen. Und nicht zuletzt spielt eine gro\u00dfe Rolle, unter welchem Aspekt man sich dieser Kunst n\u00e4hert: als Publikum, als Wissenschaftler, als Vermittler oder als K\u00fcnstler.<\/p>\n<p><a href=\"http:\/\/j-stahl.de\/\">Johannes Stahl <\/a>z\u00e4hlt zu den Urgesteinen der Graffitiforschung im deutschsprachigen Raum. Seit den 1980 recherchiert Stahl zur ungenehmigten Strassenkunst und publizierte seitdem zahlreiche B\u00fccher.<\/p>\n<p>Der Vortrag startet um 20 Uhr<\/p>\n<p>Spendenbeitrag : \u00a02\u20ac erm\u00e4ssigt \/ 5\u20ac normal<\/p>\n","protected":false},"excerpt":{"rendered":"<p>Dr. J. Stahl z\u00e4hlt zu den Urgesteinen der Graffitiforschung im deutschsprachigen Raum. Bereits Anfang der 1990er erscheint seine Dissertation zu &hellip; <\/p>\n","protected":false},"author":2,"featured_media":0,"parent":53,"menu_order":0,"comment_status":"open","ping_status":"open","template":"","meta":{"_acf_changed":false,"footnotes":""},"categories":[5],"class_list":["post-262","page","type-page","status-publish","hentry","category-vortraege"],"acf":[],"_links":{"self":[{"href":"https:\/\/www.anartchy.com\/urbanscript\/wp-json\/wp\/v2\/pages\/262","targetHints":{"allow":["GET"]}}],"collection":[{"href":"https:\/\/www.anartchy.com\/urbanscript\/wp-json\/wp\/v2\/pages"}],"about":[{"href":"https:\/\/www.anartchy.com\/urbanscript\/wp-json\/wp\/v2\/types\/page"}],"author":[{"embeddable":true,"href":"https:\/\/www.anartchy.com\/urbanscript\/wp-json\/wp\/v2\/users\/2"}],"replies":[{"embeddable":true,"href":"https:\/\/www.anartchy.com\/urbanscript\/wp-json\/wp\/v2\/comments?post=262"}],"version-history":[{"count":5,"href":"https:\/\/www.anartchy.com\/urbanscript\/wp-json\/wp\/v2\/pages\/262\/revisions"}],"predecessor-version":[{"id":345,"href":"https:\/\/www.anartchy.com\/urbanscript\/wp-json\/wp\/v2\/pages\/262\/revisions\/345"}],"up":[{"embeddable":true,"href":"https:\/\/www.anartchy.com\/urbanscript\/wp-json\/wp\/v2\/pages\/53"}],"wp:attachment":[{"href":"https:\/\/www.anartchy.com\/urbanscript\/wp-json\/wp\/v2\/media?parent=262"}],"wp:term":[{"taxonomy":"category","embeddable":true,"href":"https:\/\/www.anartchy.com\/urbanscript\/wp-json\/wp\/v2\/categories?post=262"}],"curies":[{"name":"wp","href":"https:\/\/api.w.org\/{rel}","templated":true}]}}