{"id":218,"date":"2012-05-05T15:18:42","date_gmt":"2012-05-05T15:18:42","guid":{"rendered":"http:\/\/www.anartchy.com\/urbanscript\/?page_id=218"},"modified":"2014-01-30T09:29:48","modified_gmt":"2014-01-30T09:29:48","slug":"muralismo-morte-the-rebirth-of-muralism-in-contemporary-urban-art","status":"publish","type":"page","link":"https:\/\/www.anartchy.com\/urbanscript\/2009-2\/muralismo-morte\/muralismo-morte-the-rebirth-of-muralism-in-contemporary-urban-art\/","title":{"rendered":"Muralismo Morte &#8211; The Rebirth of Muralism in Contemporary Urban Art"},"content":{"rendered":"<p>mit Beitr\u00e4gen u.a. von Robert Kaltenh\u00e4user, Peter Michalski, Resto und Thilo Fr\u00f6bel.<\/p>\n<p>K\u00fcnstler im Buch : \u00a0Remed, Klub 7, Aec &amp; Waone (Interesni Kazki), Kislow, Blu,\u00a0Roa, Os Gemeos, Escif, Jens Besser, \u00a0Sonice Development, 3ttman, \u00a0and many more.<\/p>\n<p>Format: 28.5 x 21 cm (11.22 x 8.27 inches)<br \/>\n200 Seiten, farbig, ca. 300 Fotos und Illustrationen<br \/>\nHardcover<\/p>\n<p>Sprache: Englisch<\/p>\n<p>ISBN Hardcover: 978-3-937946-29-0<br \/>\nPreis: 24,95 \u20ac<\/p>\n<p>erh\u00e4ltlich <a href=\"http:\/\/www.fromheretofame.com\/books\/muralismo.html\">hier<\/a><\/p>\n<p>&nbsp;<\/p>\n<p>der blog zum buch &#8211;\u00a0<a href=\" http:\/\/muralismomorte.blogspot.com\">muralismomorte.blogspot.com<\/a><\/p>\n","protected":false},"excerpt":{"rendered":"<p>mit Beitr\u00e4gen u.a. von Robert Kaltenh\u00e4user, Peter Michalski, Resto und Thilo Fr\u00f6bel. K\u00fcnstler im Buch : \u00a0Remed, Klub 7, Aec &hellip; <\/p>\n","protected":false},"author":2,"featured_media":0,"parent":1051,"menu_order":0,"comment_status":"open","ping_status":"open","template":"","meta":{"_acf_changed":false,"footnotes":""},"categories":[10],"class_list":["post-218","page","type-page","status-publish","hentry","category-publikationen"],"acf":[],"_links":{"self":[{"href":"https:\/\/www.anartchy.com\/urbanscript\/wp-json\/wp\/v2\/pages\/218","targetHints":{"allow":["GET"]}}],"collection":[{"href":"https:\/\/www.anartchy.com\/urbanscript\/wp-json\/wp\/v2\/pages"}],"about":[{"href":"https:\/\/www.anartchy.com\/urbanscript\/wp-json\/wp\/v2\/types\/page"}],"author":[{"embeddable":true,"href":"https:\/\/www.anartchy.com\/urbanscript\/wp-json\/wp\/v2\/users\/2"}],"replies":[{"embeddable":true,"href":"https:\/\/www.anartchy.com\/urbanscript\/wp-json\/wp\/v2\/comments?post=218"}],"version-history":[{"count":7,"href":"https:\/\/www.anartchy.com\/urbanscript\/wp-json\/wp\/v2\/pages\/218\/revisions"}],"predecessor-version":[{"id":608,"href":"https:\/\/www.anartchy.com\/urbanscript\/wp-json\/wp\/v2\/pages\/218\/revisions\/608"}],"up":[{"embeddable":true,"href":"https:\/\/www.anartchy.com\/urbanscript\/wp-json\/wp\/v2\/pages\/1051"}],"wp:attachment":[{"href":"https:\/\/www.anartchy.com\/urbanscript\/wp-json\/wp\/v2\/media?parent=218"}],"wp:term":[{"taxonomy":"category","embeddable":true,"href":"https:\/\/www.anartchy.com\/urbanscript\/wp-json\/wp\/v2\/categories?post=218"}],"curies":[{"name":"wp","href":"https:\/\/api.w.org\/{rel}","templated":true}]}}