{"id":21,"date":"2012-03-27T10:17:15","date_gmt":"2012-03-27T10:17:15","guid":{"rendered":"http:\/\/www.anartchy.com\/urbanscript\/?page_id=21"},"modified":"2012-05-05T15:11:39","modified_gmt":"2012-05-05T15:11:39","slug":"noch-eine-ausstellung","status":"publish","type":"page","link":"https:\/\/www.anartchy.com\/urbanscript\/2012-2\/the-scientific-lessons\/noch-eine-ausstellung\/","title":{"rendered":"Nightshift"},"content":{"rendered":"<p>&#8222;urban script continues 2012 &#8211; the scientific lessons&#8220; geht los !<\/p>\n<p id=\"yui_3_4_0_3_1336228085688_615\">Die Ausstellung &#8222;Nightshift&#8220; von Bozhidar Asenov und Jens Besser im hip hip atelier Sofia ist in diesem Jahr der erste urban script continues event.<\/p>\n<p>Beide K\u00fcnstler haben sich mit den n\u00e4chtlichen Erkundungstouren von Zugmalern und Spr\u00fchern besch\u00e4ftigt.<\/p>\n<p>Asenov&#8217;s Fotografien sind Dokumente performativen, malerischen Handlens. Sie zeigen atmosph\u00e4rische Eindr\u00fccke aus der Welt der Zugmaler. Zugmaler, die Nachts durch abgesperrtes Bahnareal schleichen, auf der Suche nach dem perfekten Spot, auf der Suche nach Adrenalin und auf der Suche nach Freiheit.<\/p>\n<p><a title=\"jens besser webste\" href=\"http:\/\/jensbesser.blogspot.de\/\">Jens Besser<\/a> n\u00e4hert sich auf zeichnerische Weise dem Sujet des Zugmalens. Er zeigt eine Auswahl an \u00dcberzeichneten Tickets und Markerzeichnungen auf dunklem Grund. Dazu reiste er quer durch Europa um Zugmaler zu treffen, sie zu beobachten und zu interviewen.<\/p>\n<p>Bereits 2010 begleitet er im Rahmen eines Stipendiums einen Monat lang einen Zugmaler. Dabei fertigte er zahlreiche Portraits von Zugmalern an, fotografierte die Kunstvandalen in Aktion oder schuf gro\u00dfformatige Wandbilder zum Thema in Barcelona, Modena und Viareggio in Italien , Ljubljana in Slowenien und Dresden.<\/p>\n<p id=\"yui_3_4_0_3_1336228085688_613\">Die Er\u00f6ffnung der Ausstellung findet am 11.Mai 19 uhr statt.<br \/>\nDie Ausstellung ist nach Vereinbarung bis 31. Mai zu besuchen.<\/p>\n","protected":false},"excerpt":{"rendered":"<p>Die Ausstellung \u201cNightshift\u201d von Bozhidar Asenov und Jens Besser im hip hip atelier Sofia ist in diesem Jahr der erste &hellip; <\/p>\n","protected":false},"author":1,"featured_media":0,"parent":53,"menu_order":0,"comment_status":"open","ping_status":"open","template":"","meta":{"_acf_changed":false,"footnotes":""},"categories":[1],"class_list":["post-21","page","type-page","status-publish","hentry","category-ausstellungen"],"acf":[],"_links":{"self":[{"href":"https:\/\/www.anartchy.com\/urbanscript\/wp-json\/wp\/v2\/pages\/21","targetHints":{"allow":["GET"]}}],"collection":[{"href":"https:\/\/www.anartchy.com\/urbanscript\/wp-json\/wp\/v2\/pages"}],"about":[{"href":"https:\/\/www.anartchy.com\/urbanscript\/wp-json\/wp\/v2\/types\/page"}],"author":[{"embeddable":true,"href":"https:\/\/www.anartchy.com\/urbanscript\/wp-json\/wp\/v2\/users\/1"}],"replies":[{"embeddable":true,"href":"https:\/\/www.anartchy.com\/urbanscript\/wp-json\/wp\/v2\/comments?post=21"}],"version-history":[{"count":9,"href":"https:\/\/www.anartchy.com\/urbanscript\/wp-json\/wp\/v2\/pages\/21\/revisions"}],"predecessor-version":[{"id":216,"href":"https:\/\/www.anartchy.com\/urbanscript\/wp-json\/wp\/v2\/pages\/21\/revisions\/216"}],"up":[{"embeddable":true,"href":"https:\/\/www.anartchy.com\/urbanscript\/wp-json\/wp\/v2\/pages\/53"}],"wp:attachment":[{"href":"https:\/\/www.anartchy.com\/urbanscript\/wp-json\/wp\/v2\/media?parent=21"}],"wp:term":[{"taxonomy":"category","embeddable":true,"href":"https:\/\/www.anartchy.com\/urbanscript\/wp-json\/wp\/v2\/categories?post=21"}],"curies":[{"name":"wp","href":"https:\/\/api.w.org\/{rel}","templated":true}]}}