{"id":202,"date":"2012-05-05T14:58:58","date_gmt":"2012-05-05T14:58:58","guid":{"rendered":"http:\/\/www.anartchy.com\/urbanscript\/?page_id=202"},"modified":"2012-05-09T07:15:17","modified_gmt":"2012-05-09T07:15:17","slug":"public-con-temporary","status":"publish","type":"page","link":"https:\/\/www.anartchy.com\/urbanscript\/2010-2\/public-con-temporary\/","title":{"rendered":"public con temporary"},"content":{"rendered":"<p>public \u2013 \u00f6ffentlich (public art \u2013 Kunst im \u00f6ffentlichen Raum, Skulptur, Wandbild, Streetart)<br \/>\ncon \u2013 mit (spanisch &amp; italienisch \u2013 bekannt durch &#8222;Chili con carne&#8220;)<br \/>\ntemporary \u2013 vor\u00fcbergehend, befristet, provisorisch<br \/>\ncontemporary \u2013 zeitgen\u00f6ssisch (zeitgen\u00f6ssische Kunst)<\/p>\n<p>Der Titel steht f\u00fcr tempor\u00e4re, zeitgen\u00f6ssische Kunst im \u00f6ffentlichen Raum.<\/p>\n<p>In Zeiten der zunehmenden Privatisierung, B\u00fcrokratisierung und \u00dcberwachung entwickeln bildende K\u00fcnstler neue Strategien, um im \u00f6ffentlichen Raum zu intervenieren.<\/p>\n<p>Diese Interventionen sind zeitlich begrenzt. Die Gr\u00fcnde daf\u00fcr sind verschieden. Mal bekommt man nur vor\u00fcbergehend eine Genehmigung f\u00fcr Kunstwerke, mal nutzen die Eingriffe gl\u00fcckliche L\u00fccken im System (wie die Kreidezeichnungen von Jens Besser oder die Wunderkerzenperformance von Katalin Husz\u00e1r).<br \/>\nManche K\u00fcnstler ziehen es gar vor, ihre Kunstwerke nur tempor\u00e4r zu installieren (siehe bulb \u2013 the strolling gallery von Bertram Weisshaar).<br \/>\nDie K\u00fcnstler der Mehrzweckhalle Linz ignorieren Einschr\u00e4nkungen g\u00e4nzlich. Auf einer Linzer Brache errichten Sie einen eigenen Ausstellungsraum und weisen damit auf den Mangel an preiswerten Ateliers und R\u00e4umen im st\u00e4dtischen Raum hin.<br \/>\nTanz und Musik spielen seit jeher eine Rolle im \u00f6ffentlichen Raum. Deshalb wurden die T\u00e4nzerin Teresa Hackel und die Musikerin L\u00fc zum Projekt eingeladen. Beide engagieren sich schon l\u00e4nger f\u00fcr zeitgen\u00f6ssischen Tanz und Musik in der Dresdner Initiative \u201efriedrichstadtZentral\u201c.<br \/>\nStreet Artists gehen verschiedene Wege. Street Art ist immer ungenehmigt, also illegal. Street Artists nutzen unter anderem auf Strassen gefundenes Material f\u00fcr ihre Kunstwerke und hinterlassen diese im \u00f6ffentlichen Raum. Sie bemalen W\u00e4nde. Gro\u00dfformatig, in n\u00e4chtlichen Aktionen. Sie plakatieren selbstgemalte Cut-outs oder platzieren Sticker an Stromk\u00e4sten. Auch Streetart ist tempor\u00e4r, denn die K\u00fcnstler hinterlassen ihre Werke der \u00d6ffentlichkeit. Sie entscheidet \u00fcber Erhalt oder Zerst\u00f6rung. Welche Streetartists teilnehmen, wird nicht bekannt gegeben, denn die K\u00fcnstler agieren anonym.<\/p>\n","protected":false},"excerpt":{"rendered":"<p>public \u2013 \u00f6ffentlich (public art \u2013 Kunst im \u00f6ffentlichen Raum, Skulptur, Wandbild, Streetart) con \u2013 mit (spanisch &amp; italienisch \u2013 &hellip; <\/p>\n","protected":false},"author":2,"featured_media":0,"parent":10,"menu_order":0,"comment_status":"open","ping_status":"open","template":"","meta":{"_acf_changed":false,"footnotes":""},"categories":[14],"class_list":["post-202","page","type-page","status-publish","hentry","category-projekte"],"acf":[],"_links":{"self":[{"href":"https:\/\/www.anartchy.com\/urbanscript\/wp-json\/wp\/v2\/pages\/202","targetHints":{"allow":["GET"]}}],"collection":[{"href":"https:\/\/www.anartchy.com\/urbanscript\/wp-json\/wp\/v2\/pages"}],"about":[{"href":"https:\/\/www.anartchy.com\/urbanscript\/wp-json\/wp\/v2\/types\/page"}],"author":[{"embeddable":true,"href":"https:\/\/www.anartchy.com\/urbanscript\/wp-json\/wp\/v2\/users\/2"}],"replies":[{"embeddable":true,"href":"https:\/\/www.anartchy.com\/urbanscript\/wp-json\/wp\/v2\/comments?post=202"}],"version-history":[{"count":2,"href":"https:\/\/www.anartchy.com\/urbanscript\/wp-json\/wp\/v2\/pages\/202\/revisions"}],"predecessor-version":[{"id":302,"href":"https:\/\/www.anartchy.com\/urbanscript\/wp-json\/wp\/v2\/pages\/202\/revisions\/302"}],"up":[{"embeddable":true,"href":"https:\/\/www.anartchy.com\/urbanscript\/wp-json\/wp\/v2\/pages\/10"}],"wp:attachment":[{"href":"https:\/\/www.anartchy.com\/urbanscript\/wp-json\/wp\/v2\/media?parent=202"}],"wp:term":[{"taxonomy":"category","embeddable":true,"href":"https:\/\/www.anartchy.com\/urbanscript\/wp-json\/wp\/v2\/categories?post=202"}],"curies":[{"name":"wp","href":"https:\/\/api.w.org\/{rel}","templated":true}]}}