{"id":1868,"date":"2018-07-01T10:57:31","date_gmt":"2018-07-01T10:57:31","guid":{"rendered":"http:\/\/www.anartchy.com\/urbanscript\/?page_id=1868"},"modified":"2018-07-01T10:58:07","modified_gmt":"2018-07-01T10:58:07","slug":"ghettoresidency-2018","status":"publish","type":"page","link":"https:\/\/www.anartchy.com\/urbanscript\/2018-2\/ghettoresidency-2018\/","title":{"rendered":"GhettoResidency 2018"},"content":{"rendered":"<p>GhettoResidency ist das Modellprojekt einer K\u00fcnstlerresidenz mit intensiver Interaktion zwischen lokalen und internationalen Subkulturakteuren in Gr\u00f6btau (Gorbitz &amp; L\u00f6btau). GhettoResidency teilt Schnittmengen aus den Bereichen Soziokultur und bildender Kunst und startete 2017 im Rahmen der Kulturhauptstadtbewerbung Dresden 2025. <a href=\"https:\/\/www.anartchy.com\/urbanscript\/2017-3\/ghettoresidency\/\" target=\"_blank\" rel=\"noopener noreferrer\">Im November vergangenen Jahres waren bereits das frankophone K\u00fcnstlerpaar \u201eWanderlust Social Club\u201c zu Besuch.<\/a> Sie arbeiteten mit Fans der SpvGG Dresden-L\u00f6btau 1893 e.V. zusammen.<\/p>\n<p>Nun wird vom 23. bis 27. Juli 2018 der Tunnel an der Haltestelle Dahlienweg in Dresden-Gorbitz gestaltet. Dazu fand bereits im Vorfeld eine Ausschreibung f\u00fcr internationale K\u00fcnstler statt. Es beteiligten sich 50 K\u00fcnstler. Ausgew\u00e4hlt f\u00fcr GhettoResidency 2018 wurden schlie\u00dflich Poki aus Catania\/Italien, Mr Fijodor aus Turin\/Italien und Mouse aus Warna\/Bulgarien. Ihre Arbeitsweisen und Stile passen bestens zum Projekt.<\/p>\n<p>Nat\u00fcrlich sind ebenso lokale K\u00fcnstler und Interessierte gefragt sich an dem Projekt zu beteiligen, denn Ziel ist es, dass lokale und internationale G\u00e4ste Hand in Hand die Gestaltung des Gorbitzer Tunnels durchf\u00fchren.<\/p>\n<p>Der Gr\u00f6btauer K\u00fcnstler Jens Besser, l\u00e4d Interessierte K\u00fcnstler und engagierte B\u00fcrger ein, das Projekt zu unterst\u00fctzen. Ob Gestaltungswunsch oder tatkr\u00e4ftiges Hilfe bei der Gestaltung &#8211; jede Art Beteiligung ist gefragt.<\/p>\n<p>Wer sich beteiligen m\u00f6chte, kann sich \u00fcber E-mail, Telefon oder Soziale Medien bei Jens Besser melden.<\/p>\n<p>Zeitraum der Gestaltung\u00a0 &#8211;\u00a0 23. bis 27. Juli 2018<\/p>\n<p>Vom 20. bis 21. Juli finden vorbereitende Workshops statt &#8211;\u00a0<a href=\"https:\/\/www.anartchy.com\/urbanscript\/kontakt\/\" target=\"_blank\" rel=\"noopener noreferrer\"> Informationen bei Kontataufnahme<\/a><\/p>\n<p><strong>beteiligte internationale K\u00fcnstler\u00a0<\/strong><\/p>\n<p><a href=\"https:\/\/www.facebook.com\/emanuelepoki\" target=\"_blank\" rel=\"noopener noreferrer\">Poki<\/a> (Catania\/Italien) \u00a0\u00a0<a href=\"https:\/\/www.facebook.com\/MrFijodor\/\" target=\"_blank\" rel=\"noopener noreferrer\">Mr Fijodor<\/a> (Turin\/Italien) \u00a0 \u00a0<a href=\"https:\/\/www.facebook.com\/MishkaTheMouse\/\" target=\"_blank\" rel=\"noopener noreferrer\">Mouse\/Viktoria Georgieva<\/a> (Warna\/Bulgarien)<\/p>\n<p><strong>beteiligte lokale K\u00fcnstler<\/strong><\/p>\n<p><a href=\"http:\/\/jensbesser.blogspot.com\" target=\"_blank\" rel=\"noopener noreferrer\">Jens Besser<\/a><\/p>\n<p><a href=\"https:\/\/www.anartchy.com\/urbanscript\/wp-content\/uploads\/K\u00fcnstleralle.jpg\"><img loading=\"lazy\" decoding=\"async\" class=\"alignnone size-large wp-image-1874\" src=\"https:\/\/www.anartchy.com\/urbanscript\/wp-content\/uploads\/K\u00fcnstleralle-675x471.jpg\" alt=\"\" width=\"675\" height=\"471\" srcset=\"https:\/\/www.anartchy.com\/urbanscript\/wp-content\/uploads\/K\u00fcnstleralle-675x471.jpg 675w, https:\/\/www.anartchy.com\/urbanscript\/wp-content\/uploads\/K\u00fcnstleralle-218x152.jpg 218w, https:\/\/www.anartchy.com\/urbanscript\/wp-content\/uploads\/K\u00fcnstleralle-768x536.jpg 768w\" sizes=\"auto, (max-width: 675px) 100vw, 675px\" \/><\/a><\/p>\n<p>&nbsp;<\/p>\n","protected":false},"excerpt":{"rendered":"<p>GhettoResidency ist das Modellprojekt einer K\u00fcnstlerresidenz mit intensiver Interaktion zwischen lokalen und internationalen Subkulturakteuren in Gr\u00f6btau (Gorbitz &#038; L\u00f6btau). Vom &hellip; <\/p>\n","protected":false},"author":2,"featured_media":0,"parent":1855,"menu_order":-10,"comment_status":"closed","ping_status":"closed","template":"","meta":{"_acf_changed":false,"footnotes":""},"categories":[7,14],"class_list":["post-1868","page","type-page","status-publish","hentry","category-murals","category-projekte"],"acf":[],"_links":{"self":[{"href":"https:\/\/www.anartchy.com\/urbanscript\/wp-json\/wp\/v2\/pages\/1868","targetHints":{"allow":["GET"]}}],"collection":[{"href":"https:\/\/www.anartchy.com\/urbanscript\/wp-json\/wp\/v2\/pages"}],"about":[{"href":"https:\/\/www.anartchy.com\/urbanscript\/wp-json\/wp\/v2\/types\/page"}],"author":[{"embeddable":true,"href":"https:\/\/www.anartchy.com\/urbanscript\/wp-json\/wp\/v2\/users\/2"}],"replies":[{"embeddable":true,"href":"https:\/\/www.anartchy.com\/urbanscript\/wp-json\/wp\/v2\/comments?post=1868"}],"version-history":[{"count":4,"href":"https:\/\/www.anartchy.com\/urbanscript\/wp-json\/wp\/v2\/pages\/1868\/revisions"}],"predecessor-version":[{"id":1875,"href":"https:\/\/www.anartchy.com\/urbanscript\/wp-json\/wp\/v2\/pages\/1868\/revisions\/1875"}],"up":[{"embeddable":true,"href":"https:\/\/www.anartchy.com\/urbanscript\/wp-json\/wp\/v2\/pages\/1855"}],"wp:attachment":[{"href":"https:\/\/www.anartchy.com\/urbanscript\/wp-json\/wp\/v2\/media?parent=1868"}],"wp:term":[{"taxonomy":"category","embeddable":true,"href":"https:\/\/www.anartchy.com\/urbanscript\/wp-json\/wp\/v2\/categories?post=1868"}],"curies":[{"name":"wp","href":"https:\/\/api.w.org\/{rel}","templated":true}]}}