{"id":1853,"date":"2018-05-15T15:47:17","date_gmt":"2018-05-15T15:47:17","guid":{"rendered":"http:\/\/www.anartchy.com\/urbanscript\/?page_id=1853"},"modified":"2018-05-23T16:17:16","modified_gmt":"2018-05-23T16:17:16","slug":"freighttrainworks-limited","status":"publish","type":"page","link":"https:\/\/www.anartchy.com\/urbanscript\/2018-2\/freighttrainworks-limited\/","title":{"rendered":"FreightTrainWorks limited"},"content":{"rendered":"<p><em>for english version scroll down<\/em><\/p>\n<p>Die Ausstellung FreightTrainWorks limited stellt k\u00fcnstlerische Positionen vor,<\/p>\n<p>die abstrakte, figurative und konzeptuelle Gestaltungen auf Oberfl\u00e4chen<\/p>\n<p>von G\u00fcterz\u00fcgen realisierten.<\/p>\n<p>Eine Einf\u00fchrung in die Geschichte des G\u00fcterzugmalens vermittelt Wissenswertes und erkl\u00e4rt die wichtigsten Begriffe. Gezeigt werden Fotos, Originalskizzen und Publikationen, die das Schaffen der K\u00fcnstler dokumentieren und vermitteln.<\/p>\n<p>FreightTrainWorks limited ist ein umfangreicher Ausschnitt aus der <a href=\"https:\/\/www.anartchy.com\/urbanscript\/2017-3\/freighttrainworks-ausstellung\/\">Dresdner Ausstellung \u201eFreightTrainWorks\u201c<\/a>, die vom 14.7.2017-11.8.2017 zu sehen war.<\/p>\n<p>Mit Texten von J. Besser (DE), Alessandra Ioal\u00e9 (IT), und E. Vogel (DE)<\/p>\n<p>Beteiligte K\u00fcnstler u.a. mit Aris (IT), BWNC (EU), Druce Boxcar (RU),<\/p>\n<p>The Funky Diabetic (US), Weichenschleicher(DE), Wipe Out (FR), Zelle Asphaltkultur (DE)<\/p>\n<p><strong>WANN ? Er\u00f6ffnung 1.6.2017 &#8211; Freitag, 18 Uhr<\/strong><\/p>\n<p>\u00d6ffnungszeiten: Freitag 18 &#8211; 20 Uhr und nach Vereinbarung<\/p>\n<p><strong>SPECIALS ?\u00a0<\/strong>Vortrag &#8211; \u00a0\u201cNeue Zugromantiker &#8211; Hobo Kultur und Interrailer\u201d von J.Besser<\/p>\n<p>Pr\u00e4sentation am 15.06. 2018 &#8211; Freitag, 19 Uhr<\/p>\n<p><em>english version<\/em><\/p>\n<p>The exhibtion FreightTrainWorks introduces artistic positions which realized abstract, figurative and conceptual creations on surfaces of freight trains.<\/p>\n<p>An Introduction into the history of freight painting imparts knowledge and explains important terms. FreightTrainWorks shows photos, sketches, publications and texts which document and communicate the producing of artists.<\/p>\n<p>With texts by J. Besser (DE), Alessandra Ioal\u00e9 (IT),\u00a0 and E. Vogel (DE)<\/p>\n<p>participating artists\u00a0 Aris (IT), BWNC (EU), Druce Boxcar (RU),The Funky Diabetic (US), Weichenschleicher(DE), Wipe Out (FR), Zelle Asphaltkultur (DE)<\/p>\n<p><strong>When ?<\/strong>\u00a0<b>Opening 1.6.2018<\/b><strong> &#8211; Friday, 6 p.m.<\/strong><\/p>\n<p>opening times: Friday 6.pm. &#8211; 8 p.m. and by appointment<\/p>\n<p><strong>SPECIALS? \u00a0\u00a0<\/strong>lecture: \u201cNew Train Romantics &#8211; Hobo culture and Interrailer\u201d by J.Besser<\/p>\n<p>presentation on 15.06.2017 &#8211; Friday, 7 p.m.<\/p>\n","protected":false},"excerpt":{"rendered":"<p>Die Ausstellung FreightTrainWorks limited stellt k\u00fcnstlerische Positionen vor, die abstrakte, figurative und konzeptuelle Gestaltungen auf Oberfl\u00e4chen von G\u00fcterz\u00fcgen realisierten.<\/p>\n","protected":false},"author":2,"featured_media":0,"parent":1855,"menu_order":0,"comment_status":"closed","ping_status":"closed","template":"","meta":{"_acf_changed":false,"footnotes":""},"categories":[1],"class_list":["post-1853","page","type-page","status-publish","hentry","category-ausstellungen"],"acf":[],"_links":{"self":[{"href":"https:\/\/www.anartchy.com\/urbanscript\/wp-json\/wp\/v2\/pages\/1853","targetHints":{"allow":["GET"]}}],"collection":[{"href":"https:\/\/www.anartchy.com\/urbanscript\/wp-json\/wp\/v2\/pages"}],"about":[{"href":"https:\/\/www.anartchy.com\/urbanscript\/wp-json\/wp\/v2\/types\/page"}],"author":[{"embeddable":true,"href":"https:\/\/www.anartchy.com\/urbanscript\/wp-json\/wp\/v2\/users\/2"}],"replies":[{"embeddable":true,"href":"https:\/\/www.anartchy.com\/urbanscript\/wp-json\/wp\/v2\/comments?post=1853"}],"version-history":[{"count":6,"href":"https:\/\/www.anartchy.com\/urbanscript\/wp-json\/wp\/v2\/pages\/1853\/revisions"}],"predecessor-version":[{"id":1864,"href":"https:\/\/www.anartchy.com\/urbanscript\/wp-json\/wp\/v2\/pages\/1853\/revisions\/1864"}],"up":[{"embeddable":true,"href":"https:\/\/www.anartchy.com\/urbanscript\/wp-json\/wp\/v2\/pages\/1855"}],"wp:attachment":[{"href":"https:\/\/www.anartchy.com\/urbanscript\/wp-json\/wp\/v2\/media?parent=1853"}],"wp:term":[{"taxonomy":"category","embeddable":true,"href":"https:\/\/www.anartchy.com\/urbanscript\/wp-json\/wp\/v2\/categories?post=1853"}],"curies":[{"name":"wp","href":"https:\/\/api.w.org\/{rel}","templated":true}]}}