{"id":1773,"date":"2017-10-18T10:14:47","date_gmt":"2017-10-18T10:14:47","guid":{"rendered":"http:\/\/www.anartchy.com\/urbanscript\/?page_id=1773"},"modified":"2019-04-24T16:55:27","modified_gmt":"2019-04-24T16:55:27","slug":"ghettoresidency","status":"publish","type":"page","link":"https:\/\/www.anartchy.com\/urbanscript\/2017-3\/ghettoresidency\/","title":{"rendered":"GhettoResidency 2017"},"content":{"rendered":"<p>Vom 21. Oktober bis 3. November\u00a0 2017 wird das K\u00fcnstlerpaar <a href=\"https:\/\/www.wanderlustsocialclub.com\" target=\"_blank\" rel=\"noopener noreferrer\">Mary &amp; Jiem<\/a> aus Lille\/Nordfrankreich in Gorbitz\/L\u00f6btau zu Gast sein und direkt mit den Anwohnern interagieren. Die beiden wollen in der s\u00fcdlichsten Platte von Gorbitz das vom Kulturhauptstadtb\u00fcro gef\u00f6rderte Modellprojekt \u201eUrban Script Continues \u2013 GhettoResidency\u201c verwirklichen und damit Gorbitz\/L\u00f6btau, also \u201eGr\u00f6btau\u201c, k\u00fcnstlerisch beleben. Denkbar sind gemeinsame Wandbilder und Installationen. Das K\u00fcnstlerpaar, das sich selbst als <a href=\"https:\/\/www.wanderlustsocialclub.com\" target=\"_blank\" rel=\"noopener noreferrer\">\u201eWanderlust Social Club<\/a>\u201c bezeichnet, m\u00f6chte auch die Fu\u00dfballfans vom Sportverein SpvGG Dresden-L\u00f6btau 1893 e. V. besuchen und f\u00fcr Street-Art und weitere interaktive Kunst begeistern. Abschlie\u00dfend pr\u00e4sentiert das K\u00fcnstlerpaar die Ergebnisse ihres zweiw\u00f6chigen Dresden-Aufenthalts vom 3. bis 10. November t\u00e4glich von 14 bis 18 Uhr<b> <\/b>in der Ausstellung \u201eWanderlust Social Club \u2013 GhettoResidency\u201c, gezeigt werden Zeichnungen, Graffitis, Siebdrucke und Fotos.<b> <\/b>Die Er\u00f6ffnung ist am 2. November, 18 Uhr im Leutewitzer Ring 35, Zugang von der H\u00f6henpromenade aus.<\/p>\n<p>\u201eGr\u00f6btau\u201c ist ein vielschichtiger Stadtteil: Gorbitzer Platte und L\u00f6btauer Altbau, urige B\u00e4cker in Gr\u00fcnderzeith\u00e4usern und Antiquit\u00e4tenh\u00e4ndler in DDR-Neubauten, H\u00f6henpromenande und Wei\u00dferitz. Auf all diese Eigenschaften und Besonderheiten Gr\u00f6btaus wird das K\u00fcnstlerpaar \u201eWanderlust Social Club\u201c reagieren.<\/p>\n<p>\u201eUrban Script Continues \u2013 GhettoResidency\u201c ist ein Projekt von<a href=\"http:\/\/jensbesser.de\/\" target=\"_blank\" rel=\"noopener noreferrer\"> Jens Besser<\/a>, selbst Gr\u00f6btauer K\u00fcnstler. Als Kooperationspartner konnte der Omse e. V. gewonnen werden.<\/p>\n<p>Im Rahmen des Projekts <a href=\"http:\/\/www.dresden.de\/mikroprojekte\" target=\"_blank\" rel=\"noopener noreferrer\">\u201e2025 Euro f\u00fcr 2025\u201c des Kulturhauptstadtb\u00fcros<\/a> wurden 13 Kleinprojekte ausgew\u00e4hlt, die auf kreative und ungew\u00f6hnliche Art und Weise die lokale Identit\u00e4t und die nat\u00fcrlichen Ressourcen der Stadt in den Blick nehmen, das gesellschaftliche Miteinander anregen oder Zukunftsvisionen f\u00fcr eine Stadt im Wandel entwerfen. Ziel ist es, Ideen auszuprobieren und im Hinblick auf das Jahr 2025 f\u00fcr ein gr\u00f6\u00dferes Vorhaben weiterzuentwickeln.<\/p>\n","protected":false},"excerpt":{"rendered":"<p>Vom 21. Oktober bis 3. November wird das frankophone K\u00fcnstlerpaar \u201eWanderlust Social Club\u201c aus Lille \/ Nordfrankreich zu Gast in &hellip; <\/p>\n","protected":false},"author":2,"featured_media":0,"parent":1510,"menu_order":-20,"comment_status":"closed","ping_status":"closed","template":"","meta":{"_acf_changed":false,"footnotes":""},"categories":[1],"class_list":["post-1773","page","type-page","status-publish","hentry","category-ausstellungen"],"acf":[],"_links":{"self":[{"href":"https:\/\/www.anartchy.com\/urbanscript\/wp-json\/wp\/v2\/pages\/1773","targetHints":{"allow":["GET"]}}],"collection":[{"href":"https:\/\/www.anartchy.com\/urbanscript\/wp-json\/wp\/v2\/pages"}],"about":[{"href":"https:\/\/www.anartchy.com\/urbanscript\/wp-json\/wp\/v2\/types\/page"}],"author":[{"embeddable":true,"href":"https:\/\/www.anartchy.com\/urbanscript\/wp-json\/wp\/v2\/users\/2"}],"replies":[{"embeddable":true,"href":"https:\/\/www.anartchy.com\/urbanscript\/wp-json\/wp\/v2\/comments?post=1773"}],"version-history":[{"count":8,"href":"https:\/\/www.anartchy.com\/urbanscript\/wp-json\/wp\/v2\/pages\/1773\/revisions"}],"predecessor-version":[{"id":1922,"href":"https:\/\/www.anartchy.com\/urbanscript\/wp-json\/wp\/v2\/pages\/1773\/revisions\/1922"}],"up":[{"embeddable":true,"href":"https:\/\/www.anartchy.com\/urbanscript\/wp-json\/wp\/v2\/pages\/1510"}],"wp:attachment":[{"href":"https:\/\/www.anartchy.com\/urbanscript\/wp-json\/wp\/v2\/media?parent=1773"}],"wp:term":[{"taxonomy":"category","embeddable":true,"href":"https:\/\/www.anartchy.com\/urbanscript\/wp-json\/wp\/v2\/categories?post=1773"}],"curies":[{"name":"wp","href":"https:\/\/api.w.org\/{rel}","templated":true}]}}