{"id":1759,"date":"2017-10-06T17:43:12","date_gmt":"2017-10-06T17:43:12","guid":{"rendered":"http:\/\/www.anartchy.com\/urbanscript\/?page_id=1759"},"modified":"2017-10-06T17:48:00","modified_gmt":"2017-10-06T17:48:00","slug":"urban-art-bicycle-tour","status":"publish","type":"page","link":"https:\/\/www.anartchy.com\/urbanscript\/2017-3\/urban-art-bicycle-tour\/","title":{"rendered":"Urban art bicycle tour"},"content":{"rendered":"<p><b>Urban art bicycle tour through street art and mural history of Fr\u00f6btau <\/b><b>with Jens Besser<\/b><\/p>\n<p>Fr\u00f6btau unites the Dresden dirstricts of Friedrichstadt and L\u00f6btau.<\/p>\n<p>Fr\u00f6btau &#8211; that means unauthorized graffitis at abandoned factories in the 90\u2019s, illegal urban art shows in empty residential houses and street art posters by the group NOLOGO in 2000\u2019s.<\/p>\n<p>Fr\u00f6btau &#8211; that means official large sized murals of the project <a href=\"https:\/\/www.anartchy.com\/urbanscript\/2011-2\/citybilder-collaborative-murals-in-dresden-friedrichstadt\/\" target=\"_blank\" rel=\"noopener noreferrer\">\u201eRAUM City Bilder\u201c<\/a> from 2011-2014, the <a href=\"http:\/\/sichtbetong.de\/zweitausenddreizehn\/\" target=\"_blank\" rel=\"noopener noreferrer\">Sichtbetong &#8211; Camp 2013<\/a> or since 2016 the Roads Festival.<\/p>\n<p>Since 1989 the appearance of Fr\u00f6btau changed intensively. Contributions of local actors like riesa efau, Friedrichstadtzentral e.V., konglomerat e.V. or <a href=\"http:\/\/jensbesser.de\" target=\"_blank\" rel=\"noopener noreferrer\">Jens Besser<\/a> lead to diverse alternative life in the districts of Friedrichstadt and L\u00f6btau.<\/p>\n<p><a href=\"http:\/\/jensbesser.de\/\" target=\"_blank\" rel=\"noopener noreferrer\">Jens Besser<\/a> operates globally as muralist. In the 90\u2019s he already started his activities in urban design in Fr\u00f6btau. Later Besser invited international artists in projects at Motorenhalle e.g. <a href=\"https:\/\/www.anartchy.com\/urbanscript\/2009-2\/muralismo-morte\/\" target=\"_blank\" rel=\"noopener noreferrer\">\u201eMuralismo Morte\u201c<\/a> or <a href=\"https:\/\/www.anartchy.com\/urbanscript\/2012-2\/conceptual-vandalism\/\" target=\"_blank\" rel=\"noopener noreferrer\">\u201eConceptual Vandalism\u201c<\/a>.\u00a0 2011 Besser started to curate the public gallery \u201eRAUM City Bilder\u201c in cooperation with <a href=\"http:\/\/riesa-efau.de\" target=\"_blank\" rel=\"noopener noreferrer\">riesa efau<\/a>.<\/p>\n<p>The urban art bicycle tour invites to discover the prospering urban district of Fr\u00f6btau.<\/p>\n<p>The tour is part of <a href=\"http:\/\/roads2017festival.tumblr.com\" target=\"_blank\" rel=\"noopener noreferrer\">Roads Festival<\/a> .<\/p>\n<p><strong>Start 14.10.2017 &#8211; 2p.m. &#8211; riesa efau \/Adlergasse Crossing Wachsbeichstra\u00dfe<\/strong><\/p>\n<p><strong>Duration of the tour is 2 hours. Please bring your bicycle.<\/strong><\/p>\n<p>contribution fee: 5\u20ac reduced \/ 7\u20ac regular<\/p>\n<p><em>deutscher text___________<\/em><\/p>\n<p><b>Urban-Art-Fahrradtour durch die Street-Art- &amp; Wandbildgeschichte Fr\u00f6btaus\u00a0<\/b><b>mit Jens Besser<\/b><\/p>\n<p>Fr\u00f6btau, Friedrichstadt+L\u00f6btau, ist nicht nur der Stadtteil des st\u00e4dtischen Krankenhauses, der Poco-Gro\u00dfmarkthalle oder des Dynamo-Fanprojekts.<\/p>\n<p>Fr\u00f6btau &#8211; das sind ungenehmigte Graffitis der 1990er Jahre auf Industriebrachen, illegale Urban-Art-Ausstellungen in leeren Wohnh\u00e4usern und Street-Art-Plakate der Gruppe NOLOGO in den 2000er Jahren.<\/p>\n<p>Fr\u00f6btau das sind die offiziellen gro\u00dfformatigen Wandbilder des Projekts \u201eRAUM &#8211; CityBilder\u201c seit 2011, das Sichtbetong &#8211; Camp 2013 oder das Roads Festival seit 2016.<\/p>\n<p>Das Erscheinungsbild Fr\u00f6btaus hat sich seit der Wende stark ver\u00e4ndert. Das Mitwirken lokaler Akteure wie riesa efau, Friedrichstadtzentral e.V. oder Jens Bessers f\u00fchrte zu vielf\u00e4ltigem alternativem Leben im Stadtteil.<\/p>\n<p>Jens Besser ist ein weltweit aktiver Wandk\u00fcnstler. Er startete seine stadtgestalterischen Aktivit\u00e4ten bereits in den 1990er Jahren in Fr\u00f6btau. Sp\u00e4ter lud Besser internationale K\u00fcnstler zu Projekten wie \u201eMuralismo Morte\u201c oder \u201eConceptual Vandalism\u201c in die Motorenhalle ein. 2011 begann Besser die \u00f6ffentliche Galerie \u201eRAUM &#8211; City Bilder\u201c in Kooperation mit dem riesa efau zu kuratieren.<\/p>\n<p>Die Fahrradtour mit Jens Besser l\u00e4d zum Entdecken des aufbl\u00fchenden Stadtteils ein.<\/p>\n<p>Die Tour findet im Rahmen des Roads Festival statt.<\/p>\n<p><strong>Start 14.10.2017 &#8211; 14 Uhr &#8211; Riesa efau \/ Adlergasse Kreuzung Wachsbleichstra\u00dfe<\/strong><\/p>\n<p><strong>Die Tour dauert knapp zwei Stunden. Bitte bringen Sie ihr Rad mit.<\/strong><\/p>\n<p>Unkostenbeitrag: 5\u20ac erm\u00e4ssigt \/ 7\u20ac regul\u00e4r<\/p>\n","protected":false},"excerpt":{"rendered":"<p>Urban art bicycle tour through street art and mural history of Dresden Fr\u00f6btau with Jens Besser. Start 14.10.2017 &#8211; 2p.m. &hellip; <\/p>\n","protected":false},"author":2,"featured_media":0,"parent":1510,"menu_order":-15,"comment_status":"closed","ping_status":"closed","template":"","meta":{"_acf_changed":false,"footnotes":""},"categories":[4],"class_list":["post-1759","page","type-page","status-publish","hentry","category-fuehrungen"],"acf":[],"_links":{"self":[{"href":"https:\/\/www.anartchy.com\/urbanscript\/wp-json\/wp\/v2\/pages\/1759","targetHints":{"allow":["GET"]}}],"collection":[{"href":"https:\/\/www.anartchy.com\/urbanscript\/wp-json\/wp\/v2\/pages"}],"about":[{"href":"https:\/\/www.anartchy.com\/urbanscript\/wp-json\/wp\/v2\/types\/page"}],"author":[{"embeddable":true,"href":"https:\/\/www.anartchy.com\/urbanscript\/wp-json\/wp\/v2\/users\/2"}],"replies":[{"embeddable":true,"href":"https:\/\/www.anartchy.com\/urbanscript\/wp-json\/wp\/v2\/comments?post=1759"}],"version-history":[{"count":6,"href":"https:\/\/www.anartchy.com\/urbanscript\/wp-json\/wp\/v2\/pages\/1759\/revisions"}],"predecessor-version":[{"id":1768,"href":"https:\/\/www.anartchy.com\/urbanscript\/wp-json\/wp\/v2\/pages\/1759\/revisions\/1768"}],"up":[{"embeddable":true,"href":"https:\/\/www.anartchy.com\/urbanscript\/wp-json\/wp\/v2\/pages\/1510"}],"wp:attachment":[{"href":"https:\/\/www.anartchy.com\/urbanscript\/wp-json\/wp\/v2\/media?parent=1759"}],"wp:term":[{"taxonomy":"category","embeddable":true,"href":"https:\/\/www.anartchy.com\/urbanscript\/wp-json\/wp\/v2\/categories?post=1759"}],"curies":[{"name":"wp","href":"https:\/\/api.w.org\/{rel}","templated":true}]}}