{"id":1740,"date":"2017-06-23T04:58:35","date_gmt":"2017-06-23T04:58:35","guid":{"rendered":"http:\/\/www.anartchy.com\/urbanscript\/?page_id=1740"},"modified":"2017-06-23T04:58:35","modified_gmt":"2017-06-23T04:58:35","slug":"neue_zugroamntiker_freighttrainworks","status":"publish","type":"page","link":"https:\/\/www.anartchy.com\/urbanscript\/2017-3\/freighttrainworks-ausstellung\/neue_zugroamntiker_freighttrainworks\/","title":{"rendered":"Neue Zugromantiker \u2013 Hobo Kultur und Interrailer"},"content":{"rendered":"<p>Hobos reisen durch die unendlichen Weiten Nordamerikas. Bef\u00f6rdert von G\u00fcterz\u00fcgen und dem Drang nach gelebter Freiheit. Dabei hinterlassen sie Zeichnungen oder Gedichte auf G\u00fcterwaggons. Urspr\u00fcnglich waren es Wanderarbeiter, die mit den G\u00fcterz\u00fcgen umherfuhren, da sie sich kein Bahnticket f\u00fcr Personenz\u00fcge leisten konnten. So entstand eine Kultur auf der Schiene, die auch viele Klassiker von Folk- und Country-Songs inspirierte. Punks, Alkoholiker, Vagabunden, Musiker oder K\u00fcnstler \u2013 die Hobos sind ein Sammelbecken von Aussteigern. Doch so romantisch wie es auch klingen Mag \u2013 Hobos kommen immer wieder mit dem Gesetz in unliebsame Ber\u00fchrung. Auch wenn die Hobo Kultur eine St\u00fcck nordamerikanischerer Geschichte ist, so ist das bezeichnen von G\u00fcterz\u00fcgen mit \u00d6lkreide oder der Aufenthalt auf Bahngel\u00e4nde strikt verboten und wird von \u201eBulls\u201c und Sicherheitsdiensten ernsthaft verfolgt.<\/p>\n<p>Interrailer sind ein europ\u00e4isches Ph\u00e4nomen. Benannt nach dem Ticket der europ\u00e4ischen Bahnen, dem Interrail Ticket, ist dieses Ticket zum Inbegriff einer Gruppe an Graffitimalern geworden, die es verstehen quer durch Europa zu fahren und \u00fcberall ihre Farbspuren hinterlassen. Seit dem Ende der 1990er pr\u00e4gt das Interrailticket die europ\u00e4ische Writing-Kultur. Die europ\u00e4ische Szene vernetze sich parallel zum Internet und lebt den interkulturellen Austausch.<br \/>\nUnabh\u00e4ngig vom Weiterentwickeln des \u201c American Writing\u201c begann sich in dieser Szene ein gro\u00dfes Interesse an klassischer Bahnromantik zu etablieren. Es wird besonderen Zugmodellen hinterhergereist, es werden unz\u00e4hlige Stunden auf Bahnh\u00f6fen und Bahnanlagen verbracht um Bahnatmosph\u00e4re auf Fotos und Videos festzuhalten oder man erkundet weltweit Tunnelanlagen von U-Bahnen. \u00c4hnlich wie die nordamerikanischen Hobos bereisen Interrailer einen gesamten Kontinent mit dem Zug. Sie treffen sich an inoffiziellen Orten und \u00fcbertreten regelm\u00e4ssig Gesetzte. Sie Bemalen das Medium mit dem Sie sich fortbewegen und leben in Zeiten des CO2-Fingerabdrucks eine Utopie \u2013 da sie sich mit einem \u00f6kologischen, kollektiven Verkehrsmittel auf langen Strecken bewegen, belasten sie nur minimal die Umwelt und leben doch maximale Freiheit aus.<\/p>\n<p><strong>Pr\u00e4sentation zur Finisage am 11.08.2017 &#8211; Freitag, 19 Uhr<\/strong><\/p>\n","protected":false},"excerpt":{"rendered":"<p>Hobos reisen durch die unendlichen Weiten Nordamerikas. Bef\u00f6rdert von G\u00fcterz\u00fcgen und dem Drang nach gelebter Freiheit. Dabei hinterlassen sie Zeichnungen &hellip; <\/p>\n","protected":false},"author":2,"featured_media":0,"parent":1730,"menu_order":0,"comment_status":"closed","ping_status":"closed","template":"","meta":{"_acf_changed":false,"footnotes":""},"categories":[5],"class_list":["post-1740","page","type-page","status-publish","hentry","category-vortraege"],"acf":[],"_links":{"self":[{"href":"https:\/\/www.anartchy.com\/urbanscript\/wp-json\/wp\/v2\/pages\/1740","targetHints":{"allow":["GET"]}}],"collection":[{"href":"https:\/\/www.anartchy.com\/urbanscript\/wp-json\/wp\/v2\/pages"}],"about":[{"href":"https:\/\/www.anartchy.com\/urbanscript\/wp-json\/wp\/v2\/types\/page"}],"author":[{"embeddable":true,"href":"https:\/\/www.anartchy.com\/urbanscript\/wp-json\/wp\/v2\/users\/2"}],"replies":[{"embeddable":true,"href":"https:\/\/www.anartchy.com\/urbanscript\/wp-json\/wp\/v2\/comments?post=1740"}],"version-history":[{"count":1,"href":"https:\/\/www.anartchy.com\/urbanscript\/wp-json\/wp\/v2\/pages\/1740\/revisions"}],"predecessor-version":[{"id":1741,"href":"https:\/\/www.anartchy.com\/urbanscript\/wp-json\/wp\/v2\/pages\/1740\/revisions\/1741"}],"up":[{"embeddable":true,"href":"https:\/\/www.anartchy.com\/urbanscript\/wp-json\/wp\/v2\/pages\/1730"}],"wp:attachment":[{"href":"https:\/\/www.anartchy.com\/urbanscript\/wp-json\/wp\/v2\/media?parent=1740"}],"wp:term":[{"taxonomy":"category","embeddable":true,"href":"https:\/\/www.anartchy.com\/urbanscript\/wp-json\/wp\/v2\/categories?post=1740"}],"curies":[{"name":"wp","href":"https:\/\/api.w.org\/{rel}","templated":true}]}}