{"id":1718,"date":"2017-05-23T13:04:05","date_gmt":"2017-05-23T13:04:05","guid":{"rendered":"http:\/\/www.anartchy.com\/urbanscript\/?page_id=1718"},"modified":"2017-06-23T04:54:35","modified_gmt":"2017-06-23T04:54:35","slug":"freight-train-works-der-gueterzug-rollt","status":"publish","type":"page","link":"https:\/\/www.anartchy.com\/urbanscript\/2017-3\/freighttrainworks-ausstellung\/freight-train-works-der-gueterzug-rollt\/","title":{"rendered":"Freight Train Works &#8211; der G\u00fcterzug rollt"},"content":{"rendered":"<p>Der Artikel Freight Train Works erschien im Magazin <em>Juice No.180 &#8211; Mai \/Juni 2017<\/em>. Der Artikel zeigt eine Auswahl an Non-Writng Positionen auf G\u00fcterzugen und gibt einen Einblick in die Entstehung des Ph\u00e4nomens der europ\u00e4ischen G\u00fcterzugmalerei nach Nordamerikanischen Vorbildern wie Other oder den Monikers der Hobos. Das Magazin ist online <a href=\"http:\/\/shop.pmedia.de\/p_de\/juice\/juice-nr-180-marteria-mai-juni-2017-inkl-juice-cd-136.html#.WSQ9oTPqjfA\">hier<\/a> erh\u00e4ltlich.<br \/>\nAm 14. Juli 2017 wird die Ausstellung zum Thema &#8222;Freighttrainworks&#8220; in Dresden er\u00f6ffnen.<\/p>\n","protected":false},"excerpt":{"rendered":"<p>Der Artikel Freight Train Works erschien im Magazin Juice No.180 &#8211; Mai \/Juni 2017. Der Artikel zeigt eine Auswahl an &hellip; <\/p>\n","protected":false},"author":2,"featured_media":0,"parent":1730,"menu_order":0,"comment_status":"closed","ping_status":"closed","template":"","meta":{"_acf_changed":false,"footnotes":""},"categories":[9],"class_list":["post-1718","page","type-page","status-publish","hentry","category-theorie_texte"],"acf":[],"_links":{"self":[{"href":"https:\/\/www.anartchy.com\/urbanscript\/wp-json\/wp\/v2\/pages\/1718","targetHints":{"allow":["GET"]}}],"collection":[{"href":"https:\/\/www.anartchy.com\/urbanscript\/wp-json\/wp\/v2\/pages"}],"about":[{"href":"https:\/\/www.anartchy.com\/urbanscript\/wp-json\/wp\/v2\/types\/page"}],"author":[{"embeddable":true,"href":"https:\/\/www.anartchy.com\/urbanscript\/wp-json\/wp\/v2\/users\/2"}],"replies":[{"embeddable":true,"href":"https:\/\/www.anartchy.com\/urbanscript\/wp-json\/wp\/v2\/comments?post=1718"}],"version-history":[{"count":5,"href":"https:\/\/www.anartchy.com\/urbanscript\/wp-json\/wp\/v2\/pages\/1718\/revisions"}],"predecessor-version":[{"id":1738,"href":"https:\/\/www.anartchy.com\/urbanscript\/wp-json\/wp\/v2\/pages\/1718\/revisions\/1738"}],"up":[{"embeddable":true,"href":"https:\/\/www.anartchy.com\/urbanscript\/wp-json\/wp\/v2\/pages\/1730"}],"wp:attachment":[{"href":"https:\/\/www.anartchy.com\/urbanscript\/wp-json\/wp\/v2\/media?parent=1718"}],"wp:term":[{"taxonomy":"category","embeddable":true,"href":"https:\/\/www.anartchy.com\/urbanscript\/wp-json\/wp\/v2\/categories?post=1718"}],"curies":[{"name":"wp","href":"https:\/\/api.w.org\/{rel}","templated":true}]}}