{"id":1691,"date":"2017-02-23T12:47:36","date_gmt":"2017-02-23T12:47:36","guid":{"rendered":"http:\/\/www.anartchy.com\/urbanscript\/?page_id=1691"},"modified":"2017-02-23T12:47:40","modified_gmt":"2017-02-23T12:47:40","slug":"trains_travels_murals_katalog","status":"publish","type":"page","link":"https:\/\/www.anartchy.com\/urbanscript\/2017-3\/trains-travels-murals\/trains_travels_murals_katalog\/","title":{"rendered":"Trains, Travels &#038; Murals &#8211; Katalog"},"content":{"rendered":"<p>Trains, Travels &#038; Murals ist der neue Katalog \u00fcber den Mural-K\u00fcnstler <a href=\"http:\/\/jensbesser.de\" target=\"_blank\">Jens Besser<\/a>. W\u00e4hrend des letzten Jahrzehnts hat der Dresdner K\u00fcnstler unz\u00e4hlige Werke in aller Welt realisiert.<br \/>\nBesser ist daf\u00fcr bekannt mit und ohne Genehmigung zu arbeiten.<br \/>\nEr realisierte offizielle Wandbilder f\u00fcr Festivals und Projekte u.a. in Zypern, Spanien, Ukraine, Italien, Taiwan, Chile oder Bulgarien. Seine illegale Intervention \u201eEntrance To Utopia\u201c in Dschiddah, Saudi-Arabien, ging durch die Medien und wurde kontrovers in sozialen Netzwerken diskutiert.<br \/>\nTrains, Travels &#038; Murals ist das erste Buch, dass aufw\u00e4ndig ausgearbeitete Texte \u00fcber Jens Besser mit hochwertig gedruckten Fotografien von seinen Werken kombiniert.<\/p>\n<p>Mit Texten von Dr. Johannes Stahl, Antje Kirsch, Dr. Javier Abarca, Robert Kaltenh\u00e4user und Pietro Rivasi in Deutsch und Englisch.<\/p>\n<p>Der Katalog ist im International Neighborhood Verlag 2017 erschienen. <\/p>\n<p>Umfang: 112 Seiten<br \/>\nFormat: ca. 23,5 x 17 cm<br \/>\nSprache: Englisch\/Deutsch<br \/>\nISBN: 9 783944 960098<\/p>\n<p>Online ist der Katalog erh\u00e4ltlich auf <a href=\"http:\/\/www.stickermag.com\/buecher\/trains-travels-murals.html\" target=\"_blank\">Stickermag.com<\/a>.<\/p>\n<p><iframe loading=\"lazy\" src=\"\/\/v.calameo.com\/?bkcode=002554545b88aceb7f6e6\" width=\"670\" height=\"500\" frameborder=\"0\" scrolling=\"no\" allowtransparency allowfullscreen style=\"margin:0 auto;\"><\/iframe><\/p>\n","protected":false},"excerpt":{"rendered":"<p>Trains, Travels &#038; Murals ist der neue Katalog \u00fcber den Mural-K\u00fcnstler Jens Besser. W\u00e4hrend des letzten Jahrzehnts hat der Dresdner &hellip; <\/p>\n","protected":false},"author":2,"featured_media":0,"parent":1578,"menu_order":0,"comment_status":"closed","ping_status":"closed","template":"","meta":{"_acf_changed":false,"footnotes":""},"categories":[10],"class_list":["post-1691","page","type-page","status-publish","hentry","category-publikationen"],"acf":[],"_links":{"self":[{"href":"https:\/\/www.anartchy.com\/urbanscript\/wp-json\/wp\/v2\/pages\/1691","targetHints":{"allow":["GET"]}}],"collection":[{"href":"https:\/\/www.anartchy.com\/urbanscript\/wp-json\/wp\/v2\/pages"}],"about":[{"href":"https:\/\/www.anartchy.com\/urbanscript\/wp-json\/wp\/v2\/types\/page"}],"author":[{"embeddable":true,"href":"https:\/\/www.anartchy.com\/urbanscript\/wp-json\/wp\/v2\/users\/2"}],"replies":[{"embeddable":true,"href":"https:\/\/www.anartchy.com\/urbanscript\/wp-json\/wp\/v2\/comments?post=1691"}],"version-history":[{"count":8,"href":"https:\/\/www.anartchy.com\/urbanscript\/wp-json\/wp\/v2\/pages\/1691\/revisions"}],"predecessor-version":[{"id":1700,"href":"https:\/\/www.anartchy.com\/urbanscript\/wp-json\/wp\/v2\/pages\/1691\/revisions\/1700"}],"up":[{"embeddable":true,"href":"https:\/\/www.anartchy.com\/urbanscript\/wp-json\/wp\/v2\/pages\/1578"}],"wp:attachment":[{"href":"https:\/\/www.anartchy.com\/urbanscript\/wp-json\/wp\/v2\/media?parent=1691"}],"wp:term":[{"taxonomy":"category","embeddable":true,"href":"https:\/\/www.anartchy.com\/urbanscript\/wp-json\/wp\/v2\/categories?post=1691"}],"curies":[{"name":"wp","href":"https:\/\/api.w.org\/{rel}","templated":true}]}}