{"id":1672,"date":"2017-01-31T17:24:36","date_gmt":"2017-01-31T17:24:36","guid":{"rendered":"http:\/\/www.anartchy.com\/urbanscript\/?page_id=1672"},"modified":"2017-01-31T17:31:25","modified_gmt":"2017-01-31T17:31:25","slug":"street-art-stencil-2017","status":"publish","type":"page","link":"https:\/\/www.anartchy.com\/urbanscript\/2017-3\/street-art-stencil-2017\/","title":{"rendered":"Street Art Stencil &#8211; Workshop"},"content":{"rendered":"<p>Stencil, auf deutsch Schablonengraffiti, ist die bekannteste Technik der jungen Street Art. Mithilfe selbstangefertigter Schablonen werden nahezu fotorealistische Abbilder von Mensch, Natur und Technik in den Stra\u00dfen der Gro\u00dfst\u00e4dte platziert. Und wir begeben uns mitten hinein! In diesem Workshop umrei\u00dfen wir die Grundlagen der Schablonentechnik und erfahren deren Weiterentwicklungen durch eigenes T\u00e4tigwerden. Die im ersten Teil des Kurses erstellten Selbstportrait-Schablonen spr\u00fchen wir zun\u00e4chst auf selbsthergestellte Sticker, um sie sp\u00e4ter nach Lust und Laune zu verkleben. Gemeinsam erarbeiten wir uns im zweiten Teil eine gro\u00dfformatige, fotorealistische, mehrfarbige Schablone, die wir anschlie\u00dfend im \u00f6ffentlichen Raum an einer legalen Wand fixieren. Ob Malen oder Spr\u00fchen \u2013 nach diesem Workshop ist jede_r dazu in der Lage, eigene Schablonen zu erstellen und zu spr\u00fchen.<\/p>\n<p>Leitung: Jens Besser, *1982, Studium an der HfBK Dresden, freischaffender K\u00fcnstler und Street-Art-Aktivist, http:\/\/jensbesser.blogspot.de<\/p>\n<p>6.\/ 7. 5. 2017, Samstag\/ Sonntag, 10 &#8211; 18 Uhr<\/p>\n<p>Kosten:125 Euro \/ erm\u00e4\u00dfigt 105 Euro<\/p>\n<p>Anmeldung \u00fcber <a href=\"http:\/\/riesa-efau.de\/kunst-erfahren\/kuenstlerische-werkstaetten\/kurse\/druck-und-kunst\/2017\/05\/06\/street-art-stencil-2285\/\" target=\"_blank\">riesa-efau website<\/a><\/p>\n","protected":false},"excerpt":{"rendered":"<p>Stencil, auf deutsch Schablonengraffiti, ist die bekannteste Technik der jungen Street Art. Ob Malen oder Spr\u00fchen \u2013 nach diesem Workshop &hellip; <\/p>\n","protected":false},"author":2,"featured_media":0,"parent":1510,"menu_order":0,"comment_status":"closed","ping_status":"closed","template":"","meta":{"_acf_changed":false,"footnotes":""},"categories":[8],"class_list":["post-1672","page","type-page","status-publish","hentry","category-kurse"],"acf":[],"_links":{"self":[{"href":"https:\/\/www.anartchy.com\/urbanscript\/wp-json\/wp\/v2\/pages\/1672","targetHints":{"allow":["GET"]}}],"collection":[{"href":"https:\/\/www.anartchy.com\/urbanscript\/wp-json\/wp\/v2\/pages"}],"about":[{"href":"https:\/\/www.anartchy.com\/urbanscript\/wp-json\/wp\/v2\/types\/page"}],"author":[{"embeddable":true,"href":"https:\/\/www.anartchy.com\/urbanscript\/wp-json\/wp\/v2\/users\/2"}],"replies":[{"embeddable":true,"href":"https:\/\/www.anartchy.com\/urbanscript\/wp-json\/wp\/v2\/comments?post=1672"}],"version-history":[{"count":3,"href":"https:\/\/www.anartchy.com\/urbanscript\/wp-json\/wp\/v2\/pages\/1672\/revisions"}],"predecessor-version":[{"id":1681,"href":"https:\/\/www.anartchy.com\/urbanscript\/wp-json\/wp\/v2\/pages\/1672\/revisions\/1681"}],"up":[{"embeddable":true,"href":"https:\/\/www.anartchy.com\/urbanscript\/wp-json\/wp\/v2\/pages\/1510"}],"wp:attachment":[{"href":"https:\/\/www.anartchy.com\/urbanscript\/wp-json\/wp\/v2\/media?parent=1672"}],"wp:term":[{"taxonomy":"category","embeddable":true,"href":"https:\/\/www.anartchy.com\/urbanscript\/wp-json\/wp\/v2\/categories?post=1672"}],"curies":[{"name":"wp","href":"https:\/\/api.w.org\/{rel}","templated":true}]}}