{"id":1667,"date":"2017-01-31T17:13:27","date_gmt":"2017-01-31T17:13:27","guid":{"rendered":"http:\/\/www.anartchy.com\/urbanscript\/?page_id=1667"},"modified":"2017-01-31T17:20:11","modified_gmt":"2017-01-31T17:20:11","slug":"street-art-genehmigte-und-ungenehmigte-eingriffe-im-oeffentlichen-raum","status":"publish","type":"page","link":"https:\/\/www.anartchy.com\/urbanscript\/2017-3\/street-art-genehmigte-und-ungenehmigte-eingriffe-im-oeffentlichen-raum\/","title":{"rendered":"Street Art &#8211; genehmigte und ungenehmigte Eingriffe im \u00f6ffentlichen Raum"},"content":{"rendered":"<p>Blockseminar mit Jens Besser<\/p>\n<p>Seit 2012 f\u00fchrt Jens Besser Street Art Kurse am Institut f\u00fcr Kunst- und Musikwissenschaft der Tu-Dresden im Fachbereich Kunstp\u00e4dagogik durch.<\/p>\n<p>Folgende Techniken der Street Art werden getestet.<\/p>\n<p>Stencil &#8211; Schablonengraffiti<br \/>\nSticker &#8211; selbstgemachte Aufkleber<br \/>\nCut Out &#8211; umschnittene Plakate<br \/>\nKreide &#8211; Zeichnen im \u00f6ffentlichen Raum<br \/>\nMural &#8211; Wandbildexperimente <\/p>\n<p>Wir werden uns sowohl einzeln wie auch in der Gruppe im urbanen Raum bet\u00e4tigen. Bis zum Workshop sind folgende Websites regelm\u00e4ssig zu besuchen : ekosystem.org, muralismomorte.blogspot.de, blog.vandalog.com, trainworks.blogspot.de. Von dort wird man auf weitere lehrreiche Seiten verwiesen.<\/p>\n<p>Vorbereitungstreffen &#8211; 23.5.2017 &#8211; ABS20<\/p>\n<p>Workshopwoche &#8211; 28.8.- 2.9. 2017<\/p>\n","protected":false},"excerpt":{"rendered":"<p>Seit 2013 f\u00fchrt Jens Besser Street Art Kurse am Institut f\u00fcr Kunst- und Musikwissenschaft der Tu-Dresden im Fachbereich Kunstp\u00e4dagogik durch.<\/p>\n","protected":false},"author":2,"featured_media":0,"parent":1510,"menu_order":0,"comment_status":"closed","ping_status":"closed","template":"","meta":{"_acf_changed":false,"footnotes":""},"categories":[8],"class_list":["post-1667","page","type-page","status-publish","hentry","category-kurse"],"acf":[],"_links":{"self":[{"href":"https:\/\/www.anartchy.com\/urbanscript\/wp-json\/wp\/v2\/pages\/1667","targetHints":{"allow":["GET"]}}],"collection":[{"href":"https:\/\/www.anartchy.com\/urbanscript\/wp-json\/wp\/v2\/pages"}],"about":[{"href":"https:\/\/www.anartchy.com\/urbanscript\/wp-json\/wp\/v2\/types\/page"}],"author":[{"embeddable":true,"href":"https:\/\/www.anartchy.com\/urbanscript\/wp-json\/wp\/v2\/users\/2"}],"replies":[{"embeddable":true,"href":"https:\/\/www.anartchy.com\/urbanscript\/wp-json\/wp\/v2\/comments?post=1667"}],"version-history":[{"count":3,"href":"https:\/\/www.anartchy.com\/urbanscript\/wp-json\/wp\/v2\/pages\/1667\/revisions"}],"predecessor-version":[{"id":1674,"href":"https:\/\/www.anartchy.com\/urbanscript\/wp-json\/wp\/v2\/pages\/1667\/revisions\/1674"}],"up":[{"embeddable":true,"href":"https:\/\/www.anartchy.com\/urbanscript\/wp-json\/wp\/v2\/pages\/1510"}],"wp:attachment":[{"href":"https:\/\/www.anartchy.com\/urbanscript\/wp-json\/wp\/v2\/media?parent=1667"}],"wp:term":[{"taxonomy":"category","embeddable":true,"href":"https:\/\/www.anartchy.com\/urbanscript\/wp-json\/wp\/v2\/categories?post=1667"}],"curies":[{"name":"wp","href":"https:\/\/api.w.org\/{rel}","templated":true}]}}