{"id":1624,"date":"2017-01-31T15:29:49","date_gmt":"2017-01-31T15:29:49","guid":{"rendered":"http:\/\/www.anartchy.com\/urbanscript\/?page_id=1624"},"modified":"2017-01-31T15:29:49","modified_gmt":"2017-01-31T15:29:49","slug":"lsk-schweift-herum-goerlitz","status":"publish","type":"page","link":"https:\/\/www.anartchy.com\/urbanscript\/2016-2\/lackstreichekleber-2016\/lsk-schweift-herum-goerlitz\/","title":{"rendered":"LSK schweift herum &#8211; G\u00f6rlitz"},"content":{"rendered":"<p>Das Dresdner Urban-Art-Festival LackStreicheKleber geht auf Tour<\/p>\n<p>\u201eLackStreicheKleber schweift herum\u201c ist die aus dem Elbtal herausschwappende Variante des Dresdner Urban-Art-Festivals LackStreicheKleber.<br \/>\nDas LackStreicheKleber-Festival findet seit 3 Jahren in Dresden statt. Es vereint viele lokale Akteure der heterogenen Urban-Art-Szene im Dresdner Elbtal.<br \/>\nDie dortige Urban-Art-Szene hat eine gro\u00dfe Breite an Positionen &#8211; von comichaften Figuren bis abstrakten Zeichnungen, von malerischen Fl\u00e4chenbildern zu Installationen im Raum. Diese Vielfalt versucht das Festival jedes Jahr zu vermitteln &#8211; Wandbemalungen im Vorfeld des Festivals, mit F\u00fchrungen im Stadtraum, Live-Bemalungen, Ausstellungen, Lesungen und Workshops der teilnehmenden K\u00fcnstler.<br \/>\nDer erste Halt von \u201eLackStreicheKleber schweift herum\u201c nach dem diesj\u00e4hrigen LackStreicheKleber-Festival (23.07. \u2013 07.08.2016) wird in der Neun G\u00f6rlitz sein.<br \/>\nGezeigt werden Originalwerke beteiligter K\u00fcnstler (u.a. Blazej Rusin \/ Polen, Deyaa \/Saudi-Arabien, Jens Besser\/Dresden ) und fotografisch festgehaltene Impressionen des Festivals.<br \/>\nZur Er\u00f6ffnung am 3.11.2016 wird es ab 19.00 Uhr eine Live-Darbietung des k\u00fcnstlerischen K\u00f6nnens Dresdner K\u00fcnstler geben, denn das Schaufenster der Neun G\u00f6rlitz wird dann zur Leinwand f\u00fcr Urban Artists.<\/p>\n<p>Er\u00f6ffnung: Do, 3.11.2016 ab 19.00 Uhr mit Live-Bemalung<br \/>\nZeitraum : 03.11.2016 &#8211; 31.12.2016<br \/>\n\u00d6ffnungszeiten nach Absprache \/ Fenstergestaltung 24h zu sehen<\/p>\n<p>Adresse:Neun G\u00f6rlitz, Fischmarkt 9, 02826 Europastadt G\u00f6rlitz-Zgorzelec<\/p>\n<p>Gezeigt werden Originalwerke beteiligter K\u00fcnstler u.a.:<br \/>\n&#8211; Anders Reventlov \/D\u00e4nemark (Festivalteilnahme 2014 \/ Ausstellung in G\u00f6rlitz August 2014)<br \/>\n&#8211; Deyaa \/ Saudi-Arabien (Festivalteilnahme 2015)<br \/>\n&#8211; Blazej Rusin \/ Polen (Festivalteilnahme 2016)<br \/>\n&#8211; Jens Besser \/ Dresden (LackStreicheKleber-Artist)<br \/>\n&#8211; Andy K \/ Dresden (LackStreicheKleber-Artist)<br \/>\n&#8211; sowie fotografisch festgehaltene Impressionen des Festivals von Christiane Michel<\/p>\n<p><img loading=\"lazy\" decoding=\"async\" src=\"https:\/\/www.anartchy.com\/urbanscript\/wp-content\/uploads\/LSK_Schweift_herum_G\u00f6_web1-675x1014.jpg\" alt=\"LSK schweift herum G\u00f6rlitz - live malen\" width=\"675\" height=\"1014\" class=\"size-large wp-image-1627\" srcset=\"https:\/\/www.anartchy.com\/urbanscript\/wp-content\/uploads\/LSK_Schweift_herum_G\u00f6_web1-675x1014.jpg 675w, https:\/\/www.anartchy.com\/urbanscript\/wp-content\/uploads\/LSK_Schweift_herum_G\u00f6_web1-768x1153.jpg 768w, https:\/\/www.anartchy.com\/urbanscript\/wp-content\/uploads\/LSK_Schweift_herum_G\u00f6_web1.jpg 799w\" sizes=\"auto, (max-width: 675px) 100vw, 675px\" \/>Live Aktion<\/p>\n<p><img loading=\"lazy\" decoding=\"async\" src=\"https:\/\/www.anartchy.com\/urbanscript\/wp-content\/uploads\/LSK_Schweift_herum_G\u00f6_web2-675x449.jpg\" alt=\"LSK schweift herum G\u00f6rlitz - Fotos des Festivals\" width=\"675\" height=\"449\" class=\"size-large wp-image-1628\" srcset=\"https:\/\/www.anartchy.com\/urbanscript\/wp-content\/uploads\/LSK_Schweift_herum_G\u00f6_web2-675x449.jpg 675w, https:\/\/www.anartchy.com\/urbanscript\/wp-content\/uploads\/LSK_Schweift_herum_G\u00f6_web2-768x511.jpg 768w, https:\/\/www.anartchy.com\/urbanscript\/wp-content\/uploads\/LSK_Schweift_herum_G\u00f6_web2.jpg 1200w\" sizes=\"auto, (max-width: 675px) 100vw, 675px\" \/> Fotos des Festivals<\/p>\n<p><img loading=\"lazy\" decoding=\"async\" src=\"https:\/\/www.anartchy.com\/urbanscript\/wp-content\/uploads\/LSK_Schweift_herum_G\u00f6_web3-675x449.jpg\" alt=\"LSK schweift herum G\u00f6rlitz - Werke von Andy K und Anders Reventlov\" width=\"675\" height=\"449\" class=\"size-large wp-image-1629\" srcset=\"https:\/\/www.anartchy.com\/urbanscript\/wp-content\/uploads\/LSK_Schweift_herum_G\u00f6_web3-675x449.jpg 675w, https:\/\/www.anartchy.com\/urbanscript\/wp-content\/uploads\/LSK_Schweift_herum_G\u00f6_web3-768x511.jpg 768w, https:\/\/www.anartchy.com\/urbanscript\/wp-content\/uploads\/LSK_Schweift_herum_G\u00f6_web3.jpg 1200w\" sizes=\"auto, (max-width: 675px) 100vw, 675px\" \/>Werke von Andy K und Anders Reventlov<\/p>\n<p><img loading=\"lazy\" decoding=\"async\" src=\"https:\/\/www.anartchy.com\/urbanscript\/wp-content\/uploads\/LSK_Schweift_herum_G\u00f6_web4-675x449.jpg\" alt=\"LSK schweift herum G\u00f6rlitz - PReview &quot;breaking borders - freighttrainworks\" width=\"675\" height=\"449\" class=\"size-large wp-image-1630\" srcset=\"https:\/\/www.anartchy.com\/urbanscript\/wp-content\/uploads\/LSK_Schweift_herum_G\u00f6_web4-675x449.jpg 675w, https:\/\/www.anartchy.com\/urbanscript\/wp-content\/uploads\/LSK_Schweift_herum_G\u00f6_web4-768x511.jpg 768w, https:\/\/www.anartchy.com\/urbanscript\/wp-content\/uploads\/LSK_Schweift_herum_G\u00f6_web4.jpg 1200w\" sizes=\"auto, (max-width: 675px) 100vw, 675px\" \/> LSK schweift herum G\u00f6rlitz &#8211; Preview &#8222;breaking borders &#8211; freighttrainworks<\/p>\n","protected":false},"excerpt":{"rendered":"<p>\u201eLackStreicheKleber schweift herum\u201c ist die aus dem Elbtal herausschwappende Variante des Dresdner Urban-Art-Festivals LackStreicheKleber. Gezeigt wurden Originalwerke beteiligter K\u00fcnstler (u.a. &hellip; <\/p>\n","protected":false},"author":2,"featured_media":0,"parent":1516,"menu_order":0,"comment_status":"closed","ping_status":"closed","template":"","meta":{"_acf_changed":false,"footnotes":""},"categories":[1,15],"class_list":["post-1624","page","type-page","status-publish","hentry","category-ausstellungen","category-rueckblicke"],"acf":[],"_links":{"self":[{"href":"https:\/\/www.anartchy.com\/urbanscript\/wp-json\/wp\/v2\/pages\/1624","targetHints":{"allow":["GET"]}}],"collection":[{"href":"https:\/\/www.anartchy.com\/urbanscript\/wp-json\/wp\/v2\/pages"}],"about":[{"href":"https:\/\/www.anartchy.com\/urbanscript\/wp-json\/wp\/v2\/types\/page"}],"author":[{"embeddable":true,"href":"https:\/\/www.anartchy.com\/urbanscript\/wp-json\/wp\/v2\/users\/2"}],"replies":[{"embeddable":true,"href":"https:\/\/www.anartchy.com\/urbanscript\/wp-json\/wp\/v2\/comments?post=1624"}],"version-history":[{"count":2,"href":"https:\/\/www.anartchy.com\/urbanscript\/wp-json\/wp\/v2\/pages\/1624\/revisions"}],"predecessor-version":[{"id":1631,"href":"https:\/\/www.anartchy.com\/urbanscript\/wp-json\/wp\/v2\/pages\/1624\/revisions\/1631"}],"up":[{"embeddable":true,"href":"https:\/\/www.anartchy.com\/urbanscript\/wp-json\/wp\/v2\/pages\/1516"}],"wp:attachment":[{"href":"https:\/\/www.anartchy.com\/urbanscript\/wp-json\/wp\/v2\/media?parent=1624"}],"wp:term":[{"taxonomy":"category","embeddable":true,"href":"https:\/\/www.anartchy.com\/urbanscript\/wp-json\/wp\/v2\/categories?post=1624"}],"curies":[{"name":"wp","href":"https:\/\/api.w.org\/{rel}","templated":true}]}}