{"id":1607,"date":"2017-01-31T14:58:46","date_gmt":"2017-01-31T14:58:46","guid":{"rendered":"http:\/\/www.anartchy.com\/urbanscript\/?page_id=1607"},"modified":"2017-01-31T15:05:36","modified_gmt":"2017-01-31T15:05:36","slug":"beer-waiting-needle-caps-katalog","status":"publish","type":"page","link":"https:\/\/www.anartchy.com\/urbanscript\/2016-2\/beer-waiting-needle-caps-ausstellung\/beer-waiting-needle-caps-katalog\/","title":{"rendered":"Beer, Waiting, Needle Caps &#8211; Katalog"},"content":{"rendered":"<p>BWNC sind der Italiener Aris, der D\u00e4ne Anders Reventlov, der Franzose Vilx und der Deutsche Jens Besser. Gegr\u00fcndet wurde die Gruppe standesgem\u00e4\u00df an einem Sonntagnachmittag in einem Gef\u00e4ngnis.*<\/p>\n<p>Vom 29.April 2016 bis 7.May 2016 war die erste Gruppenausstellung der BWNC-Gruppe im Dresdner Hole of Fame zu sehen.<\/p>\n<p>Der Katalog dokumentiert den gesamten Prozess des Ausstellungsprojekts im Innen- und Au\u00dfenraum.<br \/>\nBegleitend zu dem umfangreichen Fotomaterial sind im Katalog Texte der K\u00fcnstler in ihrer Muttersprache und Englisch.<br \/>\nDer 40-seitige Katalog ist limitiert auf 300 St\u00fcck. <\/p>\n<p>Preis: 5\u20ac zzgl. Versand ( Inland 2\u20ac, Europa 4\u20ac ) <\/p>\n<p>Bei Interesse bitte \u00fcber <a href=\"https:\/\/www.anartchy.com\/urbanscript\/kontakt\/\">das Kontaktformular<\/a> eine Nachricht an uns senden.<\/p>\n<p><em>* Von Mai bis September 2015 fand im ehemaligen Knast der Landeshauptstadt Magdeburg die internationale Ausstellung \u201eDie neue Sinnlichkeit\u201c statt. Dorthin eingeladen, realisierten die K\u00fcnstler einzeln und gemeinsam Wandbilder als Teil von \u201eAntimurals\u201c.<\/em><\/p>\n<p><a href=\"https:\/\/www.anartchy.com\/urbanscript\/wp-content\/uploads\/Ohne-Titel-9.jpg\"><img loading=\"lazy\" decoding=\"async\" src=\"https:\/\/www.anartchy.com\/urbanscript\/wp-content\/uploads\/Ohne-Titel-9-675x456.jpg\" alt=\"BWNC - Katalog - CoverSeite\" width=\"675\" height=\"456\" class=\"size-large wp-image-1613\" srcset=\"https:\/\/www.anartchy.com\/urbanscript\/wp-content\/uploads\/Ohne-Titel-9-675x456.jpg 675w, https:\/\/www.anartchy.com\/urbanscript\/wp-content\/uploads\/Ohne-Titel-9-768x519.jpg 768w, https:\/\/www.anartchy.com\/urbanscript\/wp-content\/uploads\/Ohne-Titel-9.jpg 1107w\" sizes=\"auto, (max-width: 675px) 100vw, 675px\" \/><\/a><br \/>\nCover<\/p>\n<p><img loading=\"lazy\" decoding=\"async\" src=\"https:\/\/www.anartchy.com\/urbanscript\/wp-content\/uploads\/Ohne-Titel-3-675x449.jpg\" alt=\"BWNC - Katalog - Introseite\" width=\"675\" height=\"449\" class=\"size-large wp-image-1608\" srcset=\"https:\/\/www.anartchy.com\/urbanscript\/wp-content\/uploads\/Ohne-Titel-3-675x449.jpg 675w, https:\/\/www.anartchy.com\/urbanscript\/wp-content\/uploads\/Ohne-Titel-3-768x511.jpg 768w, https:\/\/www.anartchy.com\/urbanscript\/wp-content\/uploads\/Ohne-Titel-3.jpg 1200w\" sizes=\"auto, (max-width: 675px) 100vw, 675px\" \/><br \/>\nIntroseite<\/p>\n<p><img loading=\"lazy\" decoding=\"async\" src=\"https:\/\/www.anartchy.com\/urbanscript\/wp-content\/uploads\/Ohne-Titel-4-675x449.jpg\" alt=\"BWNC - Katalog - eine Aris Seite\" width=\"675\" height=\"449\" class=\"size-large wp-image-1609\" srcset=\"https:\/\/www.anartchy.com\/urbanscript\/wp-content\/uploads\/Ohne-Titel-4-675x449.jpg 675w, https:\/\/www.anartchy.com\/urbanscript\/wp-content\/uploads\/Ohne-Titel-4-768x511.jpg 768w, https:\/\/www.anartchy.com\/urbanscript\/wp-content\/uploads\/Ohne-Titel-4.jpg 1200w\" sizes=\"auto, (max-width: 675px) 100vw, 675px\" \/><br \/>\nAris-Statement und in Aktion <\/p>\n<p><img loading=\"lazy\" decoding=\"async\" src=\"https:\/\/www.anartchy.com\/urbanscript\/wp-content\/uploads\/Ohne-Titel-5-675x449.jpg\" alt=\"BWNC - Katalog - IntroseiteBWNC - Katalog - eine Aris Jens Besser Seite\" width=\"675\" height=\"449\" class=\"size-large wp-image-1610\" srcset=\"https:\/\/www.anartchy.com\/urbanscript\/wp-content\/uploads\/Ohne-Titel-5-675x449.jpg 675w, https:\/\/www.anartchy.com\/urbanscript\/wp-content\/uploads\/Ohne-Titel-5-768x511.jpg 768w, https:\/\/www.anartchy.com\/urbanscript\/wp-content\/uploads\/Ohne-Titel-5.jpg 1200w\" sizes=\"auto, (max-width: 675px) 100vw, 675px\" \/><br \/>\nJens Besser-Statement und Gemeinschaftswerk mit Aris<\/p>\n<p><img loading=\"lazy\" decoding=\"async\" src=\"https:\/\/www.anartchy.com\/urbanscript\/wp-content\/uploads\/Ohne-Titel-6-675x449.jpg\" alt=\"BWNC - Katalog - eine Vilx Seite\" width=\"675\" height=\"449\" class=\"size-large wp-image-1611\" srcset=\"https:\/\/www.anartchy.com\/urbanscript\/wp-content\/uploads\/Ohne-Titel-6-675x449.jpg 675w, https:\/\/www.anartchy.com\/urbanscript\/wp-content\/uploads\/Ohne-Titel-6-768x511.jpg 768w, https:\/\/www.anartchy.com\/urbanscript\/wp-content\/uploads\/Ohne-Titel-6.jpg 1200w\" sizes=\"auto, (max-width: 675px) 100vw, 675px\" \/><br \/>\nWerke von Vilx auf europ\u00e4ischen G\u00fcterz\u00fcgen<\/p>\n<p><img loading=\"lazy\" decoding=\"async\" src=\"https:\/\/www.anartchy.com\/urbanscript\/wp-content\/uploads\/Ohne-Titel-7-675x449.jpg\" alt=\"BWNC - Katalog - eine Crew Seite\" width=\"675\" height=\"449\" class=\"size-large wp-image-1612\" srcset=\"https:\/\/www.anartchy.com\/urbanscript\/wp-content\/uploads\/Ohne-Titel-7-675x449.jpg 675w, https:\/\/www.anartchy.com\/urbanscript\/wp-content\/uploads\/Ohne-Titel-7-768x511.jpg 768w, https:\/\/www.anartchy.com\/urbanscript\/wp-content\/uploads\/Ohne-Titel-7.jpg 1200w\" sizes=\"auto, (max-width: 675px) 100vw, 675px\" \/><br \/>\nImpressum<\/p>\n","protected":false},"excerpt":{"rendered":"<p>Vom 29.April 2016 bis 7.May 2016 war die erste Gruppenausstellung der Gruppe BWNC im Dresdner Hole of Fame zu sehen. &hellip; <\/p>\n","protected":false},"author":2,"featured_media":0,"parent":1499,"menu_order":0,"comment_status":"closed","ping_status":"closed","template":"","meta":{"_acf_changed":false,"footnotes":""},"categories":[10],"class_list":["post-1607","page","type-page","status-publish","hentry","category-publikationen"],"acf":[],"_links":{"self":[{"href":"https:\/\/www.anartchy.com\/urbanscript\/wp-json\/wp\/v2\/pages\/1607","targetHints":{"allow":["GET"]}}],"collection":[{"href":"https:\/\/www.anartchy.com\/urbanscript\/wp-json\/wp\/v2\/pages"}],"about":[{"href":"https:\/\/www.anartchy.com\/urbanscript\/wp-json\/wp\/v2\/types\/page"}],"author":[{"embeddable":true,"href":"https:\/\/www.anartchy.com\/urbanscript\/wp-json\/wp\/v2\/users\/2"}],"replies":[{"embeddable":true,"href":"https:\/\/www.anartchy.com\/urbanscript\/wp-json\/wp\/v2\/comments?post=1607"}],"version-history":[{"count":6,"href":"https:\/\/www.anartchy.com\/urbanscript\/wp-json\/wp\/v2\/pages\/1607\/revisions"}],"predecessor-version":[{"id":1619,"href":"https:\/\/www.anartchy.com\/urbanscript\/wp-json\/wp\/v2\/pages\/1607\/revisions\/1619"}],"up":[{"embeddable":true,"href":"https:\/\/www.anartchy.com\/urbanscript\/wp-json\/wp\/v2\/pages\/1499"}],"wp:attachment":[{"href":"https:\/\/www.anartchy.com\/urbanscript\/wp-json\/wp\/v2\/media?parent=1607"}],"wp:term":[{"taxonomy":"category","embeddable":true,"href":"https:\/\/www.anartchy.com\/urbanscript\/wp-json\/wp\/v2\/categories?post=1607"}],"curies":[{"name":"wp","href":"https:\/\/api.w.org\/{rel}","templated":true}]}}