{"id":1574,"date":"2017-01-27T18:04:59","date_gmt":"2017-01-27T18:04:59","guid":{"rendered":"http:\/\/www.anartchy.com\/urbanscript\/?page_id=1574"},"modified":"2017-01-27T18:04:59","modified_gmt":"2017-01-27T18:04:59","slug":"das-leben-des-hal","status":"publish","type":"page","link":"https:\/\/www.anartchy.com\/urbanscript\/2016-2\/magic-city\/das-leben-des-hal\/","title":{"rendered":"Das Leben des Hal"},"content":{"rendered":"<p>Der Graffiti-Guru Johannes Stahl schl\u00e4ngelt sich mit Street Art durch die Epochen der Menschheitsgeschichte.<\/p>\n<p>Street Art fasziniert. Anonym, provokativ und unakademisch sind die gespr\u00fchten oder geklebten Bilder. Sie thematisieren oft &#8211; aber nicht immer &#8211; politischen Protest und sind zugleich der Versuch, etwas Poesie in unsere St\u00e4dte zu bringen.<\/p>\n<p>Das Buch Street Art von Johannes Stahl zeigt in \u00fcber 250 Bildern und erl\u00e4uternden Texten die Bandbreite der k\u00fcnstlerischen Ausdrucksformen. Themenseiten beleuchten \u201eDie Magie des Namens\u201c, \u201eHip Hop\u201c oder \u201eStreet Art vs. Globalisierung\u201c.<\/p>\n<p>Eine Besonderheit des historisch angelegten Buchs ist die Handlungsfigur, die an den Kapitelanf\u00e4ngen kurz auftaucht: Hal ist unsterblich. Der Steinzeitjunge, r\u00f6mische Sohn eines Sklaven, das Servierm\u00e4dchen in einer barocken Spelunke kehrt als franz\u00f6sischer K\u00f6nigssohn wieder, als Berliner B-Boy und mutiert sogar zum superleistungsf\u00e4higen Computerprogramm. Der Autor stellt ihn hier erstmals in einer \u00f6ffentlichen Lesung vor.<\/p>\n","protected":false},"excerpt":{"rendered":"<p>Der Graffiti-Guru Johannes Stahl schl\u00e4ngelt sich mit Street Art durch die Epochen der Menschheitsgeschichte.<\/p>\n","protected":false},"author":2,"featured_media":0,"parent":1568,"menu_order":0,"comment_status":"open","ping_status":"open","template":"","meta":{"_acf_changed":false,"footnotes":""},"categories":[5],"class_list":["post-1574","page","type-page","status-publish","hentry","category-vortraege"],"acf":[],"_links":{"self":[{"href":"https:\/\/www.anartchy.com\/urbanscript\/wp-json\/wp\/v2\/pages\/1574","targetHints":{"allow":["GET"]}}],"collection":[{"href":"https:\/\/www.anartchy.com\/urbanscript\/wp-json\/wp\/v2\/pages"}],"about":[{"href":"https:\/\/www.anartchy.com\/urbanscript\/wp-json\/wp\/v2\/types\/page"}],"author":[{"embeddable":true,"href":"https:\/\/www.anartchy.com\/urbanscript\/wp-json\/wp\/v2\/users\/2"}],"replies":[{"embeddable":true,"href":"https:\/\/www.anartchy.com\/urbanscript\/wp-json\/wp\/v2\/comments?post=1574"}],"version-history":[{"count":2,"href":"https:\/\/www.anartchy.com\/urbanscript\/wp-json\/wp\/v2\/pages\/1574\/revisions"}],"predecessor-version":[{"id":1577,"href":"https:\/\/www.anartchy.com\/urbanscript\/wp-json\/wp\/v2\/pages\/1574\/revisions\/1577"}],"up":[{"embeddable":true,"href":"https:\/\/www.anartchy.com\/urbanscript\/wp-json\/wp\/v2\/pages\/1568"}],"wp:attachment":[{"href":"https:\/\/www.anartchy.com\/urbanscript\/wp-json\/wp\/v2\/media?parent=1574"}],"wp:term":[{"taxonomy":"category","embeddable":true,"href":"https:\/\/www.anartchy.com\/urbanscript\/wp-json\/wp\/v2\/categories?post=1574"}],"curies":[{"name":"wp","href":"https:\/\/api.w.org\/{rel}","templated":true}]}}