{"id":1570,"date":"2017-01-27T18:00:17","date_gmt":"2017-01-27T18:00:17","guid":{"rendered":"http:\/\/www.anartchy.com\/urbanscript\/?page_id=1570"},"modified":"2017-01-27T18:00:17","modified_gmt":"2017-01-27T18:00:17","slug":"graffiti-avantgarde-und-verbrechen","status":"publish","type":"page","link":"https:\/\/www.anartchy.com\/urbanscript\/2016-2\/magic-city\/graffiti-avantgarde-und-verbrechen\/","title":{"rendered":"Graffiti \u2013 Avantgarde und Verbrechen"},"content":{"rendered":"<p>Der Graffiti-Aktivist und Kurator stellt \u00dcberlegungen zu ungenehmigter Kunst im \u00f6ffentlichen Raum an.<\/p>\n<p>Was ist im Graffiti Avantgarde \u2013 jenseits des New York Writings? Wie verhalten sich bestimmte ungenehmigte Malereien auf Betonbr\u00fccken und U-Bahnz\u00fcgen zu Ph\u00e4nomenen der Kulturgeschichte und der Kunstbewegungen? <\/p>\n<p>Robert Kaltenh\u00e4user, Herausgeber des Anti-Graffitimagazins &#8222;Zugriff \u2013 Schriften zum visuellen Ungehorsam&#8220; besch\u00e4ftigt sich mit den stilistischen und konzeptuellen Extrempositionen dessen, was als Graffiti gehandelt wird. Anhand ausgew\u00e4hlter Beispiele zeichnet er \u00fcberraschende aktuelle und historische Parallelen nach und vermittelt so ein kritisches R\u00fcstzeug beim Blick auf die Stilbl\u00fcten einer so gehassten Kunstform.<\/p>\n","protected":false},"excerpt":{"rendered":"<p>Der Graffiti-Aktivist und Kurator Robert Kaltenh\u00e4user stellt \u00dcberlegungen zu ungenehmigter Kunst im \u00f6ffentlichen Raum an.<\/p>\n","protected":false},"author":2,"featured_media":0,"parent":1568,"menu_order":0,"comment_status":"open","ping_status":"open","template":"","meta":{"_acf_changed":false,"footnotes":""},"categories":[5],"class_list":["post-1570","page","type-page","status-publish","hentry","category-vortraege"],"acf":[],"_links":{"self":[{"href":"https:\/\/www.anartchy.com\/urbanscript\/wp-json\/wp\/v2\/pages\/1570","targetHints":{"allow":["GET"]}}],"collection":[{"href":"https:\/\/www.anartchy.com\/urbanscript\/wp-json\/wp\/v2\/pages"}],"about":[{"href":"https:\/\/www.anartchy.com\/urbanscript\/wp-json\/wp\/v2\/types\/page"}],"author":[{"embeddable":true,"href":"https:\/\/www.anartchy.com\/urbanscript\/wp-json\/wp\/v2\/users\/2"}],"replies":[{"embeddable":true,"href":"https:\/\/www.anartchy.com\/urbanscript\/wp-json\/wp\/v2\/comments?post=1570"}],"version-history":[{"count":1,"href":"https:\/\/www.anartchy.com\/urbanscript\/wp-json\/wp\/v2\/pages\/1570\/revisions"}],"predecessor-version":[{"id":1573,"href":"https:\/\/www.anartchy.com\/urbanscript\/wp-json\/wp\/v2\/pages\/1570\/revisions\/1573"}],"up":[{"embeddable":true,"href":"https:\/\/www.anartchy.com\/urbanscript\/wp-json\/wp\/v2\/pages\/1568"}],"wp:attachment":[{"href":"https:\/\/www.anartchy.com\/urbanscript\/wp-json\/wp\/v2\/media?parent=1570"}],"wp:term":[{"taxonomy":"category","embeddable":true,"href":"https:\/\/www.anartchy.com\/urbanscript\/wp-json\/wp\/v2\/categories?post=1570"}],"curies":[{"name":"wp","href":"https:\/\/api.w.org\/{rel}","templated":true}]}}