{"id":1568,"date":"2017-01-27T17:51:34","date_gmt":"2017-01-27T17:51:34","guid":{"rendered":"http:\/\/www.anartchy.com\/urbanscript\/?page_id=1568"},"modified":"2017-01-27T18:22:54","modified_gmt":"2017-01-27T18:22:54","slug":"magic-city","status":"publish","type":"page","link":"https:\/\/www.anartchy.com\/urbanscript\/2016-2\/magic-city\/","title":{"rendered":"Magic City"},"content":{"rendered":"<p>2016 wurde Jens Besser als K\u00fcnstler und Kurator eingeladen bei der Magic City in Dresden mitzuwirken.<br \/>\nAls Kurator empfahl er lokale K\u00fcnstler und Institutionen. Au\u00dferdem organiserte er Vortr\u00e4ge von Johannes Stahl und Robert Kaltenh\u00e4user.<br \/>\nAls K\u00fcnstler realisierte er das Werk &#8222;My wasted talent in the street of the world, my talents along the rails&#8220;.<\/p>\n","protected":false},"excerpt":{"rendered":"<p>2016 wurde Jens Besser als K\u00fcnstler und Kurator eingeladen bei der Premiere der Magic City in Dresden mitzuwirken.<\/p>\n","protected":false},"author":2,"featured_media":0,"parent":1497,"menu_order":0,"comment_status":"open","ping_status":"open","template":"","meta":{"_acf_changed":false,"footnotes":""},"categories":[14],"class_list":["post-1568","page","type-page","status-publish","hentry","category-projekte"],"acf":[],"_links":{"self":[{"href":"https:\/\/www.anartchy.com\/urbanscript\/wp-json\/wp\/v2\/pages\/1568","targetHints":{"allow":["GET"]}}],"collection":[{"href":"https:\/\/www.anartchy.com\/urbanscript\/wp-json\/wp\/v2\/pages"}],"about":[{"href":"https:\/\/www.anartchy.com\/urbanscript\/wp-json\/wp\/v2\/types\/page"}],"author":[{"embeddable":true,"href":"https:\/\/www.anartchy.com\/urbanscript\/wp-json\/wp\/v2\/users\/2"}],"replies":[{"embeddable":true,"href":"https:\/\/www.anartchy.com\/urbanscript\/wp-json\/wp\/v2\/comments?post=1568"}],"version-history":[{"count":4,"href":"https:\/\/www.anartchy.com\/urbanscript\/wp-json\/wp\/v2\/pages\/1568\/revisions"}],"predecessor-version":[{"id":1592,"href":"https:\/\/www.anartchy.com\/urbanscript\/wp-json\/wp\/v2\/pages\/1568\/revisions\/1592"}],"up":[{"embeddable":true,"href":"https:\/\/www.anartchy.com\/urbanscript\/wp-json\/wp\/v2\/pages\/1497"}],"wp:attachment":[{"href":"https:\/\/www.anartchy.com\/urbanscript\/wp-json\/wp\/v2\/media?parent=1568"}],"wp:term":[{"taxonomy":"category","embeddable":true,"href":"https:\/\/www.anartchy.com\/urbanscript\/wp-json\/wp\/v2\/categories?post=1568"}],"curies":[{"name":"wp","href":"https:\/\/api.w.org\/{rel}","templated":true}]}}