{"id":1564,"date":"2017-01-27T17:50:37","date_gmt":"2017-01-27T17:50:37","guid":{"rendered":"http:\/\/www.anartchy.com\/urbanscript\/?page_id=1564"},"modified":"2017-01-27T17:50:37","modified_gmt":"2017-01-27T17:50:37","slug":"black-circle-festival","status":"publish","type":"page","link":"https:\/\/www.anartchy.com\/urbanscript\/2016-2\/lackstreichekleber-2016\/black-circle-festival\/","title":{"rendered":"Black Circle Festival"},"content":{"rendered":"<p>Das Black Circle Festival ist kein \u201enormales Urban Art Festival\u201c. Es gibt keine feste Organisation, keine F\u00f6rderung, keine Gro\u00dfstadt mit hippen, angesagten G\u00e4sten. Black Circle findet im Hinterland statt, fern ab von Spr\u00fchdosenl\u00e4den und Matedrinks. Doch was bedeutet es an einem Festival teilzunehmen, wo Materialien auf ein Minimum reduziert werden? Was sch\u00e4tzen die K\u00fcnstler an diesem Treffen? Was bedeutet das Aufeinandertreffen von Urban Art und Outback? Beteiligte K\u00fcnstler sprechen \u00fcber ihre Erfahrungen beim Black Circle Festival und stehen Rede und Antwort.<\/p>\n","protected":false},"excerpt":{"rendered":"<p>Das Black Circle Festival ist kein \u201enormales Urban Art Festival\u201c. Es gibt keine feste Organisation, keine F\u00f6rderung, keine Gro\u00dfstadt mit &hellip; <\/p>\n","protected":false},"author":2,"featured_media":0,"parent":1516,"menu_order":0,"comment_status":"open","ping_status":"open","template":"","meta":{"_acf_changed":false,"footnotes":""},"categories":[5],"class_list":["post-1564","page","type-page","status-publish","hentry","category-vortraege"],"acf":[],"_links":{"self":[{"href":"https:\/\/www.anartchy.com\/urbanscript\/wp-json\/wp\/v2\/pages\/1564","targetHints":{"allow":["GET"]}}],"collection":[{"href":"https:\/\/www.anartchy.com\/urbanscript\/wp-json\/wp\/v2\/pages"}],"about":[{"href":"https:\/\/www.anartchy.com\/urbanscript\/wp-json\/wp\/v2\/types\/page"}],"author":[{"embeddable":true,"href":"https:\/\/www.anartchy.com\/urbanscript\/wp-json\/wp\/v2\/users\/2"}],"replies":[{"embeddable":true,"href":"https:\/\/www.anartchy.com\/urbanscript\/wp-json\/wp\/v2\/comments?post=1564"}],"version-history":[{"count":2,"href":"https:\/\/www.anartchy.com\/urbanscript\/wp-json\/wp\/v2\/pages\/1564\/revisions"}],"predecessor-version":[{"id":1567,"href":"https:\/\/www.anartchy.com\/urbanscript\/wp-json\/wp\/v2\/pages\/1564\/revisions\/1567"}],"up":[{"embeddable":true,"href":"https:\/\/www.anartchy.com\/urbanscript\/wp-json\/wp\/v2\/pages\/1516"}],"wp:attachment":[{"href":"https:\/\/www.anartchy.com\/urbanscript\/wp-json\/wp\/v2\/media?parent=1564"}],"wp:term":[{"taxonomy":"category","embeddable":true,"href":"https:\/\/www.anartchy.com\/urbanscript\/wp-json\/wp\/v2\/categories?post=1564"}],"curies":[{"name":"wp","href":"https:\/\/api.w.org\/{rel}","templated":true}]}}