{"id":1550,"date":"2017-01-27T14:01:09","date_gmt":"2017-01-27T14:01:09","guid":{"rendered":"http:\/\/www.anartchy.com\/urbanscript\/?page_id=1550"},"modified":"2017-01-27T14:01:09","modified_gmt":"2017-01-27T14:01:09","slug":"lackstreichekleber-begleitheft","status":"publish","type":"page","link":"https:\/\/www.anartchy.com\/urbanscript\/2016-2\/lackstreichekleber-2016\/lackstreichekleber-begleitheft\/","title":{"rendered":"LackStreicheKleber &#8211; Begleitheft"},"content":{"rendered":"<p>Erg\u00e4nzend zum Festival ver\u00f6ffentlichte LackStreicheKleber im Juni eine Publikation \u00fcber Dresdner Urban Art K\u00fcnstler, Akteure und das Festival. Das Booklet umfasst 28 Seiten und wurde in Dresden, Magdeburg, Bautzen sowie im Nachgang des Festivals in N\u00f6rdlingen, Augsburg und G\u00f6rlitz an Interessierte ausgegeben.<\/p>\n<p>Eine Online-PDF kann <a href=\"https:\/\/www.anartchy.com\/urbanscript\/wp-content\/uploads\/HeftLSK_vorschau_druck_2_kl.pdf\" target=\"_blank\">hier heruntergeladen werden<\/a>.<\/p>\n","protected":false},"excerpt":{"rendered":"<p>Erg\u00e4nzend zum Festival ver\u00f6ffentlichte LackStreicheKleber im Juni eine Publikation \u00fcber Dresdner Urban Art K\u00fcnstler, Akteure und das Festival.<\/p>\n","protected":false},"author":2,"featured_media":0,"parent":1516,"menu_order":0,"comment_status":"open","ping_status":"open","template":"","meta":{"_acf_changed":false,"footnotes":""},"categories":[10],"class_list":["post-1550","page","type-page","status-publish","hentry","category-publikationen"],"acf":[],"_links":{"self":[{"href":"https:\/\/www.anartchy.com\/urbanscript\/wp-json\/wp\/v2\/pages\/1550","targetHints":{"allow":["GET"]}}],"collection":[{"href":"https:\/\/www.anartchy.com\/urbanscript\/wp-json\/wp\/v2\/pages"}],"about":[{"href":"https:\/\/www.anartchy.com\/urbanscript\/wp-json\/wp\/v2\/types\/page"}],"author":[{"embeddable":true,"href":"https:\/\/www.anartchy.com\/urbanscript\/wp-json\/wp\/v2\/users\/2"}],"replies":[{"embeddable":true,"href":"https:\/\/www.anartchy.com\/urbanscript\/wp-json\/wp\/v2\/comments?post=1550"}],"version-history":[{"count":2,"href":"https:\/\/www.anartchy.com\/urbanscript\/wp-json\/wp\/v2\/pages\/1550\/revisions"}],"predecessor-version":[{"id":1554,"href":"https:\/\/www.anartchy.com\/urbanscript\/wp-json\/wp\/v2\/pages\/1550\/revisions\/1554"}],"up":[{"embeddable":true,"href":"https:\/\/www.anartchy.com\/urbanscript\/wp-json\/wp\/v2\/pages\/1516"}],"wp:attachment":[{"href":"https:\/\/www.anartchy.com\/urbanscript\/wp-json\/wp\/v2\/media?parent=1550"}],"wp:term":[{"taxonomy":"category","embeddable":true,"href":"https:\/\/www.anartchy.com\/urbanscript\/wp-json\/wp\/v2\/categories?post=1550"}],"curies":[{"name":"wp","href":"https:\/\/api.w.org\/{rel}","templated":true}]}}