{"id":1533,"date":"2017-01-27T13:44:11","date_gmt":"2017-01-27T13:44:11","guid":{"rendered":"http:\/\/www.anartchy.com\/urbanscript\/?page_id=1533"},"modified":"2017-01-27T13:51:30","modified_gmt":"2017-01-27T13:51:30","slug":"lsk-goes-line","status":"publish","type":"page","link":"https:\/\/www.anartchy.com\/urbanscript\/2016-2\/lackstreichekleber-2016\/lsk-goes-line\/","title":{"rendered":"LackStreicheKleber goes Line"},"content":{"rendered":"<p>Das LackStreicheKleber-Festvial wird in Kooperation mit dem VVO und der DB AG den neuen S-Bahn-Haltepunkt Dresden-Bischofsplatz legal gestalten. Es ist der erste neugebaute Haltepunkt Dresdens, der mit euch gestaltet wird.<\/p>\n<p>Die Themen k\u00f6nnt Ihr frei w\u00e4hlen, nur die Logos der S-Bahn und des VVO m\u00fcssen irgendwo vorkommen. Es kann gefrickelt, gesketched und gestylte werden was das Zeug h\u00e4lt &#8211; wie man es vom LackStreicheKleber-Festival kennt.*<\/p>\n<p>Die Spr\u00fchdosen f\u00fcr diese Aktion gibt es kostenfrei und werden Vor-Ort ausgegeben. Die W\u00e4nde werden f\u00fcr die Gestaltung von uns grundiert. **<\/p>\n<p><b>Achtung ! An der Aktion k\u00f6nnen maximal 15 Personen teilnehmen! Deshalb meldet euch schnell an, bevor die Fl\u00e4chen vergeben sind &#8211; Anmeldung bis zum 13.3.2016 an: bischofsplatz@lackstreichekleber.de oder unter <\/b><span style=\"color: #323333;\"><b>0160 951 61 601 ( Mo-Fr 10.00-18 Uhr)<\/b><\/span><\/p>\n<p>Die Bemalung beginnt am 25.3.2016 und l\u00e4uft bis 27.3.2016. Nach eurer E-Mail- Anmeldung werdet ihr weitere Infos bekommen.<\/p>\n<p style=\"color: #323333;\">* sexistische, rassistische und sonstige diffamierende Inhalte werden nicht geduldet &#8211; Wir sind hier um gemeinsam etwas zu schaffen !<\/p>\n<p style=\"color: #323333;\">**Beim LSK wird auf eure Gesundheit geachtet &#8211; deshalb stellen wir auch Filter f\u00fcr Masken. Bitte gebt bescheid ob ihr mit einer 3m Filter-Maske malt, denn nur daf\u00fcr k\u00f6nnen wir Filter besorgen.<\/p>\n<p style=\"color: #323333;\">\n","protected":false},"excerpt":{"rendered":"<p>Das LackStreicheKleber-Festvial hat in Kooperation mit dem VVO und der DB AG den neuen S-Bahn-Haltepunkt Dresden-Bischofsplatz legal gestaltet. Es ist &hellip; <\/p>\n","protected":false},"author":2,"featured_media":0,"parent":1516,"menu_order":0,"comment_status":"open","ping_status":"open","template":"","meta":{"_acf_changed":false,"footnotes":""},"categories":[7],"class_list":["post-1533","page","type-page","status-publish","hentry","category-murals"],"acf":[],"_links":{"self":[{"href":"https:\/\/www.anartchy.com\/urbanscript\/wp-json\/wp\/v2\/pages\/1533","targetHints":{"allow":["GET"]}}],"collection":[{"href":"https:\/\/www.anartchy.com\/urbanscript\/wp-json\/wp\/v2\/pages"}],"about":[{"href":"https:\/\/www.anartchy.com\/urbanscript\/wp-json\/wp\/v2\/types\/page"}],"author":[{"embeddable":true,"href":"https:\/\/www.anartchy.com\/urbanscript\/wp-json\/wp\/v2\/users\/2"}],"replies":[{"embeddable":true,"href":"https:\/\/www.anartchy.com\/urbanscript\/wp-json\/wp\/v2\/comments?post=1533"}],"version-history":[{"count":4,"href":"https:\/\/www.anartchy.com\/urbanscript\/wp-json\/wp\/v2\/pages\/1533\/revisions"}],"predecessor-version":[{"id":1539,"href":"https:\/\/www.anartchy.com\/urbanscript\/wp-json\/wp\/v2\/pages\/1533\/revisions\/1539"}],"up":[{"embeddable":true,"href":"https:\/\/www.anartchy.com\/urbanscript\/wp-json\/wp\/v2\/pages\/1516"}],"wp:attachment":[{"href":"https:\/\/www.anartchy.com\/urbanscript\/wp-json\/wp\/v2\/media?parent=1533"}],"wp:term":[{"taxonomy":"category","embeddable":true,"href":"https:\/\/www.anartchy.com\/urbanscript\/wp-json\/wp\/v2\/categories?post=1533"}],"curies":[{"name":"wp","href":"https:\/\/api.w.org\/{rel}","templated":true}]}}