{"id":1518,"date":"2017-01-27T13:16:52","date_gmt":"2017-01-27T13:16:52","guid":{"rendered":"http:\/\/www.anartchy.com\/urbanscript\/?page_id=1518"},"modified":"2017-01-27T13:16:52","modified_gmt":"2017-01-27T13:16:52","slug":"lackstreichekleber-festival-2015-rueckblick","status":"publish","type":"page","link":"https:\/\/www.anartchy.com\/urbanscript\/2015-2\/lackstreichekleber-festival\/lackstreichekleber-festival-2015-rueckblick\/","title":{"rendered":"LackStreicheKleber Festival 2015 &#8211; R\u00fcckblick"},"content":{"rendered":"<p style=\"color: #333333;\">Das LackStreicheKleber Festival 2015 fand vom 25. Juli bis 8. August in Dresden statt. Es war das zweite Festival zu Urban Art, das von der Dresdner Szene organisiert und durchgef\u00fchrt wurde. Ziel ist es mit dem Festival ein breites Publikum zu erreichen, aufzukl\u00e4ren und f\u00fcr diese zeitgen\u00f6ssische Kunstrichtung zu begeistern. Es werden Interaktionsm\u00f6glichkeiten f\u00fcr Laien und Experten geschaffen.<\/p>\n<p style=\"color: #333333;\">Etwa 750 unmittelbare Besucher haben die Angebote des Festivals genutzt und die unterschiedlichen Veranstaltungen besucht. Viele weitere Betrachter fanden die \u00f6ffentlichen Werke.<\/p>\n<p style=\"color: #333333;\">Geplant und durchgef\u00fchrt wurde das Festival von urban script continues\/Jens Besser, Public Art Rallye Dresden\/ Yvonne Bonfert, Paint Club Academy\/Fabiane Follert, SPIKE Dresden, MUAH\/Anett Bauer, Optical Junkfood, Hole of Fame\/Eric Vogel, Kids and Heroes\/Reno r\u00f6ssel, Co-Box Dresden, C. Rockefeller Center, St\u00e4dtische Galerie Dresden, thalia Kino, riesa efau. Kultur Forum Dresden und der Projektschmiede gGmbH.<\/p>\n<p style=\"color: #333333;\">Ob Street Art, Graffiti, Urban Art oder Kunst im \u00f6ffentlichen Raum &#8211; die Schnittmenge dieser Kunstformen ist immer die direkte Ansprache des Menschen in seinem Lebensraum. Hier setzt das Programm des Festivals an und bietet F\u00fchrungen, Ausstellungen, Workshops, Mal-Aktionen, Buchvorstellungen, Vortr\u00e4ge und Filmvorf\u00fchrungen an. Hintergr\u00fcnde, Relevanzen und die Kraft, die hinter dieser Kunstbewegung steht werden so verdeutlicht. Breit aufgestellt haben wir einen Blick auf die Szene vor Ort, in der Region aber auch international geworfen. Dresdens Credo einer weltoffenen Stadt der Kulturen ist f\u00fcr uns selbstverst\u00e4ndlich. Themenschwerpunkte waren in diesem Jahr u.a. der Arabische Fr\u00fchling und die Geschichte der Dresdner Street Art. Ein umfangreiches Kinder- und Jugendprogramm agiert in den Feldern der Kunsterziehung und der politischen Bildung. Aufkl\u00e4rung, Vermittlung von Techniken und inhaltliches Arbeiten wurde in zahlreichen Workshops praktiziert.<\/p>\n<p style=\"color: #333333;\">Gemeinsam haben wir den Sommer in Dresden nicht nur farblich bereichert &#8211; Das LackStreicheKleber 2015 hat zum Mitmachen, Einmischen, Reflektieren, Mitreden und begeistern lassen eingeladen.<\/p>\n","protected":false},"excerpt":{"rendered":"<p>Das LackStreicheKleber Festival 2015 fand vom 25. Juli bis 8. August in Dresden statt. Es war das zweite Festival zu &hellip; <\/p>\n","protected":false},"author":2,"featured_media":0,"parent":1444,"menu_order":0,"comment_status":"open","ping_status":"open","template":"","meta":{"_acf_changed":false,"footnotes":""},"categories":[15],"class_list":["post-1518","page","type-page","status-publish","hentry","category-rueckblicke"],"acf":[],"_links":{"self":[{"href":"https:\/\/www.anartchy.com\/urbanscript\/wp-json\/wp\/v2\/pages\/1518","targetHints":{"allow":["GET"]}}],"collection":[{"href":"https:\/\/www.anartchy.com\/urbanscript\/wp-json\/wp\/v2\/pages"}],"about":[{"href":"https:\/\/www.anartchy.com\/urbanscript\/wp-json\/wp\/v2\/types\/page"}],"author":[{"embeddable":true,"href":"https:\/\/www.anartchy.com\/urbanscript\/wp-json\/wp\/v2\/users\/2"}],"replies":[{"embeddable":true,"href":"https:\/\/www.anartchy.com\/urbanscript\/wp-json\/wp\/v2\/comments?post=1518"}],"version-history":[{"count":3,"href":"https:\/\/www.anartchy.com\/urbanscript\/wp-json\/wp\/v2\/pages\/1518\/revisions"}],"predecessor-version":[{"id":1522,"href":"https:\/\/www.anartchy.com\/urbanscript\/wp-json\/wp\/v2\/pages\/1518\/revisions\/1522"}],"up":[{"embeddable":true,"href":"https:\/\/www.anartchy.com\/urbanscript\/wp-json\/wp\/v2\/pages\/1444"}],"wp:attachment":[{"href":"https:\/\/www.anartchy.com\/urbanscript\/wp-json\/wp\/v2\/media?parent=1518"}],"wp:term":[{"taxonomy":"category","embeddable":true,"href":"https:\/\/www.anartchy.com\/urbanscript\/wp-json\/wp\/v2\/categories?post=1518"}],"curies":[{"name":"wp","href":"https:\/\/api.w.org\/{rel}","templated":true}]}}