{"id":1499,"date":"2017-01-27T12:38:55","date_gmt":"2017-01-27T12:38:55","guid":{"rendered":"http:\/\/www.anartchy.com\/urbanscript\/?page_id=1499"},"modified":"2017-01-27T12:40:34","modified_gmt":"2017-01-27T12:40:34","slug":"beer-waiting-needle-caps-ausstellung","status":"publish","type":"page","link":"https:\/\/www.anartchy.com\/urbanscript\/2016-2\/beer-waiting-needle-caps-ausstellung\/","title":{"rendered":"Beer Waiting Needle Caps &#8211; Ausstellung"},"content":{"rendered":"<p><em>english text below<\/em><\/p>\n<p>BWNC sind der Italiener Aris, der D\u00e4ne Anders Reventlov, der Franzose Vilx und der Deutsche Jens Besser. Gegr\u00fcndet wurde die Gruppe standesgem\u00e4\u00df an einem Sonntagnachmittag in einem Gef\u00e4ngnis.*<\/p>\n<p>\u201eBeer, Waiting, Needle Caps\u201c steht f\u00fcr einen gemeinsam verbrachten Nachmittag hinter Gittern, an dem es an Bier, Needle Caps und Zeit nicht mangelte. Sehr wohl mangelte es jedoch an Spr\u00fchdosen &#8211; auf die man gemeinsam im Knast vergeblich wartete. Nach der \u201eEntlassung\u201c trennten sich die Wege, doch die Idee der Gruppe blieb erhalten und es wurde der Entschluss gefasst, 2016 gemeinsam Ausstellungen zu realisieren.<\/p>\n<p>Die erste Reunion fand im Dresdner HOLE OF FAME statt.<\/p>\n<p>Vom\u00a029.April 2016 bis\u00a07.May 2016 war die Ausstellung \u201eBeer, Waiting, Needle Caps\u201c zu sehen.<\/p>\n<p>W\u00e4hrend des gesamten Ausstellungszeitraums gab\u00a0es Interaktionen der beteiligten K\u00fcnstler &#8211; im Innen- und Au\u00dfenraum. Pr\u00e4sentationen der beteiligten K\u00fcnstler boten dem interessierten Publikum die M\u00f6glichkeit, mehr \u00fcber die K\u00fcnstler und ihre Arbeitsweisse zu erfahren, oder direkt mit den K\u00fcnstlern ins Gespr\u00e4ch zu kommen.<\/p>\n<p><em>* Von Mai bis September 2015 fand im ehemaligen Knast der Landeshauptstadt Magdeburg die internationale Ausstellung \u201eDie neue Sinnlichkeit\u201c statt. Dorthin eingeladen, realisierten die K\u00fcnstler einzeln und gemeinsam Wandbilder als Teil von \u201eAntimurals\u201c.<\/em><\/p>\n<p>Anl\u00e4sslich der Ausstellung erscheint ein limitierter Katalog.<\/p>\n<p><strong>BWNC are the Italian Aris, the Dane Anders Reventlov, the Frenchman Vilx and the German Jens Besser.<\/strong> The crew was founded during a sunday afternoon in a prison.*<\/p>\n<p>\u201eBeer, Waiting, Needle Caps\u201c stands for an afternoon spend together behind bars with no lack of beer, needle caps and time. Only spray cans were missing, the artists waited in vain for the most important materials.<\/p>\n<p>After the \u201erelease\u201c their paths went separate ways, but the idea of the crew\u00a0 continued to exist. Later the decision was made to realize exhibitions in 2016.<\/p>\n<p>The first reunion took place at the exhibition space HOLE OF FAME in Dresden\/Germany.<\/p>\n<p>period of the show: 30.4.2016 &#8211; 7.5.2016<\/p>\n<p><em>* Aris, Anders Reventlov, Vilx and Jens Besser stayed together in the former prison of Magdeburg for the art project \u201eDie Neue Sinnlichkeit\u201c. All artists realized large sized works on walls for the curated sub-project \u201eAntimurals\u201c.<\/em><\/p>\n<p><strong>After the show a limited documentation has been published.\u00a0<\/strong><\/p>\n","protected":false},"excerpt":{"rendered":"<p>Vom\u00a029.April 2016 bis\u00a07.May 2016 war die Ausstellung \u201eBeer, Waiting, Needle Caps\u201c zu sehen.\u00a0Die erste Reunion der internationale Gruppe BWNC fand &hellip; <\/p>\n","protected":false},"author":2,"featured_media":0,"parent":1497,"menu_order":0,"comment_status":"open","ping_status":"open","template":"","meta":{"_acf_changed":false,"footnotes":""},"categories":[1],"class_list":["post-1499","page","type-page","status-publish","hentry","category-ausstellungen"],"acf":[],"_links":{"self":[{"href":"https:\/\/www.anartchy.com\/urbanscript\/wp-json\/wp\/v2\/pages\/1499","targetHints":{"allow":["GET"]}}],"collection":[{"href":"https:\/\/www.anartchy.com\/urbanscript\/wp-json\/wp\/v2\/pages"}],"about":[{"href":"https:\/\/www.anartchy.com\/urbanscript\/wp-json\/wp\/v2\/types\/page"}],"author":[{"embeddable":true,"href":"https:\/\/www.anartchy.com\/urbanscript\/wp-json\/wp\/v2\/users\/2"}],"replies":[{"embeddable":true,"href":"https:\/\/www.anartchy.com\/urbanscript\/wp-json\/wp\/v2\/comments?post=1499"}],"version-history":[{"count":7,"href":"https:\/\/www.anartchy.com\/urbanscript\/wp-json\/wp\/v2\/pages\/1499\/revisions"}],"predecessor-version":[{"id":1508,"href":"https:\/\/www.anartchy.com\/urbanscript\/wp-json\/wp\/v2\/pages\/1499\/revisions\/1508"}],"up":[{"embeddable":true,"href":"https:\/\/www.anartchy.com\/urbanscript\/wp-json\/wp\/v2\/pages\/1497"}],"wp:attachment":[{"href":"https:\/\/www.anartchy.com\/urbanscript\/wp-json\/wp\/v2\/media?parent=1499"}],"wp:term":[{"taxonomy":"category","embeddable":true,"href":"https:\/\/www.anartchy.com\/urbanscript\/wp-json\/wp\/v2\/categories?post=1499"}],"curies":[{"name":"wp","href":"https:\/\/api.w.org\/{rel}","templated":true}]}}