{"id":1487,"date":"2017-01-27T12:21:11","date_gmt":"2017-01-27T12:21:11","guid":{"rendered":"http:\/\/www.anartchy.com\/urbanscript\/?page_id=1487"},"modified":"2017-05-23T12:29:12","modified_gmt":"2017-05-23T12:29:12","slug":"review-bundeskunsthall-of-fame-ausstellungskatalog","status":"publish","type":"page","link":"https:\/\/www.anartchy.com\/urbanscript\/2017-3\/review-bundeskunsthall-of-fame-ausstellungskatalog\/","title":{"rendered":"Review &#8211; BundesKunstHALL OF FAME &#8211; Ausstellungskatalog"},"content":{"rendered":"<p style=\"color: #1d2129;\">Vom 20.11.2015 bis 6.12.2015 fand in der Bonner Bundeskunsthalle das \u201eGraffiti- &amp; Street-Art-Festival BundesKuntsHALL OF FAME\u201c statt. Ein Jahr sp\u00e4ter kam der gleichnamige Ausstellungskatalog heraus und er ist allen Urban-Art-Nerds und -Wissenschaftlern zu empfehlen die sich das Kunstprojekt in der Kuntshalle nicht anschauen konnten.<\/p>\n<p style=\"color: #1d2129;\">Auf 160 Seiten wird auf unterschiedlichste Weise das Projekt res\u00fcmiert. Neben den gew\u00f6hnli<span class=\"text_exposed_show\">chen K\u00fcnstler- und Veranstaltungsformatvorstellungen sind auch zahlreiche Texte zu Urban Art entstanden. Genau diese Inhalte und die umfangreiche Bebilderung des gesamten Projekts machen diesen Katalog so hervorstechend unter den vielen Publikationen zu Graffiti und Street Art.<\/span><\/p>\n<div class=\"text_exposed_show\" style=\"color: #1d2129;\">\n<p>Dem Nicht-Besucher der Ausstellung wird ein detailierter \u00dcberblick \u00fcber das Festivalgeschehen geliefert. Jede Veranstaltung ist in Bild und Text dokumentiert. Der Entstehungsprozess vor und w\u00e4hrend der Ausstellung ist gut bebildert. Jedem K\u00fcnstler sind mehrere Seiten im Katalog geg\u00f6nnt.<br \/>\nEs wurden Texte u.a. von den Kuratoren Allan Gretzki &amp; Robert Kaltenh\u00e4user, Johannes Stahl, Stefan Wartenberg &amp; Joachim Spurloser, Harald Hinz und Katja Glaser publiziert. Dazu kommen ein Interview mit Dr. Patrick Gau und ein Gespr\u00e4ch in der Ausstellung mit Lene ter Haar, Stahl, Gretzki und Kaltenh\u00e4user.<\/p>\n<p>Dass man leider den Katalog nur einsprachig verfasst hat, hat seine Vor- und Nachtteile. Man publizierte daf\u00fcr mehr Texte, daf\u00fcr aber erreicht man nur den deutschsprachigen Raum. Gr\u00f6\u00dftes Manko der Publikation ist die fehlende ISBN. F\u00fcr eine derart genau erarbeitet Publikation schon fast ein Todessto\u00df im Vertrieb &#8211; denn wie soll man das Buch finden ohne ISBN ?<\/p>\n<p>Damit man die inhaltlich umfangreiche Publikation trotzdem bestellen kann verweise ich <a href=\"http:\/\/hitzerot.com\/produkt\/bundeskunsthalloffame\/\">hier auf den Shop<\/a> wo das Buch erh\u00e4ltlich ist &#8211; Bestell Nr. 1556818<\/p>\n<\/div>\n","protected":false},"excerpt":{"rendered":"<p>Vom 20.11.2015 bis 6.12.2015 fand in der Bonner Bundeskunsthalle das \u201eGraffiti- &#038; Street-Art-Festival BundesKuntsHALL OF FAME\u201c statt. Ein Jahr sp\u00e4ter &hellip; <\/p>\n","protected":false},"author":2,"featured_media":0,"parent":1510,"menu_order":50,"comment_status":"open","ping_status":"open","template":"","meta":{"_acf_changed":false,"footnotes":""},"categories":[9],"class_list":["post-1487","page","type-page","status-publish","hentry","category-theorie_texte"],"acf":[],"_links":{"self":[{"href":"https:\/\/www.anartchy.com\/urbanscript\/wp-json\/wp\/v2\/pages\/1487","targetHints":{"allow":["GET"]}}],"collection":[{"href":"https:\/\/www.anartchy.com\/urbanscript\/wp-json\/wp\/v2\/pages"}],"about":[{"href":"https:\/\/www.anartchy.com\/urbanscript\/wp-json\/wp\/v2\/types\/page"}],"author":[{"embeddable":true,"href":"https:\/\/www.anartchy.com\/urbanscript\/wp-json\/wp\/v2\/users\/2"}],"replies":[{"embeddable":true,"href":"https:\/\/www.anartchy.com\/urbanscript\/wp-json\/wp\/v2\/comments?post=1487"}],"version-history":[{"count":6,"href":"https:\/\/www.anartchy.com\/urbanscript\/wp-json\/wp\/v2\/pages\/1487\/revisions"}],"predecessor-version":[{"id":1710,"href":"https:\/\/www.anartchy.com\/urbanscript\/wp-json\/wp\/v2\/pages\/1487\/revisions\/1710"}],"up":[{"embeddable":true,"href":"https:\/\/www.anartchy.com\/urbanscript\/wp-json\/wp\/v2\/pages\/1510"}],"wp:attachment":[{"href":"https:\/\/www.anartchy.com\/urbanscript\/wp-json\/wp\/v2\/media?parent=1487"}],"wp:term":[{"taxonomy":"category","embeddable":true,"href":"https:\/\/www.anartchy.com\/urbanscript\/wp-json\/wp\/v2\/categories?post=1487"}],"curies":[{"name":"wp","href":"https:\/\/api.w.org\/{rel}","templated":true}]}}