{"id":1466,"date":"2015-07-01T14:26:49","date_gmt":"2015-07-01T14:26:49","guid":{"rendered":"http:\/\/www.anartchy.com\/urbanscript\/?page_id=1466"},"modified":"2015-08-10T11:17:50","modified_gmt":"2015-08-10T11:17:50","slug":"murals-dresden-neustadt","status":"publish","type":"page","link":"https:\/\/www.anartchy.com\/urbanscript\/2015-2\/lackstreichekleber-festival\/murals-dresden-neustadt\/","title":{"rendered":"Murals in der Dresdner Neustadt \u2013 genehmigt vs. ungenehmigt"},"content":{"rendered":"<p><span style=\"color: #333333;\">Ob ungenehmigte Kain Logos Figuren oder das gro\u00dfformatige Werk von Ema Jones auf der Martin\u00ad-Luther-\u00adStra\u00dfe \u2013 die direkt auf W\u00e4nde gemalten Werke verleihen der Neustadt einen besonderen Charme. Sie werden tausendfach fotografiert, geteilt oder auf Publikationen gedruckt. Nur die wenigsten kennen die Hintergr\u00fcnde. Zahlreiche Anekdoten und Mythen existieren und werden w\u00e4hrend der F\u00fchrung vom Muralisten Jens Besser erz\u00e4hlt.<\/span><\/p>\n","protected":false},"excerpt":{"rendered":"<p>Ob ungenehmigte Kain Logos Figuren oder das gro\u00dfformatige Werk von Ema Jones auf der Martin\u00adLuther\u00adStra\u00dfe \u2013 die direkt auf W\u00e4nde &hellip; <\/p>\n","protected":false},"author":2,"featured_media":0,"parent":1444,"menu_order":0,"comment_status":"open","ping_status":"open","template":"","meta":{"_acf_changed":false,"footnotes":""},"categories":[4],"class_list":["post-1466","page","type-page","status-publish","hentry","category-fuehrungen"],"acf":[],"_links":{"self":[{"href":"https:\/\/www.anartchy.com\/urbanscript\/wp-json\/wp\/v2\/pages\/1466","targetHints":{"allow":["GET"]}}],"collection":[{"href":"https:\/\/www.anartchy.com\/urbanscript\/wp-json\/wp\/v2\/pages"}],"about":[{"href":"https:\/\/www.anartchy.com\/urbanscript\/wp-json\/wp\/v2\/types\/page"}],"author":[{"embeddable":true,"href":"https:\/\/www.anartchy.com\/urbanscript\/wp-json\/wp\/v2\/users\/2"}],"replies":[{"embeddable":true,"href":"https:\/\/www.anartchy.com\/urbanscript\/wp-json\/wp\/v2\/comments?post=1466"}],"version-history":[{"count":3,"href":"https:\/\/www.anartchy.com\/urbanscript\/wp-json\/wp\/v2\/pages\/1466\/revisions"}],"predecessor-version":[{"id":1470,"href":"https:\/\/www.anartchy.com\/urbanscript\/wp-json\/wp\/v2\/pages\/1466\/revisions\/1470"}],"up":[{"embeddable":true,"href":"https:\/\/www.anartchy.com\/urbanscript\/wp-json\/wp\/v2\/pages\/1444"}],"wp:attachment":[{"href":"https:\/\/www.anartchy.com\/urbanscript\/wp-json\/wp\/v2\/media?parent=1466"}],"wp:term":[{"taxonomy":"category","embeddable":true,"href":"https:\/\/www.anartchy.com\/urbanscript\/wp-json\/wp\/v2\/categories?post=1466"}],"curies":[{"name":"wp","href":"https:\/\/api.w.org\/{rel}","templated":true}]}}