{"id":1444,"date":"2015-07-01T14:01:41","date_gmt":"2015-07-01T14:01:41","guid":{"rendered":"http:\/\/www.anartchy.com\/urbanscript\/?page_id=1444"},"modified":"2017-01-27T13:17:36","modified_gmt":"2017-01-27T13:17:36","slug":"lackstreichekleber-festival","status":"publish","type":"page","link":"https:\/\/www.anartchy.com\/urbanscript\/2015-2\/lackstreichekleber-festival\/","title":{"rendered":"LackStreicheKleber Festival 2015"},"content":{"rendered":"<p>Das LackStreicheKleber findet dieses Jahr\u00a0vom 25.07.2015 bis 08.08.2015 statt.<\/p>\n<p>Das Festival ist ein gemeinschaftlich organisiertes Projekt mit der Vision, Dresdens Urban-Art-Szene einem breiten Publikum zu pr\u00e4sentieren und die Hintergr\u00fcnde, Relevanz und Kraft dieser zeitgen\u00f6ssischen Kunstbewegung zu verdeutlichen.<\/p>\n<p>Dresden pr\u00e4sentiert sich in diesem Jahr als weltoffene Stadt der Kreativen. Das Urban-Art-Festival LackStreicheKleber m\u00f6chte einen Beitrag dazu leisten, diesem Anspruch gerecht zu werden. Stadt und Politik \u00f6ffnen sich langsam auch jenen modernen Kunstrichtungen, die sich unter dem Sammelbegriff Urban Art fassen lassen. Urban Art findet sich nicht nur in der jungen bunten Dresdner Neustadt, sondern pr\u00e4gt auch andere Stadtteile. Darunter z\u00e4hlen neben Schablonengraffiti, kunstvoll gestalteten Postern (Paste-ups), Stickern oder skulpturelle Arbeiten auch gro\u00dffl\u00e4chige Wandbilder, Murals genannt, die durch Symbolkraft und \u00c4sthetik herausstechen sowie f\u00fcr jedermann sichtbar und zug\u00e4nglich sind. Welchen Beitrag diese \u00fcberwiegend ungenehmigten Kunstwerke im \u00f6ffentlichen Raum f\u00fcr einen weltoffenen Wirtschaftsstandort Dresden leisten k\u00f6nnen, m\u00f6chte das LackStreicheKleber Festival gern beleuchten.<\/p>\n<p>Des Weiteren m\u00f6chte das Festival die aktuelle Fl\u00fcchtlingssituation aufgreifen und hat den Wunsch, gemeinsam mit gefl\u00fcchteten und Dresdner Jugendlichen ein \u00f6ffentlich sichtbares Wandbild zu gestalten. Hierf\u00fcr wird begleitend der K\u00fcnstler Deyaa aus Jeddah (Saudi Arabien) und der Buchautor Don R. Karl (Arabic Graffiti) eingeladen, die in Kooperation mit Jens Besser einen Vortrag \u00fcber Arabische Graffiti und deren Bedeutung im Arabischen Fr\u00fchling pr\u00e4sentieren.<\/p>\n<p>Einen weiteren thematischen Schwerpunkt bildet die geschichtliche Aufarbeitung von 25 Jahre Street Art in Dresden. Eine dynamisch wachsende Ausstellung soll diese Aufarbeitung ansto\u00dfen, indem Bilder gesammelt werden, die von K\u00fcnstlern, Hobbydokumentatoren und Privatpersonen eingereicht werden k\u00f6nnen. Es werden Anekdoten aufgeschrieben und Interviews mit Dresdner Akteuren und K\u00fcnstlern gef\u00fchrt, die in Dresden zu Gast waren. Ein Film- und Pecha Kucha Abend zeigen historisches Film- und Fotomaterial aus 25 Jahren Urban-Art in Dresden, inhaltlich begleitet von Kunsthistorikern und Experten. Eine \u00f6ffentliche Diskussion zum Thema mit geladenen Experten wird in der st\u00e4dtischen Galerie stattfinden.<\/p>\n<p>In den letzten Wochen und Monaten gab es regelm\u00e4\u00dfige Treffen, um das Programm f\u00fcr das LackStreicheKleber auf die Beine zu stellen. Zur Ausrichtung des Festivals werden noch dringend weitere Helfer und Sponsoren f\u00fcr eine finanzielle Unterst\u00fctzung, aber auch f\u00fcr Ger\u00fcste, Hubwagen und Arbeitsmaterial gesucht. Hausbesitzer, die sich an dem Festival beteiligen und ein Kunstwerk auf ihre Fassade bekommen m\u00f6chten, k\u00f6nnen sich ebenfalls gerne bei den Organisatoren melden.<\/p>\n<p>weitere Infos gibt es auch auf <a href=\"http:\/\/%20LackStreicheKleber.de\" target=\"_blank\">LackStreicheKleber.de<\/a><\/p>\n","protected":false},"excerpt":{"rendered":"<p>Das Festival ist ein gemeinschaftlich organisiertes Projekt mit der Vision, Dresdens Urban-Art-Szene einem breiten Publikum zu pr\u00e4sentieren und die Hintergr\u00fcnde, &hellip; <\/p>\n","protected":false},"author":2,"featured_media":0,"parent":1403,"menu_order":0,"comment_status":"open","ping_status":"open","template":"","meta":{"_acf_changed":false,"footnotes":""},"categories":[14],"class_list":["post-1444","page","type-page","status-publish","hentry","category-projekte"],"acf":[],"_links":{"self":[{"href":"https:\/\/www.anartchy.com\/urbanscript\/wp-json\/wp\/v2\/pages\/1444","targetHints":{"allow":["GET"]}}],"collection":[{"href":"https:\/\/www.anartchy.com\/urbanscript\/wp-json\/wp\/v2\/pages"}],"about":[{"href":"https:\/\/www.anartchy.com\/urbanscript\/wp-json\/wp\/v2\/types\/page"}],"author":[{"embeddable":true,"href":"https:\/\/www.anartchy.com\/urbanscript\/wp-json\/wp\/v2\/users\/2"}],"replies":[{"embeddable":true,"href":"https:\/\/www.anartchy.com\/urbanscript\/wp-json\/wp\/v2\/comments?post=1444"}],"version-history":[{"count":5,"href":"https:\/\/www.anartchy.com\/urbanscript\/wp-json\/wp\/v2\/pages\/1444\/revisions"}],"predecessor-version":[{"id":1523,"href":"https:\/\/www.anartchy.com\/urbanscript\/wp-json\/wp\/v2\/pages\/1444\/revisions\/1523"}],"up":[{"embeddable":true,"href":"https:\/\/www.anartchy.com\/urbanscript\/wp-json\/wp\/v2\/pages\/1403"}],"wp:attachment":[{"href":"https:\/\/www.anartchy.com\/urbanscript\/wp-json\/wp\/v2\/media?parent=1444"}],"wp:term":[{"taxonomy":"category","embeddable":true,"href":"https:\/\/www.anartchy.com\/urbanscript\/wp-json\/wp\/v2\/categories?post=1444"}],"curies":[{"name":"wp","href":"https:\/\/api.w.org\/{rel}","templated":true}]}}