{"id":1436,"date":"2015-06-29T06:40:27","date_gmt":"2015-06-29T06:40:27","guid":{"rendered":"http:\/\/www.anartchy.com\/urbanscript\/?page_id=1436"},"modified":"2015-08-10T11:17:33","modified_gmt":"2015-08-10T11:17:33","slug":"street-art-geschichte-dresden","status":"publish","type":"page","link":"https:\/\/www.anartchy.com\/urbanscript\/2015-2\/lackstreichekleber-festival\/street-art-geschichte-dresden\/","title":{"rendered":"Street-Art-Geschichte Dresden"},"content":{"rendered":"<p>Die \u00f6ffentlich gef\u00fchrte und moderierte Diskussion wird geladene Kunsthistoriker, Bef\u00fcrworter und Gegner der Musealisierung von Urban-Art zu Wort kommen lassen. Dabei sollen folgende Fragen behandelt werden:<\/p>\n<p>\u201cWelcher kulturelle Wert kommt der ungenehmigten Kunst im \u00f6ffentlichen Raum zu?\u0094<\/p>\n<p>\u201cWie k\u00f6nnen oder m\u00fcssen \u00fcberhaupt ungenehmigte Werke im \u00f6ffentlichen Raum unter Schutz gestellt werden?\u0094<\/p>\n<p>\u201cBraucht Dresden eine detaillierte kunsthistorische Aufarbeitung von ungenehmigter Kunst im \u00f6ffentlichen Raum?\u0094<\/p>\n<p>Bisher zugesagt haben:<br \/>\nRobert Kaltenh\u00e4user, Kurator und Publizist<br \/>\nMit Projekten wie \u201cBeyond Street Art\u0094 in D\u00fcsseldorfer Galerien hat er nicht nur ein Gesp\u00fcr f\u00fcr spannende Fragestellungen in der Urban-Art bewiesen, sondern die europ\u00e4ische Urban-Art-Geschichtsschreibung intensiv mit gepr\u00e4gt. Sein Forschungsschwerpunkt liegt im Bereich der Trainworks.<\/p>\n<p>Johannes Schmidt, Kustos<br \/>\nSt\u00e4dtische Galerie Dresden f\u00fcr die Bereiche Malerei und Neue Medien<\/p>\n<p>Die Veranstaltung wird moderiert und ist kostenfrei.<\/p>\n<p>Die Veranstaltung ist Teil des diesj\u00e4hrigen <a href=\"http:\/\/www.LackStreicheKleber.de\" target=\"_blank\">LackStreicheKleber Festivals<\/a>.<\/p>\n","protected":false},"excerpt":{"rendered":"<p>Die \u00f6ffentlich gef\u00fchrte und moderierte Diskussion wird geladene Kunsthistoriker, Bef\u00fcrworter und Gegner der Musealisierung von Urban-Art zu Wort kommen lassen.<\/p>\n","protected":false},"author":2,"featured_media":0,"parent":1444,"menu_order":0,"comment_status":"open","ping_status":"open","template":"","meta":{"_acf_changed":false,"footnotes":""},"categories":[5],"class_list":["post-1436","page","type-page","status-publish","hentry","category-vortraege"],"acf":[],"_links":{"self":[{"href":"https:\/\/www.anartchy.com\/urbanscript\/wp-json\/wp\/v2\/pages\/1436","targetHints":{"allow":["GET"]}}],"collection":[{"href":"https:\/\/www.anartchy.com\/urbanscript\/wp-json\/wp\/v2\/pages"}],"about":[{"href":"https:\/\/www.anartchy.com\/urbanscript\/wp-json\/wp\/v2\/types\/page"}],"author":[{"embeddable":true,"href":"https:\/\/www.anartchy.com\/urbanscript\/wp-json\/wp\/v2\/users\/2"}],"replies":[{"embeddable":true,"href":"https:\/\/www.anartchy.com\/urbanscript\/wp-json\/wp\/v2\/comments?post=1436"}],"version-history":[{"count":4,"href":"https:\/\/www.anartchy.com\/urbanscript\/wp-json\/wp\/v2\/pages\/1436\/revisions"}],"predecessor-version":[{"id":1442,"href":"https:\/\/www.anartchy.com\/urbanscript\/wp-json\/wp\/v2\/pages\/1436\/revisions\/1442"}],"up":[{"embeddable":true,"href":"https:\/\/www.anartchy.com\/urbanscript\/wp-json\/wp\/v2\/pages\/1444"}],"wp:attachment":[{"href":"https:\/\/www.anartchy.com\/urbanscript\/wp-json\/wp\/v2\/media?parent=1436"}],"wp:term":[{"taxonomy":"category","embeddable":true,"href":"https:\/\/www.anartchy.com\/urbanscript\/wp-json\/wp\/v2\/categories?post=1436"}],"curies":[{"name":"wp","href":"https:\/\/api.w.org\/{rel}","templated":true}]}}