{"id":1405,"date":"2015-06-14T18:39:22","date_gmt":"2015-06-14T18:39:22","guid":{"rendered":"http:\/\/www.anartchy.com\/urbanscript\/?page_id=1405"},"modified":"2015-06-14T18:44:29","modified_gmt":"2015-06-14T18:44:29","slug":"antimurals","status":"publish","type":"page","link":"https:\/\/www.anartchy.com\/urbanscript\/2015-2\/antimurals\/","title":{"rendered":"Antimurals"},"content":{"rendered":"<p>Vom 6.6.- 20.9.2015 findet in der ehemaligen JVA Magdeburg das Kunst- und Kulturfestival <a href=\"http:\/\/kulturanker.de\/die-neue-sinnlichkeit-2015\/\" target=\"_blank\">&#8222;Die Neue Sinnlichkeit in der Kunst&#8220;<\/a> kurz &#8222;Sinnlichkeit&#8220; statt. Das Projekt wird organisiert vom Kulturanker e.V. aus Magdeburg.<\/p>\n<p>Zum Projekt wurde Jens Besser eingeladen ein Muralprojekt zu kuratieren. Besser lud dazu die K\u00fcnstler Anders Reventlov Larsen aus D\u00e4nemark, Vilx aus Frankreich, Aris und Giorgio Bartocci aus Italien, NAR und N_Grams aus Griechenland, Deyaa aus Saudi-Arabien, Artourette, Stefan Schleupner, Johannes Mundinger und Sophia Hirsch aus Deutschland ein.<\/p>\n<p>Da alle Werke tempor\u00e4r sein mussten, wurden gro\u00dfformatige Plakatierungen und Installationen an W\u00e4nden realisiert.<\/p>\n<p><img decoding=\"async\" width=\"675\" src=\"https:\/\/www.anartchy.com\/urbanscript\/wp-content\/uploads\/Aris_At_Work_Antimurals.jpg\" alt=\"\" \/><br \/>\nAris aus Italien bei der Arbeit<\/p>\n<p><img decoding=\"async\" width=\"675\" src=\"https:\/\/www.anartchy.com\/urbanscript\/wp-content\/uploads\/NAR.jpg\" alt=\"\" \/> &#8222;REUSE&#8220; von NAR aus Griechenland<\/p>\n<p><img decoding=\"async\" width=\"675\" src=\"https:\/\/www.anartchy.com\/urbanscript\/wp-content\/uploads\/Deyaa_At_Work.jpg\" alt=\"\" \/><br \/>\nDeyaa aus Saudi-Arabien bei der Arbeit<\/p>\n<p><img decoding=\"async\" width=\"675\" src=\"https:\/\/www.anartchy.com\/urbanscript\/wp-content\/uploads\/N_Grams_At_Work.jpg\" alt=\"\" \/><br \/>\nN_GRams aus Griechenland bei der Arbeit<\/p>\n<p><img decoding=\"async\" width=\"675\" src=\"https:\/\/www.anartchy.com\/urbanscript\/wp-content\/uploads\/JEns_BEsser_Final.jpg\" alt=\"\" \/><br \/>\nFinales Werk von Jens Besser aus Dresden<\/p>\n<p><img decoding=\"async\" width=\"675\" src=\"https:\/\/www.anartchy.com\/urbanscript\/wp-content\/uploads\/Artourette_Flo.jpg\" alt=\"\" \/><br \/>\nFinales Werk von Artourette und Flo aus Dresden<\/p>\n<p><img decoding=\"async\" width=\"675\" src=\"https:\/\/www.anartchy.com\/urbanscript\/wp-content\/uploads\/Johannes_Mundinger_Sophia_Hirsch.jpg\" alt=\"\" \/><br \/>\nJohannes Mundinger und Sophia Hirsch aus Berlin bei der Arbeit<\/p>\n<p><img decoding=\"async\" width=\"675\" src=\"https:\/\/www.anartchy.com\/urbanscript\/wp-content\/uploads\/Giorgio_Bartocci_final.jpg\" alt=\"\" \/><br \/>\nFinales Werk von Giorgio Bartocci aus Italien<\/p>\n<p><img decoding=\"async\" width=\"675\" src=\"https:\/\/www.anartchy.com\/urbanscript\/wp-content\/uploads\/Schleupner.jpg\" alt=\"\" \/><br \/>\nFinales Werk von Stefan Schleupner aus Chemnitz<\/p>\n<p><img decoding=\"async\" width=\"675\" src=\"https:\/\/www.anartchy.com\/urbanscript\/wp-content\/uploads\/Vilx_final.jpg\" alt=\"\" \/><br \/>\nFinales Werk von Vilx aus Frankreich\/Kanada<\/p>\n","protected":false},"excerpt":{"rendered":"<p>Vom 6.6.- 20.9.2015 findet in der ehemaligen JVA Magdeburg das Kunst- und Kulturfestival&#8220;Die Neue Sinnlichkeit in der Kunst&#8220; kurz &#8222;Sinnlichkeit&#8220; &hellip; <\/p>\n","protected":false},"author":2,"featured_media":0,"parent":1403,"menu_order":0,"comment_status":"open","ping_status":"open","template":"","meta":{"_acf_changed":false,"footnotes":""},"categories":[7,14],"class_list":["post-1405","page","type-page","status-publish","hentry","category-murals","category-projekte"],"acf":[],"_links":{"self":[{"href":"https:\/\/www.anartchy.com\/urbanscript\/wp-json\/wp\/v2\/pages\/1405","targetHints":{"allow":["GET"]}}],"collection":[{"href":"https:\/\/www.anartchy.com\/urbanscript\/wp-json\/wp\/v2\/pages"}],"about":[{"href":"https:\/\/www.anartchy.com\/urbanscript\/wp-json\/wp\/v2\/types\/page"}],"author":[{"embeddable":true,"href":"https:\/\/www.anartchy.com\/urbanscript\/wp-json\/wp\/v2\/users\/2"}],"replies":[{"embeddable":true,"href":"https:\/\/www.anartchy.com\/urbanscript\/wp-json\/wp\/v2\/comments?post=1405"}],"version-history":[{"count":16,"href":"https:\/\/www.anartchy.com\/urbanscript\/wp-json\/wp\/v2\/pages\/1405\/revisions"}],"predecessor-version":[{"id":1434,"href":"https:\/\/www.anartchy.com\/urbanscript\/wp-json\/wp\/v2\/pages\/1405\/revisions\/1434"}],"up":[{"embeddable":true,"href":"https:\/\/www.anartchy.com\/urbanscript\/wp-json\/wp\/v2\/pages\/1403"}],"wp:attachment":[{"href":"https:\/\/www.anartchy.com\/urbanscript\/wp-json\/wp\/v2\/media?parent=1405"}],"wp:term":[{"taxonomy":"category","embeddable":true,"href":"https:\/\/www.anartchy.com\/urbanscript\/wp-json\/wp\/v2\/categories?post=1405"}],"curies":[{"name":"wp","href":"https:\/\/api.w.org\/{rel}","templated":true}]}}