{"id":1374,"date":"2014-08-27T10:10:24","date_gmt":"2014-08-27T10:10:24","guid":{"rendered":"http:\/\/www.anartchy.com\/urbanscript\/?page_id=1374"},"modified":"2014-08-27T10:10:24","modified_gmt":"2014-08-27T10:10:24","slug":"internationales-mural-projekt","status":"publish","type":"page","link":"https:\/\/www.anartchy.com\/urbanscript\/2014-2\/time-for-murals\/internationales-mural-projekt\/","title":{"rendered":"Internationale Mural-Projekte zwischen Subkultur, Soziokultur und Kunst stellen sich vor"},"content":{"rendered":"<p>Bevor gro\u00dffl\u00e4chige Wandbilder im \u00f6ffentlichen Raum entstehen, gibt es zun\u00e4chst Ideen und Konzepte, wo und wie sie entstehen sollen. Vielfach werden diese \u00dcberlegungen f\u00fcr Mural-Projekte in oder f\u00fcr \u201evernachl\u00e4ssigte\u201c Viertel gemacht. Doch bevor \u00fcberhaupt ein erster Pinselstrich f\u00fcr eine Wand gemacht ist, braucht es jede Menge organisatorische Vorleistungen, unterschiedliche Kooperationspartner_innen, Unterst\u00fctzer_innen und Engagement. Die jeweiligen Akteur_innen aus sieben verschiedenen internationalen Wandmalerei-Projekten pr\u00e4sentieren aktuelle Ans\u00e4tze der Street-Art- und Mural-Szene. Dadurch werden zum einen Gemeinsamkeiten und Unterschiede der jeweiligen soziokulturellen Hintergr\u00fcnde aufgezeigt, zum anderen aber auch Arbeitsweisen veranschaulicht und Problemfelder wie L\u00f6sungsans\u00e4tze beschrieben.<br \/>\nModeration: Denise Ackermann (DE), Jens Besser (DE)<\/p>\n<p>EINTRITT kostenfrei. \u00dcber eine Spende freuen wir uns sehr!<\/p>\n<p>Gespr\u00e4ch, Vortrag<br \/>\nDonnerstag, 02.10.2014, start 20:00<\/p>\n<p>THU 2.10.2014 8 pm | Presentation of international mural projects between subculture, the sociocultural and art<br \/>\nMotorenhalle. Projektzentrum f\u00fcr zeitgen\u00f6ssische Kunst, Wachsbleichstra\u00dfe 4a, 01067 Dresden<\/p>\n<p>Before large scaled murals can emerge in public space, ideas and concepts must be developed that consider where and how they should emerge. These mural projects in public spaces are often considered for neglected districts. Before the first stroke of the brush can be made on a wall, there is a great need for much organizational work, finding various cooperation partners and engaged volunteers. There will be seven different international mural projects that offer insight into current approaches to contemporary street art and mural making. This will illustrate the similarities and differences in the many sociocultural backgrounds, as well as the diverse working methods including problems and possible solutions in the field.<br \/>\nPresentation: Denise Ackermann (DE), Jens Besser (DE)<\/p>\n<p>ENTRANCE free, a donation is thankfully accepted!<\/p>\n","protected":false},"excerpt":{"rendered":"<p>Bevor gro\u00dffl\u00e4chige Wandbilder im \u00f6ffentlichen Raum entstehen, gibt es zun\u00e4chst Ideen und Konzepte, wo und wie sie entstehen sollen. Vielfach &hellip; <\/p>\n","protected":false},"author":2,"featured_media":0,"parent":1347,"menu_order":0,"comment_status":"open","ping_status":"open","template":"","meta":{"_acf_changed":false,"footnotes":""},"categories":[5],"class_list":["post-1374","page","type-page","status-publish","hentry","category-vortraege"],"acf":[],"_links":{"self":[{"href":"https:\/\/www.anartchy.com\/urbanscript\/wp-json\/wp\/v2\/pages\/1374","targetHints":{"allow":["GET"]}}],"collection":[{"href":"https:\/\/www.anartchy.com\/urbanscript\/wp-json\/wp\/v2\/pages"}],"about":[{"href":"https:\/\/www.anartchy.com\/urbanscript\/wp-json\/wp\/v2\/types\/page"}],"author":[{"embeddable":true,"href":"https:\/\/www.anartchy.com\/urbanscript\/wp-json\/wp\/v2\/users\/2"}],"replies":[{"embeddable":true,"href":"https:\/\/www.anartchy.com\/urbanscript\/wp-json\/wp\/v2\/comments?post=1374"}],"version-history":[{"count":1,"href":"https:\/\/www.anartchy.com\/urbanscript\/wp-json\/wp\/v2\/pages\/1374\/revisions"}],"predecessor-version":[{"id":1376,"href":"https:\/\/www.anartchy.com\/urbanscript\/wp-json\/wp\/v2\/pages\/1374\/revisions\/1376"}],"up":[{"embeddable":true,"href":"https:\/\/www.anartchy.com\/urbanscript\/wp-json\/wp\/v2\/pages\/1347"}],"wp:attachment":[{"href":"https:\/\/www.anartchy.com\/urbanscript\/wp-json\/wp\/v2\/media?parent=1374"}],"wp:term":[{"taxonomy":"category","embeddable":true,"href":"https:\/\/www.anartchy.com\/urbanscript\/wp-json\/wp\/v2\/categories?post=1374"}],"curies":[{"name":"wp","href":"https:\/\/api.w.org\/{rel}","templated":true}]}}