{"id":137,"date":"2012-04-29T17:40:19","date_gmt":"2012-04-29T17:40:19","guid":{"rendered":"http:\/\/www.anartchy.com\/urbanscript\/?page_id=137"},"modified":"2018-09-25T17:27:30","modified_gmt":"2018-09-25T17:27:30","slug":"impressum","status":"publish","type":"page","link":"https:\/\/www.anartchy.com\/urbanscript\/impressum\/","title":{"rendered":"Impressum"},"content":{"rendered":"<h2>Angaben gem\u00e4\u00df \u00a7 5 TMG:<\/h2>\n<p>Jens Besser<\/p>\n<p>freischaffender K\u00fcnstler<\/p>\n<p>Spittastrasse 3<\/p>\n<p>01309 Dresden<\/p>\n<h2>Kontakt:<\/h2>\n<p>Telefon: 0173\/5161721<\/p>\n<p>E-Mail: jens@anartchy.com<\/p>\n<h2>Verantwortlich f\u00fcr den Inhalt nach \u00a7 55 Abs. 2 RStV:<\/h2>\n<p>Texte: Jens Besser falls nicht anders angegeben<\/p>\n<p>Bilder der Vortr\u00e4ge &#8211; die Vortragenden , Bilder der\u00a0Ausstellungen &#8211; die K\u00fcnstler<\/p>\n<h2>Haftungsausschluss:<\/h2>\n<p><strong>Haftung f\u00fcr Inhalte<\/strong><\/p>\n<p>Die Inhalte unserer Seiten wurden mit gr\u00f6\u00dfter Sorgfalt erstellt.<br \/>\nF\u00fcr die Richtigkeit, Vollst\u00e4ndigkeit und Aktualit\u00e4t der Inhalte<br \/>\nk\u00f6nnen wir jedoch keine Gew\u00e4hr \u00fcbernehmen. Als Diensteanbieter sind wir gem\u00e4\u00df \u00a7 7 Abs.1 TMG f\u00fcr<br \/>\neigene Inhalte auf diesen Seiten nach den allgemeinen Gesetzen verantwortlich.<br \/>\nNach \u00a7\u00a7 8 bis 10 TMG sind wir als Diensteanbieter jedoch nicht<br \/>\nverpflichtet, \u00fcbermittelte oder gespeicherte fremde Informationen zu<br \/>\n\u00fcberwachen oder nach Umst\u00e4nden zu forschen, die auf eine rechtswidrige<br \/>\nT\u00e4tigkeit hinweisen. Verpflichtungen zur Entfernung oder Sperrung der<br \/>\nNutzung von Informationen nach den allgemeinen Gesetzen bleiben hiervon<br \/>\nunber\u00fchrt. Eine diesbez\u00fcgliche Haftung ist jedoch erst ab dem<br \/>\nZeitpunkt der Kenntnis einer konkreten Rechtsverletzung m\u00f6glich. Bei<br \/>\nBekanntwerden von entsprechenden Rechtsverletzungen werden wir diese Inhalte<br \/>\numgehend entfernen.<\/p>\n<p><strong>Haftung f\u00fcr Links<\/strong><\/p>\n<p>Unser Angebot enth\u00e4lt Links zu externen Webseiten Dritter, auf deren<br \/>\nInhalte wir keinen Einfluss haben. Deshalb k\u00f6nnen wir f\u00fcr diese<br \/>\nfremden Inhalte auch keine Gew\u00e4hr \u00fcbernehmen. F\u00fcr die Inhalte<br \/>\nder verlinkten Seiten ist stets der jeweilige Anbieter oder Betreiber der<br \/>\nSeiten verantwortlich. Die verlinkten Seiten wurden zum Zeitpunkt der Verlinkung<br \/>\nauf m\u00f6gliche Rechtsverst\u00f6\u00dfe \u00fcberpr\u00fcft. Rechtswidrige<br \/>\nInhalte waren zum Zeitpunkt der Verlinkung nicht erkennbar. Eine permanente<br \/>\ninhaltliche Kontrolle der verlinkten Seiten ist jedoch ohne konkrete Anhaltspunkte<br \/>\neiner Rechtsverletzung nicht zumutbar. Bei Bekanntwerden von Rechtsverletzungen<br \/>\nwerden wir derartige Links umgehend entfernen.<\/p>\n<p><strong>Urheberrecht<\/strong><\/p>\n<p>Die durch die Seitenbetreiber erstellten Inhalte und Werke auf diesen Seiten<br \/>\nunterliegen dem deutschen Urheberrecht. Die Vervielf\u00e4ltigung, Bearbeitung, Verbreitung und<br \/>\njede Art der Verwertung au\u00dferhalb der Grenzen des Urheberrechtes bed\u00fcrfen<br \/>\nder schriftlichen Zustimmung des jeweiligen Autors bzw. Erstellers. Downloads<br \/>\nund Kopien dieser Seite sind nur f\u00fcr den privaten, nicht kommerziellen<br \/>\nGebrauch gestattet. Soweit die Inhalte auf dieser Seite nicht vom Betreiber erstellt wurden,<br \/>\nwerden die Urheberrechte Dritter beachtet. Insbesondere werden Inhalte Dritter als solche<br \/>\ngekennzeichnet. Sollten Sie trotzdem auf eine Urheberrechtsverletzung aufmerksam werden, bitten wir um einen entsprechenden Hinweis.<br \/>\nBei Bekanntwerden von Rechtsverletzungen werden wir derartige Inhalte umgehend entfernen.<\/p>\n<p><strong>Datenschutz<\/strong><\/p>\n<p>Die Nutzung unserer Webseite ist in der Regel ohne Angabe personenbezogener Daten m\u00f6glich. Soweit auf unseren Seiten personenbezogene Daten (beispielsweise Name,<br \/>\nAnschrift oder eMail-Adressen) erhoben werden, erfolgt dies, soweit m\u00f6glich, stets auf freiwilliger Basis. Diese Daten werden ohne Ihre ausdr\u00fcckliche Zustimmung nicht an Dritte weitergegeben.<\/p>\n<p>Wir weisen darauf hin, dass die Daten\u00fcbertragung im Internet (z.B.<br \/>\nbei der Kommunikation per E-Mail) Sicherheitsl\u00fccken aufweisen kann.<br \/>\nEin l\u00fcckenloser Schutz der Daten vor dem Zugriff durch Dritte ist nicht<br \/>\nm\u00f6glich.<\/p>\n<p>Der Nutzung von im Rahmen der Impressumspflicht ver\u00f6ffentlichten Kontaktdaten<br \/>\ndurch Dritte zur \u00dcbersendung von nicht ausdr\u00fccklich angeforderter<br \/>\nWerbung und Informationsmaterialien wird hiermit ausdr\u00fccklich widersprochen.<br \/>\nDie Betreiber der Seiten behalten sich ausdr\u00fccklich rechtliche Schritte<br \/>\nim Falle der unverlangten Zusendung von Werbeinformationen, etwa durch Spam-Mails,<br \/>\nvor.<\/p>\n<h2>erweiterte Datenschutzerkl\u00e4rung nach DSGVO<\/h2>\n<p>Personenbezogene Daten (nachfolgend zumeist nur \u201eDaten\u201c genannt) werden von uns nur im Rahmen der Erforderlichkeit sowie zum Zwecke der Bereitstellung eines funktionsf\u00e4higen und nutzerfreundlichen Internetauftritts, inklusive seiner Inhalte und der dort angebotenen Leistungen, verarbeitet.<\/p>\n<p>Gem\u00e4\u00df Art. 4 Ziffer 1. der Verordnung (EU) 2016\/679, also der Datenschutz-Grundverordnung (nachfolgend nur \u201eDSGVO\u201c genannt), gilt als \u201eVerarbeitung\u201c jeder mit oder ohne Hilfe automatisierter Verfahren ausgef\u00fchrter Vorgang oder jede solche Vorgangsreihe im Zusammenhang mit personenbezogenen Daten, wie das Erheben, das Erfassen, die Organisation, das Ordnen, die Speicherung, die Anpassung oder Ver\u00e4nderung, das Auslesen, das Abfragen, die Verwendung, die Offenlegung durch \u00dcbermittlung, Verbreitung oder eine andere Form der Bereitstellung, den Abgleich oder die Verkn\u00fcpfung, die Einschr\u00e4nkung, das L\u00f6schen oder die Vernichtung.<\/p>\n<p>Mit der nachfolgenden Datenschutzerkl\u00e4rung informieren wir Sie insbesondere \u00fcber Art, Umfang, Zweck, Dauer und Rechtsgrundlage der Verarbeitung personenbezogener Daten, soweit wir entweder allein oder gemeinsam mit anderen \u00fcber die Zwecke und Mittel der Verarbeitung entscheiden. Zudem informieren wir Sie nachfolgend \u00fcber die von uns zu Optimierungszwecken sowie zur Steigerung der Nutzungsqualit\u00e4t eingesetzten Fremdkomponenten, soweit hierdurch Dritte Daten in wiederum eigener Verantwortung verarbeiten.<\/p>\n<p>Unsere Datenschutzerkl\u00e4rung ist wie folgt gegliedert:<\/p>\n<p>I. Informationen \u00fcber uns als Verantwortliche<br \/>\nII. Rechte der Nutzer und Betroffenen<br \/>\nIII. Informationen zur Datenverarbeitung<\/p>\n<h3>I. Informationen \u00fcber uns als Verantwortliche<\/h3>\n<p>Verantwortlicher Anbieter dieses Internetauftritts im datenschutzrechtlichen Sinne ist:<\/p>\n<p>Jens Besser<\/p>\n<p>freischaffender K\u00fcnstler<\/p>\n<p>Spittastrasse 3<\/p>\n<p>01309 Dresden<\/p>\n<p>Telefon: 0173\/5161721<\/p>\n<p>E-Mail: \u00a0jens@anartchy.com<\/p>\n<p>Datenschutzbeauftragte\/r beim Anbieter ist:<\/p>\n<p>Jens Besser<\/p>\n<p>&nbsp;<\/p>\n<h3>II. Rechte der Nutzer und Betroffenen<\/h3>\n<p>Mit Blick auf die nachfolgend noch n\u00e4her beschriebene Datenverarbeitung haben die Nutzer und Betroffenen das Recht<\/p>\n<ul>\n<li>auf Best\u00e4tigung, ob sie betreffende Daten verarbeitet werden, auf Auskunft \u00fcber die verarbeiteten Daten, auf weitere Informationen \u00fcber die Datenverarbeitung sowie auf Kopien der Daten (vgl. auch Art. 15 DSGVO);<\/li>\n<li>auf Berichtigung oder Vervollst\u00e4ndigung unrichtiger bzw. unvollst\u00e4ndiger Daten (vgl. auch Art. 16 DSGVO);<\/li>\n<li>auf unverz\u00fcgliche L\u00f6schung der sie betreffenden Daten (vgl. auch Art. 17 DSGVO), oder, alternativ, soweit eine weitere Verarbeitung gem\u00e4\u00df Art. 17 Abs. 3 DSGVO erforderlich ist, auf Einschr\u00e4nkung der Verarbeitung nach Ma\u00dfgabe von Art. 18 DSGVO;<\/li>\n<li>auf Erhalt der sie betreffenden und von ihnen bereitgestellten Daten und auf \u00dcbermittlung dieser Daten an andere Anbieter\/Verantwortliche (vgl. auch Art. 20 DSGVO);<\/li>\n<li>auf Beschwerde gegen\u00fcber der Aufsichtsbeh\u00f6rde, sofern sie der Ansicht sind, dass die sie betreffenden Daten durch den Anbieter unter Versto\u00df gegen datenschutzrechtliche Bestimmungen verarbeitet werden (vgl. auch Art. 77 DSGVO).<\/li>\n<\/ul>\n<p>Dar\u00fcber hinaus ist der Anbieter dazu verpflichtet, alle Empf\u00e4nger, denen gegen\u00fcber Daten durch den Anbieter offengelegt worden sind, \u00fcber jedwede Berichtigung oder L\u00f6schung von Daten oder die Einschr\u00e4nkung der Verarbeitung, die aufgrund der Artikel 16, 17 Abs. 1, 18 DSGVO erfolgt, zu unterrichten. Diese Verpflichtung besteht jedoch nicht, soweit diese Mitteilung unm\u00f6glich oder mit einem unverh\u00e4ltnism\u00e4\u00dfigen Aufwand verbunden ist. Unbeschadet dessen hat der Nutzer ein Recht auf Auskunft \u00fcber diese Empf\u00e4nger.<\/p>\n<p><strong>Ebenfalls haben die Nutzer und Betroffenen nach Art. 21 DSGVO das Recht auf Widerspruch gegen die k\u00fcnftige Verarbeitung der sie betreffenden Daten, sofern die Daten durch den Anbieter nach Ma\u00dfgabe von Art. 6 Abs. 1 lit. f) DSGVO verarbeitet werden. Insbesondere ist ein Widerspruch gegen die Datenverarbeitung zum Zwecke der Direktwerbung statthaft.<\/strong><\/p>\n<h3>III. Informationen zur Datenverarbeitung<\/h3>\n<p>Ihre bei Nutzung unseres Internetauftritts verarbeiteten Daten werden gel\u00f6scht oder gesperrt, sobald der Zweck der Speicherung entf\u00e4llt, der L\u00f6schung der Daten keine gesetzlichen Aufbewahrungspflichten entgegenstehen und nachfolgend keine anderslautenden Angaben zu einzelnen Verarbeitungsverfahren gemacht werden.<\/p>\n<h4>Kontaktanfragen \/ Kontaktm\u00f6glichkeit<\/h4>\n<p>Sofern Sie per Kontaktformular oder E-Mail mit uns in Kontakt treten, werden die dabei von Ihnen angegebenen Daten zur Bearbeitung Ihrer Anfrage genutzt. Die Angabe der Daten ist zur Bearbeitung und Beantwortung Ihre Anfrage erforderlich &#8211; ohne deren Bereitstellung k\u00f6nnen wir Ihre Anfrage nicht oder allenfalls eingeschr\u00e4nkt beantworten.<\/p>\n<p>Rechtsgrundlage f\u00fcr diese Verarbeitung ist Art. 6 Abs. 1 lit. b) DSGVO.<\/p>\n<p>Ihre Daten werden gel\u00f6scht, sofern Ihre Anfrage abschlie\u00dfend beantwortet worden ist und der L\u00f6schung keine gesetzlichen Aufbewahrungspflichten entgegenstehen, wie bspw. bei einer sich etwaig anschlie\u00dfenden Vertragsabwicklung.<\/p>\n<h4>Google Fonts<\/h4>\n<p>In unserem Internetauftritt setzen wir Google Fonts zur Darstellung externer Schriftarten ein. Es handelt sich hierbei um einen Dienst der Google LLC, 1600 Amphitheatre Parkway, Mountain View, CA 94043 USA, nachfolgend nur \u201eGoogle\u201c genannt.<\/p>\n<p>Durch die Zertifizierung nach dem EU-US-Datenschutzschild (\u201eEU-US Privacy Shield\u201c)<\/p>\n<p><a href=\"https:\/\/www.privacyshield.gov\/participant?id=a2zt000000001L5AAI&amp;status=Active\" target=\"_blank\" rel=\"noopener noreferrer\">https:\/\/www.privacyshield.gov\/participant?id=a2zt000000001L5AAI&amp;status=Active<\/a><\/p>\n<p>garantiert Google, dass die Datenschutzvorgaben der EU auch bei der Verarbeitung von Daten in den USA eingehalten werden.<\/p>\n<p>Um die Darstellung bestimmter Schriften in unserem Internetauftritt zu erm\u00f6glichen, wird bei Aufruf unseres Internetauftritts eine Verbindung zu dem Google-Server in den USA aufgebaut.<\/p>\n<p>Rechtsgrundlage ist Art. 6 Abs. 1 lit. f) DSGVO. Unser berechtigtes Interesse liegt in der Optimierung und dem wirtschaftlichen Betrieb unseres Internetauftritts.<\/p>\n<p>Durch die bei Aufruf unseres Internetauftritts hergestellte Verbindung zu Google kann Google ermitteln, von welcher Website Ihre Anfrage gesendet worden ist und an welche IP-Adresse die Darstellung der Schrift zu \u00fcbermitteln ist.<\/p>\n<p>Google bietet unter<\/p>\n<p><a href=\"https:\/\/adssettings.google.com\/authenticated\" target=\"_blank\" rel=\"noopener noreferrer\">https:\/\/adssettings.google.com\/authenticated<\/a><\/p>\n<p><a href=\"https:\/\/policies.google.com\/privacy\" target=\"_blank\" rel=\"noopener noreferrer\">https:\/\/policies.google.com\/privacy<\/a><\/p>\n<p>weitere Informationen an und zwar insbesondere zu den M\u00f6glichkeiten der Unterbindung der Datennutzung.<\/p>\n<p><em><strong>Website Auswertung<\/strong><br \/>\nDiese Website nutzt das Statistik Plugin Statify, Dieses Plugin ist gem\u00e4\u00df deutschem Recht datenschutzkonform. Wir verzichten komplett auf die Verarbeitung und Speicherung der IP-Adresse der Nutzer dieser Seiten. Es werden keine Nutzungsprofile erstellt und auch keine Cookies gesetzt. Eine pers\u00f6nliche Identifizierung eines Besuchers ist somit, auch nachtr\u00e4glich, nicht m\u00f6glich.<br \/>\n<\/em><\/p>\n","protected":false},"excerpt":{"rendered":"<p>Angaben gem\u00e4\u00df \u00a7 5 TMG: Jens Besser freischaffender K\u00fcnstler Spittastrasse 3 01309 Dresden Kontakt: Telefon: 0173\/5161721 E-Mail: jens@anartchy.com Verantwortlich f\u00fcr &hellip; <\/p>\n","protected":false},"author":2,"featured_media":0,"parent":0,"menu_order":150,"comment_status":"open","ping_status":"open","template":"","meta":{"_acf_changed":false,"footnotes":""},"categories":[],"class_list":["post-137","page","type-page","status-publish","hentry"],"acf":[],"_links":{"self":[{"href":"https:\/\/www.anartchy.com\/urbanscript\/wp-json\/wp\/v2\/pages\/137","targetHints":{"allow":["GET"]}}],"collection":[{"href":"https:\/\/www.anartchy.com\/urbanscript\/wp-json\/wp\/v2\/pages"}],"about":[{"href":"https:\/\/www.anartchy.com\/urbanscript\/wp-json\/wp\/v2\/types\/page"}],"author":[{"embeddable":true,"href":"https:\/\/www.anartchy.com\/urbanscript\/wp-json\/wp\/v2\/users\/2"}],"replies":[{"embeddable":true,"href":"https:\/\/www.anartchy.com\/urbanscript\/wp-json\/wp\/v2\/comments?post=137"}],"version-history":[{"count":10,"href":"https:\/\/www.anartchy.com\/urbanscript\/wp-json\/wp\/v2\/pages\/137\/revisions"}],"predecessor-version":[{"id":1884,"href":"https:\/\/www.anartchy.com\/urbanscript\/wp-json\/wp\/v2\/pages\/137\/revisions\/1884"}],"wp:attachment":[{"href":"https:\/\/www.anartchy.com\/urbanscript\/wp-json\/wp\/v2\/media?parent=137"}],"wp:term":[{"taxonomy":"category","embeddable":true,"href":"https:\/\/www.anartchy.com\/urbanscript\/wp-json\/wp\/v2\/categories?post=137"}],"curies":[{"name":"wp","href":"https:\/\/api.w.org\/{rel}","templated":true}]}}