{"id":1368,"date":"2014-08-27T10:04:10","date_gmt":"2014-08-27T10:04:10","guid":{"rendered":"http:\/\/www.anartchy.com\/urbanscript\/?page_id=1368"},"modified":"2014-08-27T10:04:10","modified_gmt":"2014-08-27T10:04:10","slug":"murals-erinnern-und-erhalten","status":"publish","type":"page","link":"https:\/\/www.anartchy.com\/urbanscript\/2014-2\/time-for-murals\/murals-erinnern-und-erhalten\/","title":{"rendered":"Murals \u2014 Erinnern und Erhalten?"},"content":{"rendered":"<p>Dresden besitzt nicht erst mit den Friedrichst\u00e4dter RAUM CityBildern k\u00fcnstlerisch gestaltete W\u00e4nde \u2014 eine Open-Air-Galerie sozusagen. Etliche Arbeiten an \u00f6ffentlichen Dresdner W\u00e4nden sind in der Zeit der DDR entstanden, als Auftragswerke von Institutionen und Parteien. Einerseits entstanden Kunstwerke, die dem Sozialistischen Realismus verpflichtet waren und sich mit der offiziellen Kunstdoktrin im Einklang befanden. Als Vorbilder wirkten hier auch die mexikanischen Muralisten. Andererseits versuchten gerade j\u00fcngere K\u00fcnstler_innen eine Neuformulierung, die wiederum Vorbild war f\u00fcr die in den 1980er Jahren entstandenen \u201eB\u00fcrgerbilder\u201c. Manche Arbeiten sind heute noch sichtbar, andere sind verschwunden. Wiederum andere stehen im Diskurs, ob und wie sie erhalten werden sollen. Wie geht man mit k\u00fcnstlerischen Arbeiten um, wenn sich der politische Deutungsrahmen gewandelt hat? Wie lange ist es wert, sie zu erhalten? Wann sind sie Teil eines kulturellen Erbes? Ausgehend von dem bereits bestehenden geschichtlichen Tatbestand, sollen diese Fragen ebenso auf Mural-Projekte bezogen werden. Denn irgendwann verblassen auch diese Farben. Soll dann einfach dar\u00fcber gestrichen werden? Sollen die Arbeiten erhalten werden? Wer setzt sich daf\u00fcr ein, sie zu erhalten? Sind es die urspr\u00fcnglichen Initiatoren, die hier die Verantwortung tragen?<br \/>\nMit: Antje Kirsch (DE), Mono Gonzalez (CL) Moderation: Jos\u00e9 Segebre (MX) <\/p>\n<p>Start: 20 Uhr<\/p>\n<p>EINTRITT kostenfrei. \u00dcber eine Spende freuen wir uns sehr! <\/p>\n<p>FRI 3.10.2014 8 pm | Murals \u2014 Remembering and Preserving?<br \/>\nMotorenhalle. Projektzentrum f\u00fcr zeitgen\u00f6ssische Kunst, Wachsbleichstra\u00dfe 4a, 01067 Dresden <\/p>\n<p>The RAUM CityBilder, an open-air gallery in the Friedrichstadt, are not the first artistically modified walls around the city. Many artworks in the public sphere originated during the GDR, commissioned by its institutions and parties. Drawing from Mexican muralists, the created works were committed to Socialist Realism, and existed within the lines of GDR art politics. Despite these constraints, younger artists at the time tried to change older forms of depiction. Their new models eventually became the \u201eB\u00fcrgerbilder,\u201c produced in the 1980s. Some of these works are still visible today, while others simply disappeared. The importance of retaining these artworks is still being discussed. How does one deal with past artworks when the political framework of interpretation has drastically changed? How long is it worth to maintain an artwork of the public space? When something becomes part of a cultural heritage? Bearing these historical facts in mind, the same questions should be asked about murals being completed today knowing that color will eventually fade away. Should they simply be painted over or should the works be preserved? Who is committed to do this? Should the organizations that initiated these works be forever responsible for their maintenance?<br \/>\nwith: Antje Kirsch (DE), Mono Gonzalez (CL) presentation: Jos\u00e9 Segebre (MX)<\/p>\n<p>ENTRANCE free, a donation is thankfully accepted!<\/p>\n","protected":false},"excerpt":{"rendered":"<p>Dresden besitzt nicht erst mit den Friedrichst\u00e4dter RAUM CityBildern k\u00fcnstlerisch gestaltete W\u00e4nde \u2014 eine Open-Air-Galerie sozusagen. Etliche Arbeiten an \u00f6ffentlichen &hellip; <\/p>\n","protected":false},"author":2,"featured_media":0,"parent":1347,"menu_order":0,"comment_status":"open","ping_status":"open","template":"","meta":{"_acf_changed":false,"footnotes":""},"categories":[5],"class_list":["post-1368","page","type-page","status-publish","hentry","category-vortraege"],"acf":[],"_links":{"self":[{"href":"https:\/\/www.anartchy.com\/urbanscript\/wp-json\/wp\/v2\/pages\/1368","targetHints":{"allow":["GET"]}}],"collection":[{"href":"https:\/\/www.anartchy.com\/urbanscript\/wp-json\/wp\/v2\/pages"}],"about":[{"href":"https:\/\/www.anartchy.com\/urbanscript\/wp-json\/wp\/v2\/types\/page"}],"author":[{"embeddable":true,"href":"https:\/\/www.anartchy.com\/urbanscript\/wp-json\/wp\/v2\/users\/2"}],"replies":[{"embeddable":true,"href":"https:\/\/www.anartchy.com\/urbanscript\/wp-json\/wp\/v2\/comments?post=1368"}],"version-history":[{"count":1,"href":"https:\/\/www.anartchy.com\/urbanscript\/wp-json\/wp\/v2\/pages\/1368\/revisions"}],"predecessor-version":[{"id":1370,"href":"https:\/\/www.anartchy.com\/urbanscript\/wp-json\/wp\/v2\/pages\/1368\/revisions\/1370"}],"up":[{"embeddable":true,"href":"https:\/\/www.anartchy.com\/urbanscript\/wp-json\/wp\/v2\/pages\/1347"}],"wp:attachment":[{"href":"https:\/\/www.anartchy.com\/urbanscript\/wp-json\/wp\/v2\/media?parent=1368"}],"wp:term":[{"taxonomy":"category","embeddable":true,"href":"https:\/\/www.anartchy.com\/urbanscript\/wp-json\/wp\/v2\/categories?post=1368"}],"curies":[{"name":"wp","href":"https:\/\/api.w.org\/{rel}","templated":true}]}}