{"id":1347,"date":"2014-08-14T18:17:44","date_gmt":"2014-08-14T18:17:44","guid":{"rendered":"http:\/\/www.anartchy.com\/urbanscript\/?page_id=1347"},"modified":"2014-08-14T18:18:13","modified_gmt":"2014-08-14T18:18:13","slug":"time-for-murals","status":"publish","type":"page","link":"https:\/\/www.anartchy.com\/urbanscript\/2014-2\/time-for-murals\/","title":{"rendered":"Zeit f\u00fcr Wandmalereien \u2013 time for murals"},"content":{"rendered":"<p>Bisher fanden zahlreiche Wandbildprojekte in vielen St\u00e4dten Europas und dar\u00fcber hinaus statt. Ans\u00e4tze und Realisierungsmethoden \u00e4hneln sich hierbei, doch kam es bisher zu keiner umfangreichen Vernetzung und keinem gemeinsamen R\u00fcckblick der Projekte bzw. von deren Organisator_innen auf Erreichtes und Vers\u00e4umtes. Um anzufangen, dies zu \u00e4ndern, treffen sich in der Zeit vom 2. bis 8.10.2014 in Dresden Vertreter_innen verschiedener internationaler Mural-Projekte.<\/p>\n<p>Verschiedene Fragestellungen stehen im Fokus. Wohin f\u00fchren die Wandbildprojekte und was sind die W\u00fcnsche der Organisatoren, der K\u00fcnstler_innen und der Bewohner_innen der Stadt? Wie vermischen sich soziokulturelle Aspekte und rein k\u00fcnstlerische im Wandbild? Stehen Murals einerseits f\u00fcr positive Stadtteilentwicklung und sind sie andererseits Teil von Gentrifizierungskreisl\u00e4ufen? Wie reagiert die Kunst darauf?<\/p>\n<p>Neben den Workshops mit den Projektvertreter_innen gibt es zu diesen Themen \u00f6ffentliche Diskussionen und Mural-F\u00fchrungen.<\/p>\n<p>Im gleichen Zeitraum wird au\u00dferdem die Friedrichst\u00e4dter Open-Air-Galerie RAUM CityBilder vergr\u00f6\u00dfert. Mit den eingeladenen internationalen Muralisten sind zwei bis drei neue Wandbilder geplant. Diese werden wie auch die bisherigen CityBilder jeweils von zwei K\u00fcnstlern gemeinsam entworfen und realisiert.<\/p>\n<p>W\u00e4hrend der Entwurfsphase und der Realisierung der neuen Murals f\u00fcr die Friedrichstadt hat das tempor\u00e4re Mural-Artist Caf\u00e9 (Sch\u00e4ferstra\u00dfe 3a) ge\u00f6ffnet. Wer Lust hat mit den K\u00fcnstlern zu sprechen und einen Kaffee zu trinken, kann gern vorbei kommen.<\/p>\n<p>Teilnehmende Projekte sind:<\/p>\n<p>Museo A Cielo Abierto En San Miguel &#8211; Santiago de Chile \/ Chile<br \/>\nCityLeaks &#8211; K\u00f6ln \/ Deutschland<br \/>\nJuste Ici, Bien Urbain &#8211; Besan\u00e7on \/ Frankreich<br \/>\nIcone &#8211; Modena \/ Italien<br \/>\nGaleria Urban Forms &#8211; \u0141\u00f3d\u017a \/ Polen<br \/>\nOut of Sth &#8211; Wroc\u0142aw \/ Polen<br \/>\nRAUM CityBilder, riesa efau. Kultur Forum Dresden  &#8211; Dresden \/ Deutschland<\/p>\n<p>\u00d6ffnungszeiten: Mural-Artist Caf\u00e9 (Sch\u00e4ferstra\u00dfe 3a)<\/p>\n<p>2.10. 16 \u2013 18 Uhr<br \/>\n3.10. 14 \u2013 16 Uhr<br \/>\n4.10. 16 \u2013 18 Uhr<br \/>\n6.10. 16 \u2013 18 Uhr<br \/>\n7.10. 14 \u2013 16 Uhr<br \/>\n8.10. 14 \u2013 16 Uhr<\/p>\n","protected":false},"excerpt":{"rendered":"<p>Bisher fanden zahlreiche Wandbildprojekte in vielen St\u00e4dten Europas und dar\u00fcber hinaus statt. Ans\u00e4tze und Realisierungsmethoden \u00e4hneln sich hierbei, doch kam &hellip; <\/p>\n","protected":false},"author":2,"featured_media":0,"parent":627,"menu_order":0,"comment_status":"open","ping_status":"open","template":"","meta":{"_acf_changed":false,"footnotes":""},"categories":[14],"class_list":["post-1347","page","type-page","status-publish","hentry","category-projekte"],"acf":[],"_links":{"self":[{"href":"https:\/\/www.anartchy.com\/urbanscript\/wp-json\/wp\/v2\/pages\/1347","targetHints":{"allow":["GET"]}}],"collection":[{"href":"https:\/\/www.anartchy.com\/urbanscript\/wp-json\/wp\/v2\/pages"}],"about":[{"href":"https:\/\/www.anartchy.com\/urbanscript\/wp-json\/wp\/v2\/types\/page"}],"author":[{"embeddable":true,"href":"https:\/\/www.anartchy.com\/urbanscript\/wp-json\/wp\/v2\/users\/2"}],"replies":[{"embeddable":true,"href":"https:\/\/www.anartchy.com\/urbanscript\/wp-json\/wp\/v2\/comments?post=1347"}],"version-history":[{"count":2,"href":"https:\/\/www.anartchy.com\/urbanscript\/wp-json\/wp\/v2\/pages\/1347\/revisions"}],"predecessor-version":[{"id":1352,"href":"https:\/\/www.anartchy.com\/urbanscript\/wp-json\/wp\/v2\/pages\/1347\/revisions\/1352"}],"up":[{"embeddable":true,"href":"https:\/\/www.anartchy.com\/urbanscript\/wp-json\/wp\/v2\/pages\/627"}],"wp:attachment":[{"href":"https:\/\/www.anartchy.com\/urbanscript\/wp-json\/wp\/v2\/media?parent=1347"}],"wp:term":[{"taxonomy":"category","embeddable":true,"href":"https:\/\/www.anartchy.com\/urbanscript\/wp-json\/wp\/v2\/categories?post=1347"}],"curies":[{"name":"wp","href":"https:\/\/api.w.org\/{rel}","templated":true}]}}