{"id":1324,"date":"2014-07-11T09:23:47","date_gmt":"2014-07-11T09:23:47","guid":{"rendered":"http:\/\/www.anartchy.com\/urbanscript\/?page_id=1324"},"modified":"2014-08-11T13:00:43","modified_gmt":"2014-08-11T13:00:43","slug":"lackstreichekleber","status":"publish","type":"page","link":"https:\/\/www.anartchy.com\/urbanscript\/2014-2\/lackstreichekleber\/","title":{"rendered":"LackStreicheKleber"},"content":{"rendered":"<p>Erstes Urban-Art-Festival in Dresden<\/p>\n<p>Seit vielen Jahren finden in Dresden zahlreiche UrbanArt-Veranstaltungen statt. 2004 gab es die erste offizielle &#8222;StreetArt&#8220;-Ausstellung &#8211; \u201eFarbTonTage\u201c. 2006 startete Jens Besser die Veranstaltungsreihe \u201eurban script continues\u201c mit Vortr\u00e4gen, F\u00fchrungen, Ausstellung und Workshops. Der \u201ePaint Club\u201d organisiert in regelm\u00e4\u00dfigen Abst\u00e4nden Malwettk\u00e4mpfe zwischen lokalen, nationalen und internationalen UrbanArtists. J\u00e4hrlich treffen sich Writer aus ganz Deutschland und den Nachbarl\u00e4ndern und gestalten bei den \u201eUrban Syndromes\u201d zahlreiche legale W\u00e4nde mit hochwertigen Graffitis.<\/p>\n<p>2014 gibt es erstmals ein Urban-Art-Festival in Dresden geben, das viele lokale Akteure gemeinsam pr\u00e4sentiert. Es wird in einer Woche die Vielfalt der Dresdner Urban- Art-Szene gezeigt.<\/p>\n<p>In der Woche vom 04.-10. August vereint das Festival folgende Veranstaltungen:<br \/>\n&#8211; \u00f6ffentliche Wandbilder<br \/>\n&#8211; UrbanArt-F\u00fchrungen: <a href=\"https:\/\/www.facebook.com\/pages\/Jens-Besser\/317253701638382?sk=wall\/\" target=\"_blank\">Jens Besser<\/a> Friedrichstadt, <a href=\"https:\/\/www.facebook.com\/AndyK.Bandits\" target=\"_blank\">Andy K.<\/a> Neustadt<br \/>\n&#8211; Doppelausstellung: &#8222;LackeStreicheKleber&#8220; im <a href=\"http:\/\/www.altes-wettbuero.de\/\" target=\"_blank\">Alten Wettb\u00fcro<\/a> und <a href=\"http:\/\/galeriemodule.de\/\" target=\"_blank\">galerie module<\/a><br \/>\n&#8211; Live Pop-Up-Battle: <a href=\"http:\/\/the-paint-club.com\/\" target=\"_blank\">Paint Club<\/a> im Stadtraum<br \/>\n&#8211; Filmabend im <a href=\"http:\/\/www.thalia-dresden.de\/\" target=\"_blank\">Thalia<\/a> moderiert von <a href=\"http:\/\/jensbesser.blogspot.de\/\" target=\"_blank\">Jens Besser<\/a> und Eric Vogel<br \/>\n&#8211; Workshops zu Urban-Art-Techniken in <a href=\"http:\/\/holeoffame.blogspot.de\/\" target=\"_blank\">HOLE OF FAME<\/a> , <a href=\"http:\/\/www.spikedresden.de\/\" target=\"_blank\">SPIKE<\/a>, galerie module ( <a title=\"link zum Kurs reclaim the streets\" href=\"http:\/\/riesa-efau.de\/kunst-erfahren\/internationale-dresdner-sommerakademie\/2014\/kursprogramm\/kurs\/2014\/08\/04\/reclaim-the-street-1275\/\" target=\"_blank\">Teil der internationalen Sommerakadmie Dresden<\/a>)<br \/>\n&#8211; K\u00fcnstlermarkt und Auktion<\/p>\n<p>An zahlreichen \u00f6ffentlichen W\u00e4nden werden t\u00e4glich neue Wandbilder entstehen. An den Bemalungen werden sich zahlreiche Dresdner Urban-Art-Akteure beteiligen.<\/p>\n<p>Teilnehmende K\u00fcnstler:\u2028 <a href=\"https:\/\/www.facebook.com\/pages\/Artourette\/674155889276224\" target=\"_blank\">Artourette<\/a>, <a href=\"https:\/\/www.facebook.com\/benuz.guerrero?fref=ts\" target=\"_blank\">Ollin Benuz<\/a>, <a href=\"https:\/\/www.facebook.com\/pages\/Jens-Besser\/317253701638382?sk=wall\/\" target=\"_blank\">Jens Besser<\/a>, Cik, Cre-Ei8ht, <a href=\"https:\/\/www.facebook.com\/AndyK.Bandits\" target=\"_blank\">Andy K<\/a>, Optical Junkfood &#8211; Crew, <a href=\"https:\/\/www.facebook.com\/juststenciltheworld2?fref=ts\" target=\"_blank\">Just stencil the world<\/a>, KERA, <a href=\"https:\/\/www.facebook.com\/entotrefkjnhjvgh?fref=ts\" target=\"_blank\">Anders Reventlov<\/a>, <a href=\"https:\/\/www.facebook.com\/sokaruno?fref=ts\" target=\"_blank\">SOKAR UNO<\/a>, und viele andere.<\/p>\n<p>LackeStreicheKleber: 4. &#8211; 10.8.2014<\/p>\n<p>Die Ausstellungen \u00f6ffnen am 4.8.2014 um 18 Uhr in der galerie module, 20 Uhr im Wettb\u00fcro.<\/p>\n<p>\u00d6ffnungszeiten der Ausstellungen in galerie module : Dienstag &#8211; Sonntag 13 &#8211; 19 Uhr<\/p>\n<p>Alle weiteren Infos  <a href=\"http:\/\/tiny.cc\/LSK2014\" target=\"_blank\">hier<\/a><\/p>\n<p>Wer Interesse hat eine Fl\u00e4che mitzubemalen kann sich \u00fcber das Kontaktformular (unten) anmelden<\/p>\n","protected":false},"excerpt":{"rendered":"<p>Erstes Urban-Art-Festival in Dresden &#8211; 2014 gibt es erstmals ein Urban-Art-Festival in Dresden geben, das viele lokale Akteure gemeinsam pr\u00e4sentiert. &hellip; <\/p>\n","protected":false},"author":2,"featured_media":0,"parent":627,"menu_order":0,"comment_status":"open","ping_status":"open","template":"","meta":{"_acf_changed":false,"footnotes":""},"categories":[14],"class_list":["post-1324","page","type-page","status-publish","hentry","category-projekte"],"acf":[],"_links":{"self":[{"href":"https:\/\/www.anartchy.com\/urbanscript\/wp-json\/wp\/v2\/pages\/1324","targetHints":{"allow":["GET"]}}],"collection":[{"href":"https:\/\/www.anartchy.com\/urbanscript\/wp-json\/wp\/v2\/pages"}],"about":[{"href":"https:\/\/www.anartchy.com\/urbanscript\/wp-json\/wp\/v2\/types\/page"}],"author":[{"embeddable":true,"href":"https:\/\/www.anartchy.com\/urbanscript\/wp-json\/wp\/v2\/users\/2"}],"replies":[{"embeddable":true,"href":"https:\/\/www.anartchy.com\/urbanscript\/wp-json\/wp\/v2\/comments?post=1324"}],"version-history":[{"count":10,"href":"https:\/\/www.anartchy.com\/urbanscript\/wp-json\/wp\/v2\/pages\/1324\/revisions"}],"predecessor-version":[{"id":1342,"href":"https:\/\/www.anartchy.com\/urbanscript\/wp-json\/wp\/v2\/pages\/1324\/revisions\/1342"}],"up":[{"embeddable":true,"href":"https:\/\/www.anartchy.com\/urbanscript\/wp-json\/wp\/v2\/pages\/627"}],"wp:attachment":[{"href":"https:\/\/www.anartchy.com\/urbanscript\/wp-json\/wp\/v2\/media?parent=1324"}],"wp:term":[{"taxonomy":"category","embeddable":true,"href":"https:\/\/www.anartchy.com\/urbanscript\/wp-json\/wp\/v2\/categories?post=1324"}],"curies":[{"name":"wp","href":"https:\/\/api.w.org\/{rel}","templated":true}]}}