{"id":1296,"date":"2014-02-06T11:25:06","date_gmt":"2014-02-06T11:25:06","guid":{"rendered":"http:\/\/www.anartchy.com\/urbanscript\/?page_id=1296"},"modified":"2014-02-06T19:59:43","modified_gmt":"2014-02-06T19:59:43","slug":"postershow-ii-durchs-sieb-gejagt","status":"publish","type":"page","link":"https:\/\/www.anartchy.com\/urbanscript\/2009-2\/postershow-ii-durchs-sieb-gejagt\/","title":{"rendered":"Postershow II &#8211; Durch&#8217;s Sieb gejagt"},"content":{"rendered":"<p>&#8222;Durch&#8217;s Sieb gejagt&#8220; &#8211; SiebruckPosterAusstellung @ KOLONI Dresden<\/p>\n<p>Vor einem Jahr fand in KOLONI&#8217;s R\u00e4umen die &#8222;Postershow&#8220; statt &#8211; eine bunt zusammengew\u00fcrfelte Wandcollage mit zugeschickten Plakaten von K\u00fcnstlern aus Venezuela, Italien, Spanien, Ungarn, Frankreich und Deutschland. Alle Medien waren zugelassen &#8211; Siebruck, Stencil,Zeichnung,Copyshop,Freihandzeichnung &#8230;<\/p>\n<p>In diesem Jahr f\u00e4llt der Fokus auf ein Medium : Siebruck.<br \/>\nSiebdruckplakate im klassischen Sinne als Partyposter und Illustrationen , wie man sie von Lokalmatadoren \u00e0 la Lars P. Krause und von stickma.de kennt , sowie von le raclet aus Mailand.<br \/>\nErweitert wird des Spektrum durch Street-Art-Poster-Exponate von Jens Besser aka pixelpopulation.org und dem Berliner Siebdruckerp\u00e4rchen Various&amp;Gould.<br \/>\nIm Ausstellungsraum von KOLONI kombiniert werden die unterschiedlichen Siebdrucke eine F\u00fclle am visuellen Informationen verbreiten.<\/p>\n<p>Doch bis es soweit ist, wird noch fleissig gedruckt und massig Farbe durch&#8217;s Sieb gejagt !<\/p>\n<p>Er\u00f6ffnung 12.6.- 20 Uhr<\/p>\n<p>\u00d6ffnungszeiten: Sa. 16-20 , Di-Fr. 16-20 Uhr<\/p>\n<p>beteiligte K\u00fcnstler:<\/p>\n<p><a href=\"http:\/\/www.douze.de\/\" target=\"_blank\">lars p. krause<\/a> \/ dresden<br \/>\n<a href=\"http:\/\/www.leraclet.com\/#\/artists\/\" target=\"_blank\">le raclet<\/a> &#8211; all &#8211; stars \/ mailand<br \/>\n<a href=\"http:\/\/www.stickma.de\/\" target=\"_blank\">die siebdrucker<\/a> &#8211; all &#8211; stars \/ http:\/\/www.diesiebdrucker.de &amp; www.stickma.de\/ dresden<br \/>\n<a href=\"http:\/\/jensbesser.de\" target=\"_blank\">Jens Besser<\/a>\/ Dresden\/<br \/>\n<a href=\"http:\/\/www.variousandgould.com\/\" target=\"_blank\">Gould &amp; Various<\/a> \/ Berlin<br \/>\nOliver Friebel \/ Dresden<\/p>\n<p><strong>Bilder der Ausstellung<br \/>\n<\/strong><\/p>\n<p><img decoding=\"async\" src=\"https:\/\/www.anartchy.com\/urbanscript\/wp-content\/uploads\/bilder_juni_095.jpg\" alt=\"\" width=\"675\" \/><br \/>\nAusstellungsaufbau<\/p>\n<p><img decoding=\"async\" src=\"https:\/\/www.anartchy.com\/urbanscript\/wp-content\/uploads\/bilder_juni_130.jpg\" alt=\"\" width=\"675\" \/><br \/>\nWerbung auf Public Canvas<\/p>\n<p><img decoding=\"async\" src=\"https:\/\/www.anartchy.com\/urbanscript\/wp-content\/uploads\/bilder_juni_1281.jpg\" alt=\"\" width=\"675\" \/><br \/>\nAusstellungser\u00f6ffnung<\/p>\n<p><img decoding=\"async\" src=\"https:\/\/www.anartchy.com\/urbanscript\/wp-content\/uploads\/bilder_juni_106.jpg\" alt=\"\" width=\"675\" \/><br \/>\nBlick in den Vorraum mit Siebdruckinstallation von Jens Besser<\/p>\n<p><img decoding=\"async\" src=\"https:\/\/www.anartchy.com\/urbanscript\/wp-content\/uploads\/bilder_juni_108.jpg\" alt=\"\" width=\"675\" \/><br \/>\nWandbarbeit von Stickma \/ Die Siebdrucker (links) und Lars P. Krause (rechts)<\/p>\n<p><img decoding=\"async\" src=\"https:\/\/www.anartchy.com\/urbanscript\/wp-content\/uploads\/bilder_juni_130.jpg\" alt=\"\" width=\"675\" \/><br \/>\nWandarbeit und H\u00e4ngung von Lars P. Krause (rechts)<\/p>\n<p><img decoding=\"async\" src=\"https:\/\/www.anartchy.com\/urbanscript\/wp-content\/uploads\/bilder_juni_114.jpg\" alt=\"\" width=\"675\" \/><br \/>\nSiebdruckposter von Various und Gould und Foto<\/p>\n<p><img decoding=\"async\" src=\"https:\/\/www.anartchy.com\/urbanscript\/wp-content\/uploads\/bilder_juni_110.jpg\" alt=\"\" width=\"675\" \/><br \/>\nWerke vom Kollektiv Leraclet<\/p>\n","protected":false},"excerpt":{"rendered":"<p>&#8230;. In diesem Jahr f\u00e4llt der Fokus auf ein Medium : Siebruck. Siebdruckplakate im klassischen Sinne als Partyposter und Illustrationen &hellip; <\/p>\n","protected":false},"author":2,"featured_media":0,"parent":1056,"menu_order":10,"comment_status":"open","ping_status":"open","template":"","meta":{"_acf_changed":false,"footnotes":""},"categories":[1],"class_list":["post-1296","page","type-page","status-publish","hentry","category-ausstellungen"],"acf":[],"_links":{"self":[{"href":"https:\/\/www.anartchy.com\/urbanscript\/wp-json\/wp\/v2\/pages\/1296","targetHints":{"allow":["GET"]}}],"collection":[{"href":"https:\/\/www.anartchy.com\/urbanscript\/wp-json\/wp\/v2\/pages"}],"about":[{"href":"https:\/\/www.anartchy.com\/urbanscript\/wp-json\/wp\/v2\/types\/page"}],"author":[{"embeddable":true,"href":"https:\/\/www.anartchy.com\/urbanscript\/wp-json\/wp\/v2\/users\/2"}],"replies":[{"embeddable":true,"href":"https:\/\/www.anartchy.com\/urbanscript\/wp-json\/wp\/v2\/comments?post=1296"}],"version-history":[{"count":5,"href":"https:\/\/www.anartchy.com\/urbanscript\/wp-json\/wp\/v2\/pages\/1296\/revisions"}],"predecessor-version":[{"id":1312,"href":"https:\/\/www.anartchy.com\/urbanscript\/wp-json\/wp\/v2\/pages\/1296\/revisions\/1312"}],"up":[{"embeddable":true,"href":"https:\/\/www.anartchy.com\/urbanscript\/wp-json\/wp\/v2\/pages\/1056"}],"wp:attachment":[{"href":"https:\/\/www.anartchy.com\/urbanscript\/wp-json\/wp\/v2\/media?parent=1296"}],"wp:term":[{"taxonomy":"category","embeddable":true,"href":"https:\/\/www.anartchy.com\/urbanscript\/wp-json\/wp\/v2\/categories?post=1296"}],"curies":[{"name":"wp","href":"https:\/\/api.w.org\/{rel}","templated":true}]}}