{"id":1282,"date":"2014-02-06T10:51:11","date_gmt":"2014-02-06T10:51:11","guid":{"rendered":"http:\/\/www.anartchy.com\/urbanscript\/?page_id=1282"},"modified":"2014-02-06T10:51:11","modified_gmt":"2014-02-06T10:51:11","slug":"streetart-fahrrad-rundfahrt-zum-thema-leipziger-streetart-spurensuche","status":"publish","type":"page","link":"https:\/\/www.anartchy.com\/urbanscript\/2008-2\/urban-script-continous\/streetart-fahrrad-rundfahrt-zum-thema-leipziger-streetart-spurensuche\/","title":{"rendered":"Streetart Fahrrad-Rundfahrt zum Thema Leipziger StreetArt &#8211; Spurensuche"},"content":{"rendered":"<p>in Kooperation mit dem <a href=\"http:\/\/www.garten-leipzig.net\/externalPage.asp?mm=size2&#038;pURL=archiv.zwischengruen.de\/site\/2008\/index.php&#038;bUrl=stiftung\/garten_archiv_uebersicht.asp&#038;pt=Archiv%20Zwischengr%FCn%202008\" target=\"_blank\">Zwischengr\u00fcn-Festival<\/a> <\/p>\n<p>StreetArt als gro\u00dfst\u00e4dtische Kunstform hat auch in Leipzig seine Spuren hinterlassen. Erste Interventionen fanden kurz nach der Wende einzug , franz\u00f6sische Pochoiristen hinterliessen viel Werke. Erst 10 Jahre sp\u00e4ter werden lokale K\u00fcnstler im umfangreichen Masse aktiv &#8211; Sie plakatieren, schablonieren , installieren.Trotz  immer st\u00e4rkeren staatlichen Repressionen h\u00e4lt der Street-Art-Hype an und auf den Strassen der Messestadt entsteht eine immer umfangreichere offene Gallerie. <\/p>\n<p>Die Rundfahrt zeigt wo StreetArt sich versteckt oder ins Auge springt. Jens Besser wird als erfahrener Guide viele Hintergrundinfos f\u00fcr Interessierte parat haben. <\/p>\n","protected":false},"excerpt":{"rendered":"<p>StreetArt als gro\u00dfst\u00e4dtische Kunstform hat auch in Leipzig seine Spuren hinterlassen. Erste Interventionen fanden kurz nach der Wende einzug , &hellip; <\/p>\n","protected":false},"author":2,"featured_media":0,"parent":951,"menu_order":0,"comment_status":"open","ping_status":"open","template":"","meta":{"_acf_changed":false,"footnotes":""},"categories":[4],"class_list":["post-1282","page","type-page","status-publish","hentry","category-fuehrungen"],"acf":[],"_links":{"self":[{"href":"https:\/\/www.anartchy.com\/urbanscript\/wp-json\/wp\/v2\/pages\/1282","targetHints":{"allow":["GET"]}}],"collection":[{"href":"https:\/\/www.anartchy.com\/urbanscript\/wp-json\/wp\/v2\/pages"}],"about":[{"href":"https:\/\/www.anartchy.com\/urbanscript\/wp-json\/wp\/v2\/types\/page"}],"author":[{"embeddable":true,"href":"https:\/\/www.anartchy.com\/urbanscript\/wp-json\/wp\/v2\/users\/2"}],"replies":[{"embeddable":true,"href":"https:\/\/www.anartchy.com\/urbanscript\/wp-json\/wp\/v2\/comments?post=1282"}],"version-history":[{"count":1,"href":"https:\/\/www.anartchy.com\/urbanscript\/wp-json\/wp\/v2\/pages\/1282\/revisions"}],"predecessor-version":[{"id":1285,"href":"https:\/\/www.anartchy.com\/urbanscript\/wp-json\/wp\/v2\/pages\/1282\/revisions\/1285"}],"up":[{"embeddable":true,"href":"https:\/\/www.anartchy.com\/urbanscript\/wp-json\/wp\/v2\/pages\/951"}],"wp:attachment":[{"href":"https:\/\/www.anartchy.com\/urbanscript\/wp-json\/wp\/v2\/media?parent=1282"}],"wp:term":[{"taxonomy":"category","embeddable":true,"href":"https:\/\/www.anartchy.com\/urbanscript\/wp-json\/wp\/v2\/categories?post=1282"}],"curies":[{"name":"wp","href":"https:\/\/api.w.org\/{rel}","templated":true}]}}