{"id":1279,"date":"2014-02-06T10:46:06","date_gmt":"2014-02-06T10:46:06","guid":{"rendered":"http:\/\/www.anartchy.com\/urbanscript\/?page_id=1279"},"modified":"2014-02-06T10:46:06","modified_gmt":"2014-02-06T10:46:06","slug":"gegen-die-wand-objekte-in-der-street-art-2","status":"publish","type":"page","link":"https:\/\/www.anartchy.com\/urbanscript\/2008-2\/urban-script-continous\/gegen-die-wand-objekte-in-der-street-art-2\/","title":{"rendered":"Gegen die Wand \u2013 Objekte in der Street Art"},"content":{"rendered":"<p>Die Zeit in der sich Streetart nur auf Poster, Aufkleber und Stencils reduzieren lies, ist l\u00e4ngst vorbei. Mittlerweile gibt es eine Vielzahl von K\u00fcnstlern die sich von der Wand als Projektionsfl\u00e4che verabschiedet hat und direkt im Raum arbeitet. Dabei kommen auch v\u00f6llig neue Medien, wie Soundcollagen und gestrickte Objekte, zum Einsatz. Der Vortrag liefert einen \u00dcberblick und zeigt Tendenzen in diesem Bereich der Streetart.<\/p>\n","protected":false},"excerpt":{"rendered":"<p>Die Zeit in der sich Streetart nur auf Poster, Aufkleber und Stencils reduzieren lies, ist l\u00e4ngst vorbei. Mittlerweile gibt es &hellip; <\/p>\n","protected":false},"author":2,"featured_media":0,"parent":951,"menu_order":0,"comment_status":"open","ping_status":"open","template":"","meta":{"_acf_changed":false,"footnotes":""},"categories":[5],"class_list":["post-1279","page","type-page","status-publish","hentry","category-vortraege"],"acf":[],"_links":{"self":[{"href":"https:\/\/www.anartchy.com\/urbanscript\/wp-json\/wp\/v2\/pages\/1279","targetHints":{"allow":["GET"]}}],"collection":[{"href":"https:\/\/www.anartchy.com\/urbanscript\/wp-json\/wp\/v2\/pages"}],"about":[{"href":"https:\/\/www.anartchy.com\/urbanscript\/wp-json\/wp\/v2\/types\/page"}],"author":[{"embeddable":true,"href":"https:\/\/www.anartchy.com\/urbanscript\/wp-json\/wp\/v2\/users\/2"}],"replies":[{"embeddable":true,"href":"https:\/\/www.anartchy.com\/urbanscript\/wp-json\/wp\/v2\/comments?post=1279"}],"version-history":[{"count":1,"href":"https:\/\/www.anartchy.com\/urbanscript\/wp-json\/wp\/v2\/pages\/1279\/revisions"}],"predecessor-version":[{"id":1281,"href":"https:\/\/www.anartchy.com\/urbanscript\/wp-json\/wp\/v2\/pages\/1279\/revisions\/1281"}],"up":[{"embeddable":true,"href":"https:\/\/www.anartchy.com\/urbanscript\/wp-json\/wp\/v2\/pages\/951"}],"wp:attachment":[{"href":"https:\/\/www.anartchy.com\/urbanscript\/wp-json\/wp\/v2\/media?parent=1279"}],"wp:term":[{"taxonomy":"category","embeddable":true,"href":"https:\/\/www.anartchy.com\/urbanscript\/wp-json\/wp\/v2\/categories?post=1279"}],"curies":[{"name":"wp","href":"https:\/\/api.w.org\/{rel}","templated":true}]}}